{"id":738,"date":"2022-03-08T11:06:31","date_gmt":"2022-03-08T03:06:31","guid":{"rendered":"https:\/\/sdmetalshed.com\/?post_type=product&#038;p=738"},"modified":"2022-03-08T16:09:17","modified_gmt":"2022-03-08T08:09:17","slug":"patio-exterior-de-doble-nivel-de-aluminio-bbq-cubierta-cenador-con-2-estantes-separadas-para-servir","status":"publish","type":"product","link":"https:\/\/sdmetalshed.com\/es\/product\/outdoor-patio-double-tier-aluminium-bbq-canopy-gazebo-with-2-separate-shelves-for-serving\/","title":{"rendered":"Gazebo de aluminio con dosel para barbacoa de dos niveles para patio al aire libre con 2 estantes separados para servir"},"content":{"rendered":"","protected":false},"excerpt":{"rendered":"<p>\u00bfEst\u00e1s cansado de que te hagan una barbacoa mientras haces una barbacoa? Esta glorieta para barbacoa con techo r\u00edgido lo mantendr\u00e1 fresco mientras cocina a la parrilla. El techo de policarbonato de nuestra glorieta para barbacoa es resistente a los rayos UV y a la lluvia para que pueda hacer barbacoas en cualquier momento que desee. Adem\u00e1s, nos aseguramos de incluir estantes laterales y ganchos con el dosel del patio, para que sea f\u00e1cil guardar platos y herramientas en un solo lugar. Adem\u00e1s, con un dise\u00f1o de techo de 2 niveles, toda la carpa para barbacoa est\u00e1 bien ventilada. Divi\u00e9rtete y cocina deliciosa comida en paz con nuestro dosel para barbacoa.<\/p>","protected":false},"featured_media":739,"template":"","meta":{"_kad_post_transparent":"default","_kad_post_title":"","_kad_post_layout":"default","_kad_post_sidebar_id":"","_kad_post_content_style":"default","_kad_post_vertical_padding":"default","_kad_post_feature":"","_kad_post_feature_position":"","_kad_post_header":false,"_kad_post_footer":false,"_kad_post_classname":""},"product_brand":[],"product_cat":[30,29],"product_tag":[238,243,244,239,240,241,242],"class_list":{"0":"post-738","1":"product","2":"type-product","3":"status-publish","4":"has-post-thumbnail","6":"product_cat-aluminum-gazebo","7":"product_cat-metal-products","8":"product_tag-aluminium-bbq-canopy","9":"product_tag-double-tier-bbq-canopy","10":"product_tag-double-tier-bbq-gazebo","11":"product_tag-outdoor-bbq-canopy","12":"product_tag-outdoor-bbq-gazebo","13":"product_tag-patio-bbq-canopy","14":"product_tag-patio-bbq-gazebo","16":"first","17":"instock","18":"featured","19":"shipping-taxable","20":"product-type-simple","21":"entry","22":"content-bg","23":"loop-entry"},"_links":{"self":[{"href":"https:\/\/sdmetalshed.com\/es\/wp-json\/wp\/v2\/product\/738","targetHints":{"allow":["GET"]}}],"collection":[{"href":"https:\/\/sdmetalshed.com\/es\/wp-json\/wp\/v2\/product"}],"about":[{"href":"https:\/\/sdmetalshed.com\/es\/wp-json\/wp\/v2\/types\/product"}],"wp:featuredmedia":[{"embeddable":true,"href":"https:\/\/sdmetalshed.com\/es\/wp-json\/wp\/v2\/media\/739"}],"wp:attachment":[{"href":"https:\/\/sdmetalshed.com\/es\/wp-json\/wp\/v2\/media?parent=738"}],"wp:term":[{"taxonomy":"product_brand","embeddable":true,"href":"https:\/\/sdmetalshed.com\/es\/wp-json\/wp\/v2\/product_brand?post=738"},{"taxonomy":"product_cat","embeddable":true,"href":"https:\/\/sdmetalshed.com\/es\/wp-json\/wp\/v2\/product_cat?post=738"},{"taxonomy":"product_tag","embeddable":true,"href":"https:\/\/sdmetalshed.com\/es\/wp-json\/wp\/v2\/product_tag?post=738"}],"curies":[{"name":"wp","href":"https:\/\/api.w.org\/{rel}","templated":true}]}}