{"id":745,"date":"2022-03-08T11:47:07","date_gmt":"2022-03-08T03:47:07","guid":{"rendered":"https:\/\/sdmetalshed.com\/?post_type=product&#038;p=745"},"modified":"2022-03-08T16:09:10","modified_gmt":"2022-03-08T08:09:10","slug":"fabrica-china-hardtop-aluminio-acero-fiesta-jardin-santorini-exterior-jardin-cenador","status":"publish","type":"product","link":"https:\/\/sdmetalshed.com\/es\/product\/china-factory-hardtop-aluminum-steel-party-garden-santorini-outdoor-garden-gazebo\/","title":{"rendered":"Cenador de jard\u00edn al aire libre de Santorini, jard\u00edn de fiesta de acero y aluminio con techo r\u00edgido de f\u00e1brica de China"},"content":{"rendered":"","protected":false},"excerpt":{"rendered":"<p>Decora tu espacio exterior con este bonito cenador. Las curvas y el elegante acabado de este refugio combinar\u00e1n perfectamente con su decoraci\u00f3n y le invitar\u00e1n a relajarse con amigos o familiares. A trav\u00e9s de la mosquitera de malla de PVC, el duradero techo de acero galvanizado y el marco de aluminio con recubrimiento en polvo de alta calidad, podr\u00e1 disfrutar del aire libre.<\/p>","protected":false},"featured_media":746,"template":"","meta":{"_kad_post_transparent":"default","_kad_post_title":"","_kad_post_layout":"default","_kad_post_sidebar_id":"","_kad_post_content_style":"default","_kad_post_vertical_padding":"default","_kad_post_feature":"","_kad_post_feature_position":"","_kad_post_header":false,"_kad_post_footer":false,"_kad_post_classname":""},"product_brand":[],"product_cat":[30,29],"product_tag":[247,246,248,245],"class_list":{"0":"post-745","1":"product","2":"type-product","3":"status-publish","4":"has-post-thumbnail","6":"product_cat-aluminum-gazebo","7":"product_cat-metal-products","8":"product_tag-aluminum-garden-outdoor-gazebo","9":"product_tag-hardtop-garden-outdoor-gazebo","10":"product_tag-party-outdoor-garden-gazebo","11":"product_tag-santorini-outdoor-garden-gazebo","13":"first","14":"instock","15":"featured","16":"shipping-taxable","17":"product-type-simple","18":"entry","19":"content-bg","20":"loop-entry"},"_links":{"self":[{"href":"https:\/\/sdmetalshed.com\/es\/wp-json\/wp\/v2\/product\/745","targetHints":{"allow":["GET"]}}],"collection":[{"href":"https:\/\/sdmetalshed.com\/es\/wp-json\/wp\/v2\/product"}],"about":[{"href":"https:\/\/sdmetalshed.com\/es\/wp-json\/wp\/v2\/types\/product"}],"wp:featuredmedia":[{"embeddable":true,"href":"https:\/\/sdmetalshed.com\/es\/wp-json\/wp\/v2\/media\/746"}],"wp:attachment":[{"href":"https:\/\/sdmetalshed.com\/es\/wp-json\/wp\/v2\/media?parent=745"}],"wp:term":[{"taxonomy":"product_brand","embeddable":true,"href":"https:\/\/sdmetalshed.com\/es\/wp-json\/wp\/v2\/product_brand?post=745"},{"taxonomy":"product_cat","embeddable":true,"href":"https:\/\/sdmetalshed.com\/es\/wp-json\/wp\/v2\/product_cat?post=745"},{"taxonomy":"product_tag","embeddable":true,"href":"https:\/\/sdmetalshed.com\/es\/wp-json\/wp\/v2\/product_tag?post=745"}],"curies":[{"name":"wp","href":"https:\/\/api.w.org\/{rel}","templated":true}]}}