{"id":752,"date":"2022-03-08T13:46:25","date_gmt":"2022-03-08T05:46:25","guid":{"rendered":"https:\/\/sdmetalshed.com\/?post_type=product&#038;p=752"},"modified":"2022-03-08T16:09:03","modified_gmt":"2022-03-08T08:09:03","slug":"choutdoor-aluminio-patio-jardin-cenador-con-luz-solar-led-magnetica-y-mosquitero","status":"publish","type":"product","link":"https:\/\/sdmetalshed.com\/es\/product\/outdoor-aluminum-patio-garden-gazebo-with-magnet-led-solar-light-and-mosquito-net\/","title":{"rendered":"Gazebo de aluminio para jard\u00edn y patio al aire libre con luz solar LED magn\u00e9tica y mosquitera"},"content":{"rendered":"","protected":false},"excerpt":{"rendered":"<p>La elegante carpa tipo mirador con dosel convertir\u00e1 su jard\u00edn en un punto focal sofisticado y funcional con una apariencia elegante y un dise\u00f1o considerado. La vida est\u00e1 hecha para disfrutarla al aire libre.<\/p>","protected":false},"featured_media":753,"template":"","meta":{"_kad_post_transparent":"default","_kad_post_title":"","_kad_post_layout":"default","_kad_post_sidebar_id":"","_kad_post_content_style":"default","_kad_post_vertical_padding":"default","_kad_post_feature":"","_kad_post_feature_position":"","_kad_post_header":false,"_kad_post_footer":false,"_kad_post_classname":""},"product_brand":[],"product_cat":[30,29],"product_tag":[249],"class_list":{"0":"post-752","1":"product","2":"type-product","3":"status-publish","4":"has-post-thumbnail","6":"product_cat-aluminum-gazebo","7":"product_cat-metal-products","8":"product_tag-garden-gazebo-with-magnet-led-solar-light","10":"first","11":"instock","12":"featured","13":"shipping-taxable","14":"product-type-simple","15":"entry","16":"content-bg","17":"loop-entry"},"_links":{"self":[{"href":"https:\/\/sdmetalshed.com\/es\/wp-json\/wp\/v2\/product\/752","targetHints":{"allow":["GET"]}}],"collection":[{"href":"https:\/\/sdmetalshed.com\/es\/wp-json\/wp\/v2\/product"}],"about":[{"href":"https:\/\/sdmetalshed.com\/es\/wp-json\/wp\/v2\/types\/product"}],"wp:featuredmedia":[{"embeddable":true,"href":"https:\/\/sdmetalshed.com\/es\/wp-json\/wp\/v2\/media\/753"}],"wp:attachment":[{"href":"https:\/\/sdmetalshed.com\/es\/wp-json\/wp\/v2\/media?parent=752"}],"wp:term":[{"taxonomy":"product_brand","embeddable":true,"href":"https:\/\/sdmetalshed.com\/es\/wp-json\/wp\/v2\/product_brand?post=752"},{"taxonomy":"product_cat","embeddable":true,"href":"https:\/\/sdmetalshed.com\/es\/wp-json\/wp\/v2\/product_cat?post=752"},{"taxonomy":"product_tag","embeddable":true,"href":"https:\/\/sdmetalshed.com\/es\/wp-json\/wp\/v2\/product_tag?post=752"}],"curies":[{"name":"wp","href":"https:\/\/api.w.org\/{rel}","templated":true}]}}