{"id":766,"date":"2022-03-08T14:45:12","date_gmt":"2022-03-08T06:45:12","guid":{"rendered":"https:\/\/sdmetalshed.com\/?post_type=product&#038;p=766"},"modified":"2022-03-08T16:08:48","modified_gmt":"2022-03-08T08:08:48","slug":"cenador-de-aluminio-con-doble-techo-duro-y-toldo-con-mosquitera-y-cortinas","status":"publish","type":"product","link":"https:\/\/sdmetalshed.com\/es\/product\/outdoor-double-roof-hardtop-gazebo-canopy-aluminum-pergolas-with-netting-and-curtains\/","title":{"rendered":"Gazebo con techo r\u00edgido de doble techo para exteriores, p\u00e9rgolas de aluminio con redes y cortinas"},"content":{"rendered":"","protected":false},"excerpt":{"rendered":"<p>Cuando se trata de mantener frescos los asientos o la mesa al aire libre protegida de la lluvia, ninguna pieza hace el mismo trabajo que una glorieta como esta. Fabricada con un marco de aluminio con recubrimiento en polvo y cubierta con un techo de pl\u00e1stico, esta pieza es perfecta para resistir la lluvia, el clima y la luz ultravioleta. Y con la red de malla incluida, puede mantener alejados f\u00e1cilmente a los insectos y plagas mientras disfruta del aire libre. Esta glorieta est\u00e1 dise\u00f1ada para usarse durante todo el a\u00f1o y debe anclarse a una base, terraza o patio para su uso.<\/p>","protected":false},"featured_media":767,"template":"","meta":{"_kad_post_transparent":"default","_kad_post_title":"","_kad_post_layout":"default","_kad_post_sidebar_id":"","_kad_post_content_style":"default","_kad_post_vertical_padding":"default","_kad_post_feature":"","_kad_post_feature_position":"","_kad_post_header":false,"_kad_post_footer":false,"_kad_post_classname":""},"product_brand":[],"product_cat":[30,29],"product_tag":[259,52,257,256,258,233],"class_list":{"0":"post-766","1":"product","2":"type-product","3":"status-publish","4":"has-post-thumbnail","6":"product_cat-aluminum-gazebo","7":"product_cat-metal-products","8":"product_tag-aluminum-double-roof-hardtop-gazebo","9":"product_tag-double-roof-hardtop-gazebo","10":"product_tag-outdoor-double-roof-hardtop-canopy","11":"product_tag-outdoor-double-roof-hardtop-gazebo","12":"product_tag-outdoor-double-roof-hardtop-pergolas","13":"product_tag-outdoor-hardtop-gazebo","15":"first","16":"instock","17":"featured","18":"shipping-taxable","19":"product-type-simple","20":"entry","21":"content-bg","22":"loop-entry"},"_links":{"self":[{"href":"https:\/\/sdmetalshed.com\/es\/wp-json\/wp\/v2\/product\/766","targetHints":{"allow":["GET"]}}],"collection":[{"href":"https:\/\/sdmetalshed.com\/es\/wp-json\/wp\/v2\/product"}],"about":[{"href":"https:\/\/sdmetalshed.com\/es\/wp-json\/wp\/v2\/types\/product"}],"wp:featuredmedia":[{"embeddable":true,"href":"https:\/\/sdmetalshed.com\/es\/wp-json\/wp\/v2\/media\/767"}],"wp:attachment":[{"href":"https:\/\/sdmetalshed.com\/es\/wp-json\/wp\/v2\/media?parent=766"}],"wp:term":[{"taxonomy":"product_brand","embeddable":true,"href":"https:\/\/sdmetalshed.com\/es\/wp-json\/wp\/v2\/product_brand?post=766"},{"taxonomy":"product_cat","embeddable":true,"href":"https:\/\/sdmetalshed.com\/es\/wp-json\/wp\/v2\/product_cat?post=766"},{"taxonomy":"product_tag","embeddable":true,"href":"https:\/\/sdmetalshed.com\/es\/wp-json\/wp\/v2\/product_tag?post=766"}],"curies":[{"name":"wp","href":"https:\/\/api.w.org\/{rel}","templated":true}]}}