{"id":895,"date":"2022-07-29T16:14:11","date_gmt":"2022-07-29T08:14:11","guid":{"rendered":"https:\/\/sdmetalshed.com\/?post_type=product&#038;p=895"},"modified":"2022-08-08T10:48:01","modified_gmt":"2022-08-08T02:48:01","slug":"pabellon-de-lujo-con-apariencia-de-madera-de-33-m-con-mosquitera-y-cortinas-doble-techo-impermeable-pergolas-estructura-de-aluminio-pabellon-de-patio","status":"publish","type":"product","link":"https:\/\/sdmetalshed.com\/es\/product\/luxury-wooden-like-33-m-hardtop-gazebo-with-netting-and-curtains-double-waterproof-roof-pergolas-aluminum-frame-patio-gazebo\/","title":{"rendered":"Gazebo de madera de lujo de 3x3 M con techo r\u00edgido, redes y cortinas, p\u00e9rgolas de techo dobles impermeables, marco de aluminio, Gazebo para Patio"},"content":{"rendered":"","protected":false},"excerpt":{"rendered":"<p>Nuestro cenador de patio est\u00e1 dise\u00f1ado con redes. El cenador est\u00e1 hecho de un marco de aluminio inoxidable y una tela impermeable y resistente a la decoloraci\u00f3n para protegerlo de la lluvia y el sol. El elegante cenador es una excelente opci\u00f3n para disfrutar de la vida en el buen momento.<\/p>","protected":false},"featured_media":896,"template":"","meta":{"_kad_post_transparent":"default","_kad_post_title":"","_kad_post_layout":"default","_kad_post_sidebar_id":"","_kad_post_content_style":"default","_kad_post_vertical_padding":"default","_kad_post_feature":"","_kad_post_feature_position":"","_kad_post_header":false,"_kad_post_footer":false,"_kad_post_classname":""},"product_brand":[],"product_cat":[30,29],"product_tag":[235,236,237,233,234],"class_list":{"0":"post-895","1":"product","2":"type-product","3":"status-publish","4":"has-post-thumbnail","6":"product_cat-aluminum-gazebo","7":"product_cat-metal-products","8":"product_tag-backyard-hardtop-gazebo","9":"product_tag-garden-hardtop-gazebo","10":"product_tag-lawn-hardtop-gazebo","11":"product_tag-outdoor-hardtop-gazebo","12":"product_tag-patios-hardtop-gazebo","14":"first","15":"instock","16":"shipping-taxable","17":"product-type-simple","18":"entry","19":"content-bg","20":"loop-entry"},"_links":{"self":[{"href":"https:\/\/sdmetalshed.com\/es\/wp-json\/wp\/v2\/product\/895","targetHints":{"allow":["GET"]}}],"collection":[{"href":"https:\/\/sdmetalshed.com\/es\/wp-json\/wp\/v2\/product"}],"about":[{"href":"https:\/\/sdmetalshed.com\/es\/wp-json\/wp\/v2\/types\/product"}],"wp:featuredmedia":[{"embeddable":true,"href":"https:\/\/sdmetalshed.com\/es\/wp-json\/wp\/v2\/media\/896"}],"wp:attachment":[{"href":"https:\/\/sdmetalshed.com\/es\/wp-json\/wp\/v2\/media?parent=895"}],"wp:term":[{"taxonomy":"product_brand","embeddable":true,"href":"https:\/\/sdmetalshed.com\/es\/wp-json\/wp\/v2\/product_brand?post=895"},{"taxonomy":"product_cat","embeddable":true,"href":"https:\/\/sdmetalshed.com\/es\/wp-json\/wp\/v2\/product_cat?post=895"},{"taxonomy":"product_tag","embeddable":true,"href":"https:\/\/sdmetalshed.com\/es\/wp-json\/wp\/v2\/product_tag?post=895"}],"curies":[{"name":"wp","href":"https:\/\/api.w.org\/{rel}","templated":true}]}}