{"id":908,"date":"2022-08-01T16:33:20","date_gmt":"2022-08-01T08:33:20","guid":{"rendered":"https:\/\/sdmetalshed.com\/?post_type=product&#038;p=908"},"modified":"2024-04-03T11:34:21","modified_gmt":"2024-04-03T03:34:21","slug":"pabellon-de-aluminio-con-cortinas-y-mosquitera-de-10x13-pies-con-doble-techo-de-acero-y-tapa-dura-para-jardin-outdoor-aluminium","status":"publish","type":"product","link":"https:\/\/sdmetalshed.com\/es\/product\/10x13ft-outdoor-double-steel-roof-hard-top-canopy-curtains-aluminum-gazebo-with-netting-for-garden-outdooraluminum\/","title":{"rendered":"Gazebo de aluminio con techo duro de doble techo de acero para exteriores, 10x13 pies, cortinas, cenador con red para jard\u00edn, exterior, aluminio"},"content":{"rendered":"","protected":false},"excerpt":{"rendered":"<p>Nuestro cenador de patio est\u00e1 dise\u00f1ado con redes. La glorieta est\u00e1 hecha de un marco de aluminio inoxidable y una tela impermeable y resistente a la decoloraci\u00f3n para proteger de la lluvia y el sol. El elegante cenador es una excelente opci\u00f3n para disfrutar de la vida a su debido tiempo. Es muy c\u00f3modo y facilita sentarse y hablar, relajarse, reunirse y organizar fiestas.<\/p>","protected":false},"featured_media":900,"template":"","meta":{"_kad_post_transparent":"default","_kad_post_title":"","_kad_post_layout":"default","_kad_post_sidebar_id":"","_kad_post_content_style":"default","_kad_post_vertical_padding":"default","_kad_post_feature":"","_kad_post_feature_position":"","_kad_post_header":false,"_kad_post_footer":false,"_kad_post_classname":""},"product_brand":[],"product_cat":[30,29],"product_tag":[274,235,275,276],"class_list":{"0":"post-908","1":"product","2":"type-product","3":"status-publish","4":"has-post-thumbnail","6":"product_cat-aluminum-gazebo","7":"product_cat-metal-products","8":"product_tag-aluminum-frame-gazebo","9":"product_tag-backyard-hardtop-gazebo","10":"product_tag-gavanized-garden-patio","11":"product_tag-hardtop-waterproof-gazebo","13":"first","14":"instock","15":"shipping-taxable","16":"product-type-simple","17":"entry","18":"content-bg","19":"loop-entry"},"_links":{"self":[{"href":"https:\/\/sdmetalshed.com\/es\/wp-json\/wp\/v2\/product\/908","targetHints":{"allow":["GET"]}}],"collection":[{"href":"https:\/\/sdmetalshed.com\/es\/wp-json\/wp\/v2\/product"}],"about":[{"href":"https:\/\/sdmetalshed.com\/es\/wp-json\/wp\/v2\/types\/product"}],"wp:featuredmedia":[{"embeddable":true,"href":"https:\/\/sdmetalshed.com\/es\/wp-json\/wp\/v2\/media\/900"}],"wp:attachment":[{"href":"https:\/\/sdmetalshed.com\/es\/wp-json\/wp\/v2\/media?parent=908"}],"wp:term":[{"taxonomy":"product_brand","embeddable":true,"href":"https:\/\/sdmetalshed.com\/es\/wp-json\/wp\/v2\/product_brand?post=908"},{"taxonomy":"product_cat","embeddable":true,"href":"https:\/\/sdmetalshed.com\/es\/wp-json\/wp\/v2\/product_cat?post=908"},{"taxonomy":"product_tag","embeddable":true,"href":"https:\/\/sdmetalshed.com\/es\/wp-json\/wp\/v2\/product_tag?post=908"}],"curies":[{"name":"wp","href":"https:\/\/api.w.org\/{rel}","templated":true}]}}