{"id":921,"date":"2022-08-01T17:20:32","date_gmt":"2022-08-01T09:20:32","guid":{"rendered":"https:\/\/sdmetalshed.com\/?post_type=product&#038;p=921"},"modified":"2022-08-01T17:24:02","modified_gmt":"2022-08-01T09:24:02","slug":"venta-caliente-al-aire-libre-tamano-de-10x12-pies-caseta-de-jardin-de-metal-de-acero-para-el-patio-trasero-con-puerta-corrediza","status":"publish","type":"product","link":"https:\/\/sdmetalshed.com\/es\/product\/hot-sale-outdoor-size-of-10x12-ft-steel-metal-garden-shed-for-backyard-with-sliding-door\/","title":{"rendered":"Gran oferta de cobertizo de jard\u00edn de metal de acero de 10 \u00d7 12 pies para patio trasero con puerta corredera de tama\u00f1o exterior"},"content":{"rendered":"","protected":false},"excerpt":{"rendered":"<p>Agregue f\u00e1cilmente espacio de almacenamiento y valor a su propiedad con un cobertizo de jard\u00edn al aire libre. El cobertizo de almacenamiento de herramientas de metal tiene distintas ventajas sobre los modelos tradicionales de madera que lo convierten en una opci\u00f3n de compra mucho m\u00e1s atractiva. Si ha estado buscando una manera de agregar el espacio de almacenamiento que tanto necesita a su propiedad pero no quiere lidiar con el costo y el mantenimiento de un modelo de madera tradicional, este cobertizo de almacenamiento para el patio trasero de Outsunny puede ser su elecci\u00f3n perfecta.<\/p>","protected":false},"featured_media":910,"template":"","meta":{"_kad_post_transparent":"default","_kad_post_title":"","_kad_post_layout":"default","_kad_post_sidebar_id":"","_kad_post_content_style":"default","_kad_post_vertical_padding":"default","_kad_post_feature":"","_kad_post_feature_position":"","_kad_post_header":false,"_kad_post_footer":false,"_kad_post_classname":""},"product_brand":[],"product_cat":[33,29,31],"product_tag":[279,278,277,119,280],"class_list":{"0":"post-921","1":"product","2":"type-product","3":"status-publish","4":"has-post-thumbnail","6":"product_cat-metal-garden-storage-sheds","7":"product_cat-metal-products","8":"product_cat-storage-sheds","9":"product_tag-black-tool-storage-shed","10":"product_tag-hardtop-shed-backyard","11":"product_tag-metal-frame-garden-shed","12":"product_tag-outdoor-storage-shed","13":"product_tag-storage-shed-with-sliding-door","15":"first","16":"instock","17":"shipping-taxable","18":"product-type-simple","19":"entry","20":"content-bg","21":"loop-entry"},"_links":{"self":[{"href":"https:\/\/sdmetalshed.com\/es\/wp-json\/wp\/v2\/product\/921","targetHints":{"allow":["GET"]}}],"collection":[{"href":"https:\/\/sdmetalshed.com\/es\/wp-json\/wp\/v2\/product"}],"about":[{"href":"https:\/\/sdmetalshed.com\/es\/wp-json\/wp\/v2\/types\/product"}],"wp:featuredmedia":[{"embeddable":true,"href":"https:\/\/sdmetalshed.com\/es\/wp-json\/wp\/v2\/media\/910"}],"wp:attachment":[{"href":"https:\/\/sdmetalshed.com\/es\/wp-json\/wp\/v2\/media?parent=921"}],"wp:term":[{"taxonomy":"product_brand","embeddable":true,"href":"https:\/\/sdmetalshed.com\/es\/wp-json\/wp\/v2\/product_brand?post=921"},{"taxonomy":"product_cat","embeddable":true,"href":"https:\/\/sdmetalshed.com\/es\/wp-json\/wp\/v2\/product_cat?post=921"},{"taxonomy":"product_tag","embeddable":true,"href":"https:\/\/sdmetalshed.com\/es\/wp-json\/wp\/v2\/product_tag?post=921"}],"curies":[{"name":"wp","href":"https:\/\/api.w.org\/{rel}","templated":true}]}}