{"id":959,"date":"2022-08-05T16:19:24","date_gmt":"2022-08-05T08:19:24","guid":{"rendered":"https:\/\/sdmetalshed.com\/?post_type=product&#038;p=959"},"modified":"2022-08-29T11:19:37","modified_gmt":"2022-08-29T03:19:37","slug":"patio-21-x-19-doble-garaje-de-metal-con-puerta-de-entrada-lateral-400-pies-cuadrados-8-altura-del-alero-27-ga-paneles-acanalados-con-puertas-de-persianas","status":"publish","type":"product","link":"https:\/\/sdmetalshed.com\/es\/product\/backyard-21-x-19-double-garage-metal-shed-with-side-entry-door-400-sq-ft-8-eave-height-27-ga-corrugated-panelswith-shutter-doors\/","title":{"rendered":"Cobertizo de metal para garaje doble de 21&#039; x 19&#039; para patio trasero con puerta de entrada lateral, 400 pies cuadrados, altura de alero de 8&#039;, paneles corrugados de 27 GA, con puertas contraventanas"},"content":{"rendered":"","protected":false},"excerpt":{"rendered":"<p>Nuestra empresa dispone de una gama de trajes de garaje para todo tipo de almacenamiento dom\u00e9stico. Nuestros tres garajes m\u00e1s populares vienen con aislamiento en el techo, mientras que los garajes plateados y dorados tambi\u00e9n tienen aislamiento en las paredes. El garaje de bronce del nivel de entrada es m\u00e1s adecuado para herramientas de jard\u00edn, cortadoras de c\u00e9sped y bicicletas. La gama Silver es adecuada para un gimnasio en casa, una sala de juegos o un lavadero. La gama Gold es adecuada para el almacenamiento del coche y cualquier otra necesidad de almacenamiento dom\u00e9stico.<\/p>","protected":false},"featured_media":941,"template":"","meta":{"_kad_post_transparent":"default","_kad_post_title":"","_kad_post_layout":"default","_kad_post_sidebar_id":"","_kad_post_content_style":"default","_kad_post_vertical_padding":"default","_kad_post_feature":"","_kad_post_feature_position":"","_kad_post_header":false,"_kad_post_footer":false,"_kad_post_classname":""},"product_brand":[],"product_cat":[281],"product_tag":[291,295,292,294,293],"class_list":{"0":"post-959","1":"product","2":"type-product","3":"status-publish","4":"has-post-thumbnail","6":"product_cat-metal-garages","7":"product_tag-aluminum-carport-roof","8":"product_tag-double-garage-door-conversion","9":"product_tag-easy-assemble-garden-shed","10":"product_tag-garage-storage-brackets","11":"product_tag-metal-carport-with-storage-shed","13":"first","14":"instock","15":"shipping-taxable","16":"product-type-simple","17":"entry","18":"content-bg","19":"loop-entry"},"_links":{"self":[{"href":"https:\/\/sdmetalshed.com\/es\/wp-json\/wp\/v2\/product\/959","targetHints":{"allow":["GET"]}}],"collection":[{"href":"https:\/\/sdmetalshed.com\/es\/wp-json\/wp\/v2\/product"}],"about":[{"href":"https:\/\/sdmetalshed.com\/es\/wp-json\/wp\/v2\/types\/product"}],"wp:featuredmedia":[{"embeddable":true,"href":"https:\/\/sdmetalshed.com\/es\/wp-json\/wp\/v2\/media\/941"}],"wp:attachment":[{"href":"https:\/\/sdmetalshed.com\/es\/wp-json\/wp\/v2\/media?parent=959"}],"wp:term":[{"taxonomy":"product_brand","embeddable":true,"href":"https:\/\/sdmetalshed.com\/es\/wp-json\/wp\/v2\/product_brand?post=959"},{"taxonomy":"product_cat","embeddable":true,"href":"https:\/\/sdmetalshed.com\/es\/wp-json\/wp\/v2\/product_cat?post=959"},{"taxonomy":"product_tag","embeddable":true,"href":"https:\/\/sdmetalshed.com\/es\/wp-json\/wp\/v2\/product_tag?post=959"}],"curies":[{"name":"wp","href":"https:\/\/api.w.org\/{rel}","templated":true}]}}