{"id":978,"date":"2022-08-08T11:43:32","date_gmt":"2022-08-08T03:43:32","guid":{"rendered":"https:\/\/sdmetalshed.com\/?post_type=product&#038;p=978"},"modified":"2022-08-09T10:45:32","modified_gmt":"2022-08-09T02:45:32","slug":"techo-de-metal-estructura-de-casa-exterior-en-aluminio-pabellon-parrilla-pabellon-desplegable-gazebo-de-tapa-dura","status":"publish","type":"product","link":"https:\/\/sdmetalshed.com\/es\/product\/metal-roof-aluminium-outdoor-house-structure-pavilion-grill-pop-up-pavilion-hardtop-gazebo\/","title":{"rendered":"La parrilla al aire libre del pabell\u00f3n de la estructura de la casa del marco met\u00e1lico 3*4 m surge el gazebo del techo r\u00edgido del pabell\u00f3n"},"content":{"rendered":"","protected":false},"excerpt":{"rendered":"<p>Nuestro cenador de patio est\u00e1 dise\u00f1ado con redes. La glorieta est\u00e1 hecha de un marco de aluminio inoxidable y una tela impermeable y resistente a la decoloraci\u00f3n para proteger de la lluvia y el sol. El elegante cenador es una excelente opci\u00f3n para disfrutar de la vida a su debido tiempo. Es muy c\u00f3modo y facilita sentarse y hablar, relajarse, reunirse y organizar fiestas.<\/p>\n<div style=\"width: 1280px;\" class=\"wp-video\"><video class=\"wp-video-shortcode\" id=\"video-978-1\" width=\"1280\" height=\"720\" loop autoplay preload=\"auto\" controls=\"controls\"><source type=\"video\/mp4\" src=\"https:\/\/sdmetalshed.com\/wp-content\/uploads\/2022\/08\/Aluminum-frame-gazebo.mp4?_=1\" \/><a href=\"https:\/\/sdmetalshed.com\/wp-content\/uploads\/2022\/08\/Aluminum-frame-gazebo.mp4\">https:\/\/sdmetalshed.com\/wp-content\/uploads\/2022\/08\/Aluminum-frame-gazebo.mp4<\/a><\/video><\/div>","protected":false},"featured_media":900,"template":"","meta":{"_kad_post_transparent":"default","_kad_post_title":"","_kad_post_layout":"default","_kad_post_sidebar_id":"","_kad_post_content_style":"default","_kad_post_vertical_padding":"default","_kad_post_feature":"","_kad_post_feature_position":"","_kad_post_header":false,"_kad_post_footer":false,"_kad_post_classname":""},"product_brand":[],"product_cat":[30,309,29],"product_tag":[274,235,52,292,236,275,276,237,233],"class_list":{"0":"post-978","1":"product","2":"type-product","3":"status-publish","4":"has-post-thumbnail","6":"product_cat-aluminum-gazebo","7":"product_cat-gold-aluminum-gazebo","8":"product_cat-metal-products","9":"product_tag-aluminum-frame-gazebo","10":"product_tag-backyard-hardtop-gazebo","11":"product_tag-double-roof-hardtop-gazebo","12":"product_tag-easy-assemble-garden-shed","13":"product_tag-garden-hardtop-gazebo","14":"product_tag-gavanized-garden-patio","15":"product_tag-hardtop-waterproof-gazebo","16":"product_tag-lawn-hardtop-gazebo","17":"product_tag-outdoor-hardtop-gazebo","19":"first","20":"instock","21":"featured","22":"shipping-taxable","23":"product-type-simple","24":"entry","25":"content-bg","26":"loop-entry"},"_links":{"self":[{"href":"https:\/\/sdmetalshed.com\/es\/wp-json\/wp\/v2\/product\/978","targetHints":{"allow":["GET"]}}],"collection":[{"href":"https:\/\/sdmetalshed.com\/es\/wp-json\/wp\/v2\/product"}],"about":[{"href":"https:\/\/sdmetalshed.com\/es\/wp-json\/wp\/v2\/types\/product"}],"wp:featuredmedia":[{"embeddable":true,"href":"https:\/\/sdmetalshed.com\/es\/wp-json\/wp\/v2\/media\/900"}],"wp:attachment":[{"href":"https:\/\/sdmetalshed.com\/es\/wp-json\/wp\/v2\/media?parent=978"}],"wp:term":[{"taxonomy":"product_brand","embeddable":true,"href":"https:\/\/sdmetalshed.com\/es\/wp-json\/wp\/v2\/product_brand?post=978"},{"taxonomy":"product_cat","embeddable":true,"href":"https:\/\/sdmetalshed.com\/es\/wp-json\/wp\/v2\/product_cat?post=978"},{"taxonomy":"product_tag","embeddable":true,"href":"https:\/\/sdmetalshed.com\/es\/wp-json\/wp\/v2\/product_tag?post=978"}],"curies":[{"name":"wp","href":"https:\/\/api.w.org\/{rel}","templated":true}]}}