{"id":1267,"date":"2023-06-30T11:50:48","date_gmt":"2023-06-30T03:50:48","guid":{"rendered":"https:\/\/sdmetalshed.com\/?post_type=product&#038;p=1267"},"modified":"2024-04-02T11:10:54","modified_gmt":"2024-04-02T03:10:54","slug":"usine-chinoise-toit-rigide-en-aluminium-et-en-acier-maison-fete-jardin-santorin-exterieur-jardin-kiosque","status":"publish","type":"product","link":"https:\/\/sdmetalshed.com\/fr\/product\/china-factory-hardtop-aluminum-steel-home-party-garden-santorini-outdoor-garden-gazebo\/","title":{"rendered":"Gazebo de jardin ext\u00e9rieur de Santorin de jardin de partie de maison en acier en aluminium de toit rigide d&#039;usine de la Chine"},"content":{"rendered":"","protected":false},"excerpt":{"rendered":"<p>D\u00e9corez votre espace ext\u00e9rieur avec ce magnifique gazebo. Les courbes et la finition styl\u00e9e de cet abri se marieront parfaitement \u00e0 votre d\u00e9cor tout en vous invitant \u00e0 la d\u00e9tente entre amis ou en famille. Gr\u00e2ce \u00e0 la moustiquaire en maille PVC, au toit en acier galvanis\u00e9 durable et au cadre en aluminium thermolaqu\u00e9 de haute qualit\u00e9, vous profiterez du plein air.<\/p>","protected":false},"featured_media":746,"template":"","meta":{"_kad_post_transparent":"default","_kad_post_title":"","_kad_post_layout":"default","_kad_post_sidebar_id":"","_kad_post_content_style":"default","_kad_post_vertical_padding":"default","_kad_post_feature":"","_kad_post_feature_position":"","_kad_post_header":false,"_kad_post_footer":false,"_kad_post_classname":""},"product_brand":[],"product_cat":[30,29],"product_tag":[247,246,248,245],"class_list":{"0":"post-1267","1":"product","2":"type-product","3":"status-publish","4":"has-post-thumbnail","6":"product_cat-aluminum-gazebo","7":"product_cat-metal-products","8":"product_tag-aluminum-garden-outdoor-gazebo","9":"product_tag-hardtop-garden-outdoor-gazebo","10":"product_tag-party-outdoor-garden-gazebo","11":"product_tag-santorini-outdoor-garden-gazebo","13":"first","14":"instock","15":"shipping-taxable","16":"product-type-simple","17":"entry","18":"content-bg","19":"loop-entry"},"_links":{"self":[{"href":"https:\/\/sdmetalshed.com\/fr\/wp-json\/wp\/v2\/product\/1267","targetHints":{"allow":["GET"]}}],"collection":[{"href":"https:\/\/sdmetalshed.com\/fr\/wp-json\/wp\/v2\/product"}],"about":[{"href":"https:\/\/sdmetalshed.com\/fr\/wp-json\/wp\/v2\/types\/product"}],"wp:featuredmedia":[{"embeddable":true,"href":"https:\/\/sdmetalshed.com\/fr\/wp-json\/wp\/v2\/media\/746"}],"wp:attachment":[{"href":"https:\/\/sdmetalshed.com\/fr\/wp-json\/wp\/v2\/media?parent=1267"}],"wp:term":[{"taxonomy":"product_brand","embeddable":true,"href":"https:\/\/sdmetalshed.com\/fr\/wp-json\/wp\/v2\/product_brand?post=1267"},{"taxonomy":"product_cat","embeddable":true,"href":"https:\/\/sdmetalshed.com\/fr\/wp-json\/wp\/v2\/product_cat?post=1267"},{"taxonomy":"product_tag","embeddable":true,"href":"https:\/\/sdmetalshed.com\/fr\/wp-json\/wp\/v2\/product_tag?post=1267"}],"curies":[{"name":"wp","href":"https:\/\/api.w.org\/{rel}","templated":true}]}}