{"id":1334,"date":"2023-11-24T10:06:41","date_gmt":"2023-11-24T02:06:41","guid":{"rendered":"https:\/\/sdmetalshed.com\/?post_type=product&#038;p=1334"},"modified":"2023-11-24T11:07:27","modified_gmt":"2023-11-24T03:07:27","slug":"gazebo-exterieur-en-aluminium-de-12x14-pieds-double-toit-avec-rideaux-et-moustiquaire","status":"publish","type":"product","link":"https:\/\/sdmetalshed.com\/fr\/product\/12x14ft-outdoor-aluminium-gazebo-double-roof-with-curtains-and-netting\/","title":{"rendered":"Gazebo ext\u00e9rieur en aluminium \u00e0 double toit de 12x14 pieds avec rideaux et filets"},"content":{"rendered":"<p>Tonnelle d&#039;ext\u00e9rieur en aluminium de 12 x 14 pieds \u00e0 double toit avec rideaux et filets. Vous pouvez l&#039;assortir \u00e0 toutes les belles lumi\u00e8res ext\u00e9rieures, rideaux de gaze et fleurs, ce qui rendra votre vie plus color\u00e9e et pleine de romantisme. D\u00e9couvrez d\u00e8s aujourd&#039;hui notre gamme compl\u00e8te de kits de gazebo, con\u00e7us en aluminium pour vous prot\u00e9ger des \u00e9l\u00e9ments et cr\u00e9er un environnement ext\u00e9rieur polyvalent.<\/p>","protected":false},"excerpt":{"rendered":"<p>&nbsp;<\/p>\n<div class=\"longDescCont\">\n<p>&nbsp;<\/p>\n<\/div>","protected":false},"featured_media":1335,"template":"","meta":{"_kad_post_transparent":"default","_kad_post_title":"","_kad_post_layout":"default","_kad_post_sidebar_id":"","_kad_post_content_style":"default","_kad_post_vertical_padding":"default","_kad_post_feature":"","_kad_post_feature_position":"","_kad_post_header":false,"_kad_post_footer":false,"_kad_post_classname":""},"product_brand":[],"product_cat":[30,29,371],"product_tag":[274,52,316,368],"class_list":{"0":"post-1334","1":"product","2":"type-product","3":"status-publish","4":"has-post-thumbnail","6":"product_cat-aluminum-gazebo","7":"product_cat-metal-products","8":"product_cat-wooden-color-aluminium-gazebo","9":"product_tag-aluminum-frame-gazebo","10":"product_tag-double-roof-hardtop-gazebo","11":"product_tag-metal-frame-grill-gazebo","12":"product_tag-outdoor-pergola-patio-aluminum-frame-gazebo","14":"first","15":"instock","16":"featured","17":"downloadable","18":"shipping-taxable","19":"product-type-simple","20":"entry","21":"content-bg","22":"loop-entry"},"_links":{"self":[{"href":"https:\/\/sdmetalshed.com\/fr\/wp-json\/wp\/v2\/product\/1334","targetHints":{"allow":["GET"]}}],"collection":[{"href":"https:\/\/sdmetalshed.com\/fr\/wp-json\/wp\/v2\/product"}],"about":[{"href":"https:\/\/sdmetalshed.com\/fr\/wp-json\/wp\/v2\/types\/product"}],"wp:featuredmedia":[{"embeddable":true,"href":"https:\/\/sdmetalshed.com\/fr\/wp-json\/wp\/v2\/media\/1335"}],"wp:attachment":[{"href":"https:\/\/sdmetalshed.com\/fr\/wp-json\/wp\/v2\/media?parent=1334"}],"wp:term":[{"taxonomy":"product_brand","embeddable":true,"href":"https:\/\/sdmetalshed.com\/fr\/wp-json\/wp\/v2\/product_brand?post=1334"},{"taxonomy":"product_cat","embeddable":true,"href":"https:\/\/sdmetalshed.com\/fr\/wp-json\/wp\/v2\/product_cat?post=1334"},{"taxonomy":"product_tag","embeddable":true,"href":"https:\/\/sdmetalshed.com\/fr\/wp-json\/wp\/v2\/product_tag?post=1334"}],"curies":[{"name":"wp","href":"https:\/\/api.w.org\/{rel}","templated":true}]}}