{"id":458,"date":"2022-02-26T15:14:34","date_gmt":"2022-02-26T07:14:34","guid":{"rendered":"https:\/\/sdmetalshed.com\/?post_type=product&#038;p=458"},"modified":"2022-02-26T15:14:34","modified_gmt":"2022-02-26T07:14:34","slug":"sur-mesure-assemblage-facile-grande-capacite-acier-galvanise-abri-de-rangement-pour-outils-de-jardin-nordique","status":"publish","type":"product","link":"https:\/\/sdmetalshed.com\/fr\/product\/custom-easy-assembly-large-capacity-galvanized-steel-nordic-garden-tool-storage-shed\/","title":{"rendered":"Hangar nordique en acier galvanis\u00e9 de stockage d&#039;outil de jardin de grande capacit\u00e9 d&#039;assemblage facile fait sur commande"},"content":{"rendered":"","protected":false},"excerpt":{"rendered":"<p>Outils de pelouse, fournitures de jardinage, chaises de jardin pliantes \u2013 avec 34 pieds carr\u00e9s d&#039;espace interne, vous pouvez tout ranger et prot\u00e9ger dans l&#039;abri de rangement Nordic. Solide et durable, cet abri compact est construit en acier galvanis\u00e9 thermolaqu\u00e9 qui r\u00e9siste \u00e0 la rouille, \u00e0 la corrosion et aux rayons UV. La conception du toit \u00e0 sommet invers\u00e9 permet un ruissellement efficace de l\u2019eau et de la neige pour garder tout bien au sec toute l\u2019ann\u00e9e. Les doubles portes avant s&#039;ouvrent enti\u00e8rement pour permettre un acc\u00e8s facile et sont s\u00e9curis\u00e9es avec un verrou \u00e0 p\u00eane coulissant compatible avec un cadenas (cadenas non inclus). De plus, la charmante fen\u00eatre \u00e0 4 carreaux ajoute un \u00e9clairage naturel pour vous aider \u00e0 tout trouver. Pour tous vos besoins d\u2019entreposage ext\u00e9rieur, comptez directement sur des produits de qualit\u00e9 provenant de l\u2019usine.<\/p>","protected":false},"featured_media":459,"template":"","meta":{"_kad_post_transparent":"default","_kad_post_title":"","_kad_post_layout":"default","_kad_post_sidebar_id":"","_kad_post_content_style":"default","_kad_post_vertical_padding":"default","_kad_post_feature":"","_kad_post_feature_position":"","_kad_post_header":false,"_kad_post_footer":false,"_kad_post_classname":""},"product_brand":[],"product_cat":[33,29,31],"product_tag":[80,81,77,78,82,76,79],"class_list":{"0":"post-458","1":"product","2":"type-product","3":"status-publish","4":"has-post-thumbnail","6":"product_cat-metal-garden-storage-sheds","7":"product_cat-metal-products","8":"product_cat-storage-sheds","9":"product_tag-custom-storage-shed","10":"product_tag-easy-assembly-storage-shed","11":"product_tag-galvanized-steel-storage-shed","12":"product_tag-garden-storage-shed","13":"product_tag-large-capacity-storage-shed","14":"product_tag-nordic-storage-shed","15":"product_tag-tool-storage-shed","17":"first","18":"instock","19":"shipping-taxable","20":"product-type-simple","21":"entry","22":"content-bg","23":"loop-entry"},"_links":{"self":[{"href":"https:\/\/sdmetalshed.com\/fr\/wp-json\/wp\/v2\/product\/458","targetHints":{"allow":["GET"]}}],"collection":[{"href":"https:\/\/sdmetalshed.com\/fr\/wp-json\/wp\/v2\/product"}],"about":[{"href":"https:\/\/sdmetalshed.com\/fr\/wp-json\/wp\/v2\/types\/product"}],"wp:featuredmedia":[{"embeddable":true,"href":"https:\/\/sdmetalshed.com\/fr\/wp-json\/wp\/v2\/media\/459"}],"wp:attachment":[{"href":"https:\/\/sdmetalshed.com\/fr\/wp-json\/wp\/v2\/media?parent=458"}],"wp:term":[{"taxonomy":"product_brand","embeddable":true,"href":"https:\/\/sdmetalshed.com\/fr\/wp-json\/wp\/v2\/product_brand?post=458"},{"taxonomy":"product_cat","embeddable":true,"href":"https:\/\/sdmetalshed.com\/fr\/wp-json\/wp\/v2\/product_cat?post=458"},{"taxonomy":"product_tag","embeddable":true,"href":"https:\/\/sdmetalshed.com\/fr\/wp-json\/wp\/v2\/product_tag?post=458"}],"curies":[{"name":"wp","href":"https:\/\/api.w.org\/{rel}","templated":true}]}}