{"id":467,"date":"2022-02-26T16:04:46","date_gmt":"2022-02-26T08:04:46","guid":{"rendered":"https:\/\/sdmetalshed.com\/?post_type=product&#038;p=467"},"modified":"2022-03-08T16:09:53","modified_gmt":"2022-03-08T08:09:53","slug":"personnalise-cinq-etages-inox-chariot-a-fleurs-jardin-conteneur-danois-avec-quatre-roues","status":"publish","type":"product","link":"https:\/\/sdmetalshed.com\/fr\/product\/customized-five-floor-stainless-steel-flower-trolley-cart-garden-danish-container-with-four-wheels\/","title":{"rendered":"Chariot \u00e0 fleurs personnalis\u00e9 en acier inoxydable \u00e0 cinq \u00e9tages, conteneur danois de jardin avec quatre roues"},"content":{"rendered":"","protected":false},"excerpt":{"rendered":"","protected":false},"featured_media":468,"template":"","meta":{"_kad_post_transparent":"default","_kad_post_title":"","_kad_post_layout":"default","_kad_post_sidebar_id":"","_kad_post_content_style":"default","_kad_post_vertical_padding":"default","_kad_post_feature":"","_kad_post_feature_position":"","_kad_post_header":false,"_kad_post_footer":false,"_kad_post_classname":""},"product_brand":[],"product_cat":[32,29],"product_tag":[87,83,86,85,84],"class_list":{"0":"post-467","1":"product","2":"type-product","3":"status-publish","4":"has-post-thumbnail","6":"product_cat-flower-trolley-cart","7":"product_cat-metal-products","8":"product_tag-customized-flower-trolley-cart","9":"product_tag-five-floor-flower-trolley-cart","10":"product_tag-flower-trolley-cart-with-four-wheels","11":"product_tag-garden-danish-container","12":"product_tag-stainless-steel-flower-trolley-cart","14":"first","15":"instock","16":"featured","17":"shipping-taxable","18":"product-type-simple","19":"entry","20":"content-bg","21":"loop-entry"},"_links":{"self":[{"href":"https:\/\/sdmetalshed.com\/fr\/wp-json\/wp\/v2\/product\/467","targetHints":{"allow":["GET"]}}],"collection":[{"href":"https:\/\/sdmetalshed.com\/fr\/wp-json\/wp\/v2\/product"}],"about":[{"href":"https:\/\/sdmetalshed.com\/fr\/wp-json\/wp\/v2\/types\/product"}],"wp:featuredmedia":[{"embeddable":true,"href":"https:\/\/sdmetalshed.com\/fr\/wp-json\/wp\/v2\/media\/468"}],"wp:attachment":[{"href":"https:\/\/sdmetalshed.com\/fr\/wp-json\/wp\/v2\/media?parent=467"}],"wp:term":[{"taxonomy":"product_brand","embeddable":true,"href":"https:\/\/sdmetalshed.com\/fr\/wp-json\/wp\/v2\/product_brand?post=467"},{"taxonomy":"product_cat","embeddable":true,"href":"https:\/\/sdmetalshed.com\/fr\/wp-json\/wp\/v2\/product_cat?post=467"},{"taxonomy":"product_tag","embeddable":true,"href":"https:\/\/sdmetalshed.com\/fr\/wp-json\/wp\/v2\/product_tag?post=467"}],"curies":[{"name":"wp","href":"https:\/\/api.w.org\/{rel}","templated":true}]}}