{"id":484,"date":"2022-02-26T22:07:14","date_gmt":"2022-02-26T14:07:14","guid":{"rendered":"https:\/\/sdmetalshed.com\/?post_type=product&#038;p=484"},"modified":"2022-02-26T22:07:14","modified_gmt":"2022-02-26T14:07:14","slug":"metal-exterieur-noir-jardin-outil-rangement-abri-avec-porte-verrouillable-et-events","status":"publish","type":"product","link":"https:\/\/sdmetalshed.com\/fr\/product\/metal-outdoor-black-backyard-garden-tool-storage-shed-with-locking-door-and-air-vents\/","title":{"rendered":"Hangar de rangement pour outils de jardin, ext\u00e9rieur, noir, en m\u00e9tal, avec porte verrouillable et bouches d&#039;a\u00e9ration"},"content":{"rendered":"","protected":false},"excerpt":{"rendered":"<p>Fabriqu\u00e9 avec des tuiles en acier de couleur, l&#039;abri de jardin Outsunny est construit pour durer. En plus de prot\u00e9ger vos biens de toutes sortes de conditions m\u00e9t\u00e9orologiques, cet abri en r\u00e9sine robuste sera \u00e0 son meilleur pendant de nombreuses ann\u00e9es. Et comme tout cabanon de rangement Outsunny, ce mod\u00e8le est facile \u00e0 assembler et \u00e0 entretenir. Ses larges portes s&#039;ouvrent pour un acc\u00e8s facile \u00e0 tous vos effets personnels. Les 2 bouches d&#039;a\u00e9ration garderont l&#039;int\u00e9rieur frais et a\u00e9r\u00e9. Le b\u00e2timent de stockage compact s\u2019int\u00e8gre parfaitement m\u00eame dans les plus petits chantiers.<\/p>","protected":false},"featured_media":485,"template":"","meta":{"_kad_post_transparent":"default","_kad_post_title":"","_kad_post_layout":"default","_kad_post_sidebar_id":"","_kad_post_content_style":"default","_kad_post_vertical_padding":"default","_kad_post_feature":"","_kad_post_feature_position":"","_kad_post_header":false,"_kad_post_footer":false,"_kad_post_classname":""},"product_brand":[],"product_cat":[29,31],"product_tag":[101,62,99,100,103,102],"class_list":{"0":"post-484","1":"product","2":"type-product","3":"status-publish","4":"has-post-thumbnail","6":"product_cat-metal-products","7":"product_cat-storage-sheds","8":"product_tag-backyard-tool-storage-shed","9":"product_tag-garden-tool-storage-shed","10":"product_tag-metal-tool-storage-shed","11":"product_tag-outdoor-tool-storage-shed","12":"product_tag-storage-shed-with-air-vents","13":"product_tag-storage-shed-with-locking-door","15":"first","16":"instock","17":"shipping-taxable","18":"product-type-simple","19":"entry","20":"content-bg","21":"loop-entry"},"_links":{"self":[{"href":"https:\/\/sdmetalshed.com\/fr\/wp-json\/wp\/v2\/product\/484","targetHints":{"allow":["GET"]}}],"collection":[{"href":"https:\/\/sdmetalshed.com\/fr\/wp-json\/wp\/v2\/product"}],"about":[{"href":"https:\/\/sdmetalshed.com\/fr\/wp-json\/wp\/v2\/types\/product"}],"wp:featuredmedia":[{"embeddable":true,"href":"https:\/\/sdmetalshed.com\/fr\/wp-json\/wp\/v2\/media\/485"}],"wp:attachment":[{"href":"https:\/\/sdmetalshed.com\/fr\/wp-json\/wp\/v2\/media?parent=484"}],"wp:term":[{"taxonomy":"product_brand","embeddable":true,"href":"https:\/\/sdmetalshed.com\/fr\/wp-json\/wp\/v2\/product_brand?post=484"},{"taxonomy":"product_cat","embeddable":true,"href":"https:\/\/sdmetalshed.com\/fr\/wp-json\/wp\/v2\/product_cat?post=484"},{"taxonomy":"product_tag","embeddable":true,"href":"https:\/\/sdmetalshed.com\/fr\/wp-json\/wp\/v2\/product_tag?post=484"}],"curies":[{"name":"wp","href":"https:\/\/api.w.org\/{rel}","templated":true}]}}