{"id":499,"date":"2022-02-27T22:25:49","date_gmt":"2022-02-27T14:25:49","guid":{"rendered":"https:\/\/sdmetalshed.com\/?post_type=product&#038;p=499"},"modified":"2022-03-08T16:13:04","modified_gmt":"2022-03-08T08:13:04","slug":"metal-abri-pour-velos-et-armoire-de-rangement-en-metal-pour-quatre-velos-adultes","status":"publish","type":"product","link":"https:\/\/sdmetalshed.com\/fr\/product\/metal-bike-store-shed-and-metal-bicycle-storage-cabinet-locker-for-four-adult-size-bikes\/","title":{"rendered":"Hangar de magasin de v\u00e9los en m\u00e9tal et armoire de rangement de v\u00e9los en m\u00e9tal, casier pour quatre v\u00e9los de taille adulte"},"content":{"rendered":"","protected":false},"excerpt":{"rendered":"<p>Rangez et prot\u00e9gez jusqu&#039;\u00e0 quatre v\u00e9los de taille adulte avec notre abri \u00e0 v\u00e9los dans la cour. Construit en acier galvanis\u00e9, cet abri solide et durable r\u00e9siste \u00e0 la rouille, \u00e0 la corrosion et aux rayons UV, offrant \u00e0 vos v\u00e9los une protection toute l&#039;ann\u00e9e contre les \u00e9l\u00e9ments. Quatre pistes cyclables r\u00e9glables permettent de stocker la plupart des v\u00e9los mesurant jusqu&#039;\u00e0 78,4 pouces de long et 43,3 pouces de haut. Le toit en pente permet un \u00e9coulement rapide de l&#039;eau pendant les temp\u00eates de pluie, gardant vos v\u00e9los au sec. Les doubles portes avant s&#039;ouvrent enti\u00e8rement pour permettre un acc\u00e8s facile et sont s\u00e9curis\u00e9es avec un verrou tournant et une cl\u00e9. Pour tous vos besoins d\u2019entreposage ext\u00e9rieur, comptez directement sur des produits de qualit\u00e9 provenant de l\u2019usine.<\/p>","protected":false},"featured_media":500,"template":"","meta":{"_kad_post_transparent":"default","_kad_post_title":"","_kad_post_layout":"default","_kad_post_sidebar_id":"","_kad_post_content_style":"default","_kad_post_vertical_padding":"default","_kad_post_feature":"","_kad_post_feature_position":"","_kad_post_header":false,"_kad_post_footer":false,"_kad_post_classname":""},"product_brand":[],"product_cat":[36,29,31],"product_tag":[112,109,108,111,110],"class_list":{"0":"post-499","1":"product","2":"type-product","3":"status-publish","4":"has-post-thumbnail","6":"product_cat-metal-bicycle-storage-cabinet-locker","7":"product_cat-metal-products","8":"product_cat-storage-sheds","9":"product_tag-backyard-bicycle-storage-shed","10":"product_tag-metal-bicycle-storage-cabinet-locker","11":"product_tag-metal-bike-store-shed","12":"product_tag-outdoor-bicycle-storage-shed","13":"product_tag-outdoor-metal-bike-storage","15":"first","16":"instock","17":"featured","18":"shipping-taxable","19":"product-type-simple","20":"entry","21":"content-bg","22":"loop-entry"},"_links":{"self":[{"href":"https:\/\/sdmetalshed.com\/fr\/wp-json\/wp\/v2\/product\/499","targetHints":{"allow":["GET"]}}],"collection":[{"href":"https:\/\/sdmetalshed.com\/fr\/wp-json\/wp\/v2\/product"}],"about":[{"href":"https:\/\/sdmetalshed.com\/fr\/wp-json\/wp\/v2\/types\/product"}],"wp:featuredmedia":[{"embeddable":true,"href":"https:\/\/sdmetalshed.com\/fr\/wp-json\/wp\/v2\/media\/500"}],"wp:attachment":[{"href":"https:\/\/sdmetalshed.com\/fr\/wp-json\/wp\/v2\/media?parent=499"}],"wp:term":[{"taxonomy":"product_brand","embeddable":true,"href":"https:\/\/sdmetalshed.com\/fr\/wp-json\/wp\/v2\/product_brand?post=499"},{"taxonomy":"product_cat","embeddable":true,"href":"https:\/\/sdmetalshed.com\/fr\/wp-json\/wp\/v2\/product_cat?post=499"},{"taxonomy":"product_tag","embeddable":true,"href":"https:\/\/sdmetalshed.com\/fr\/wp-json\/wp\/v2\/product_tag?post=499"}],"curies":[{"name":"wp","href":"https:\/\/api.w.org\/{rel}","templated":true}]}}