{"id":519,"date":"2022-02-28T10:59:21","date_gmt":"2022-02-28T02:59:21","guid":{"rendered":"https:\/\/sdmetalshed.com\/?post_type=product&#038;p=519"},"modified":"2022-02-28T10:59:21","modified_gmt":"2022-02-28T02:59:21","slug":"remise-de-stockage-en-plein-air-a-assemblage-rapide-avec-abri-bas-et-services-personnalises-gratuits","status":"publish","type":"product","link":"https:\/\/sdmetalshed.com\/fr\/product\/quick-assembly-low-gable-lifetime-outdoor-storage-shed-with-free-custom-services\/","title":{"rendered":"Hangar de stockage ext\u00e9rieur \u00e0 vie \u00e0 pignon bas \u00e0 assemblage rapide avec services personnalis\u00e9s gratuits"},"content":{"rendered":"","protected":false},"excerpt":{"rendered":"<p>L&#039;abri de stockage \u00e0 montage rapide est un hangar en acier galvanis\u00e9 qui est durable et con\u00e7u pour durer. Il est dot\u00e9 du syst\u00e8me d&#039;assemblage rapide r\u00e9volutionnaire Snap-IT qui r\u00e9duit le temps d&#039;assemblage de 50 % par rapport \u00e0 la plupart des hangars en acier sur le march\u00e9 aujourd&#039;hui. L&#039;abri de stockage \u00e0 montage rapide comporte un nombre r\u00e9duit de fixations sur les murs, le toit et les portes et il n&#039;y a plus de connexions \u00e9crous\/boulons difficiles \u2013 le montage est donc plus rapide et plus facile. L&#039;abri de stockage \u00e0 montage rapide pr\u00e9sente une conception 2 fois plus r\u00e9sistante que les principaux abris en acier du march\u00e9. Sa g\u00e9om\u00e9trie de panneau unique est plus r\u00e9sistante aux chocs et, avec ses panneaux Snap-IT superpos\u00e9s qui se connectent tous les 12 pouces, il pr\u00e9sente une conception globale de b\u00e2timent plus solide. L&#039;abri de stockage \u00e0 montage rapide comprend \u00e9galement un assemblage de toit am\u00e9lior\u00e9 qui permet un assemblage au sol du toit pour une fixation plus facile et plus rapide. L&#039;abri de stockage \u00e0 montage rapide n&#039;est pas seulement un hangar plus r\u00e9sistant avec un assemblage plus rapide, c&#039;est aussi une version plus moderne et attrayante des hangars de stockage ext\u00e9rieurs. L&#039;abri de rangement \u00e0 assemblage rapide est disponible dans une palette de couleurs mise \u00e0 jour qui en fait une solution de rangement moderne et \u00e9l\u00e9gante pour la cour, le patio et le jardin. L&#039;abri de stockage \u00e0 montage rapide n&#039;est pas seulement plus beau ; il offre \u00e9galement un meilleur espace de stockage.<\/p>","protected":false},"featured_media":520,"template":"","meta":{"_kad_post_transparent":"default","_kad_post_title":"","_kad_post_layout":"default","_kad_post_sidebar_id":"","_kad_post_content_style":"default","_kad_post_vertical_padding":"default","_kad_post_feature":"","_kad_post_feature_position":"","_kad_post_header":false,"_kad_post_footer":false,"_kad_post_classname":""},"product_brand":[],"product_cat":[33,29,31],"product_tag":[122,121,119,120],"class_list":{"0":"post-519","1":"product","2":"type-product","3":"status-publish","4":"has-post-thumbnail","6":"product_cat-metal-garden-storage-sheds","7":"product_cat-metal-products","8":"product_cat-storage-sheds","9":"product_tag-lifetime-outdoor-storage-shed","10":"product_tag-low-gable-storage-shed","11":"product_tag-outdoor-storage-shed","12":"product_tag-quick-assembly-storage-shed","14":"first","15":"instock","16":"shipping-taxable","17":"product-type-simple","18":"entry","19":"content-bg","20":"loop-entry"},"_links":{"self":[{"href":"https:\/\/sdmetalshed.com\/fr\/wp-json\/wp\/v2\/product\/519","targetHints":{"allow":["GET"]}}],"collection":[{"href":"https:\/\/sdmetalshed.com\/fr\/wp-json\/wp\/v2\/product"}],"about":[{"href":"https:\/\/sdmetalshed.com\/fr\/wp-json\/wp\/v2\/types\/product"}],"wp:featuredmedia":[{"embeddable":true,"href":"https:\/\/sdmetalshed.com\/fr\/wp-json\/wp\/v2\/media\/520"}],"wp:attachment":[{"href":"https:\/\/sdmetalshed.com\/fr\/wp-json\/wp\/v2\/media?parent=519"}],"wp:term":[{"taxonomy":"product_brand","embeddable":true,"href":"https:\/\/sdmetalshed.com\/fr\/wp-json\/wp\/v2\/product_brand?post=519"},{"taxonomy":"product_cat","embeddable":true,"href":"https:\/\/sdmetalshed.com\/fr\/wp-json\/wp\/v2\/product_cat?post=519"},{"taxonomy":"product_tag","embeddable":true,"href":"https:\/\/sdmetalshed.com\/fr\/wp-json\/wp\/v2\/product_tag?post=519"}],"curies":[{"name":"wp","href":"https:\/\/api.w.org\/{rel}","templated":true}]}}