{"id":536,"date":"2022-02-28T14:19:28","date_gmt":"2022-02-28T06:19:28","guid":{"rendered":"https:\/\/sdmetalshed.com\/?post_type=product&#038;p=536"},"modified":"2022-02-28T14:19:28","modified_gmt":"2022-02-28T06:19:28","slug":"abri-de-rangement-en-metal-classique-pour-jardin-arriere-cour-en-couleur-bleu-gris-de-lusine-chinoise","status":"publish","type":"product","link":"https:\/\/sdmetalshed.com\/fr\/product\/classical-small-metal-storage-shed-for-garden-backyard-in-blue-grey-color-from-china-factory\/","title":{"rendered":"Petit hangar de stockage en m\u00e9tal classique pour jardin arri\u00e8re-cour de couleur bleu gris de l&#039;usine de Chine"},"content":{"rendered":"","protected":false},"excerpt":{"rendered":"<p>Vous recherchez un meuble de rangement pratique et robuste pour votre jardin. Le petit hangar de rangement en acier de la s\u00e9rie classique est con\u00e7u pour prot\u00e9ger votre \u00e9quipement d&#039;am\u00e9nagement paysager, vos outils et vos fournitures de jardinage, \u00e0 l&#039;abri des \u00e9l\u00e9ments. Le cabanon est fabriqu\u00e9 en acier galvanis\u00e9 trait\u00e9 pour pr\u00e9venir la rouille et la corrosion. Il poss\u00e8de un toit \u00e0 pignon bas con\u00e7u pour emp\u00eacher l&#039;eau de s&#039;accumuler. Il dispose de portes coulissantes pouvant \u00eatre s\u00e9curis\u00e9es avec un cadenas. Le petit classique est \u00e9galement une belle unit\u00e9. Les panneaux muraux verticaux intemporels de l&#039;abri sont finis avec une finition de peinture Sherwin-Williams lisse et r\u00e9sistante qui prot\u00e8ge contre les \u00e9l\u00e9ments et scelle l&#039;acier contre la rouille et la corrosion.<\/p>","protected":false},"featured_media":537,"template":"","meta":{"_kad_post_transparent":"default","_kad_post_title":"","_kad_post_layout":"default","_kad_post_sidebar_id":"","_kad_post_content_style":"default","_kad_post_vertical_padding":"default","_kad_post_feature":"","_kad_post_feature_position":"","_kad_post_header":false,"_kad_post_footer":false,"_kad_post_classname":""},"product_brand":[],"product_cat":[33,29,31],"product_tag":[130,128,129,127],"class_list":{"0":"post-536","1":"product","2":"type-product","3":"status-publish","4":"has-post-thumbnail","6":"product_cat-metal-garden-storage-sheds","7":"product_cat-metal-products","8":"product_cat-storage-sheds","9":"product_tag-backyard-metal-storage-shed","10":"product_tag-classical-metal-storage-shed","11":"product_tag-garden-metal-storage-shed","12":"product_tag-small-metal-storage-shed","14":"first","15":"instock","16":"shipping-taxable","17":"product-type-simple","18":"entry","19":"content-bg","20":"loop-entry"},"_links":{"self":[{"href":"https:\/\/sdmetalshed.com\/fr\/wp-json\/wp\/v2\/product\/536","targetHints":{"allow":["GET"]}}],"collection":[{"href":"https:\/\/sdmetalshed.com\/fr\/wp-json\/wp\/v2\/product"}],"about":[{"href":"https:\/\/sdmetalshed.com\/fr\/wp-json\/wp\/v2\/types\/product"}],"wp:featuredmedia":[{"embeddable":true,"href":"https:\/\/sdmetalshed.com\/fr\/wp-json\/wp\/v2\/media\/537"}],"wp:attachment":[{"href":"https:\/\/sdmetalshed.com\/fr\/wp-json\/wp\/v2\/media?parent=536"}],"wp:term":[{"taxonomy":"product_brand","embeddable":true,"href":"https:\/\/sdmetalshed.com\/fr\/wp-json\/wp\/v2\/product_brand?post=536"},{"taxonomy":"product_cat","embeddable":true,"href":"https:\/\/sdmetalshed.com\/fr\/wp-json\/wp\/v2\/product_cat?post=536"},{"taxonomy":"product_tag","embeddable":true,"href":"https:\/\/sdmetalshed.com\/fr\/wp-json\/wp\/v2\/product_tag?post=536"}],"curies":[{"name":"wp","href":"https:\/\/api.w.org\/{rel}","templated":true}]}}