{"id":552,"date":"2022-02-28T19:29:16","date_gmt":"2022-02-28T11:29:16","guid":{"rendered":"https:\/\/sdmetalshed.com\/?post_type=product&#038;p=552"},"modified":"2022-02-28T19:29:17","modified_gmt":"2022-02-28T11:29:17","slug":"ventes-chaudes-6-pieds-x-3-pieds-horizontales-exterieures-poubelle-abri-rangement-poubelle-abri","status":"publish","type":"product","link":"https:\/\/sdmetalshed.com\/fr\/product\/hot-sales-6-ft-x-3-ft-horizontal-outdoor-trash-bin-storage-shed-garbage-can-storage-shed\/","title":{"rendered":"Ventes chaudes 6 pi x 3 pi. Poubelle ext\u00e9rieure horizontale hangar de stockage poubelle hangar de stockage"},"content":{"rendered":"","protected":false},"excerpt":{"rendered":"<p>Cet abri de stockage de poubelles ext\u00e9rieures est une excellente solution polyvalente et attrayante pour r\u00e9pondre \u00e0 vos besoins de stockage courants. Id\u00e9al pour les patios, les terrasses ou les terrains de sport, l&#039;abri de stockage ext\u00e9rieur pour poubelles \u00e9conomique de 6 pi x 3 pi est facile \u00e0 placer et constituerait un endroit id\u00e9al pour les v\u00e9los, les poubelles, les \u00e9quipements de terrasse, les \u00e9quipements de sport et plus encore. 2 larges portes battantes verrouillables offrent un acc\u00e8s facile aux objets stock\u00e9s. Les \u00e9l\u00e9vateurs pneumatiques facilitent l&#039;ouverture et la fermeture du couvercle. Une conception de toit en pente permet le ruissellement et le drainage de l\u2019eau. Fabriqu\u00e9 avec des mat\u00e9riaux en acier galvanis\u00e9 durables. L&#039;abri de rangement ext\u00e9rieur pour poubelles, dans une couleur anthracite tendance, s&#039;adapte \u00e0 la plupart des poubelles de 96 gallons. poubelles.<\/p>","protected":false},"featured_media":553,"template":"","meta":{"_kad_post_transparent":"default","_kad_post_title":"","_kad_post_layout":"default","_kad_post_sidebar_id":"","_kad_post_content_style":"default","_kad_post_vertical_padding":"default","_kad_post_feature":"","_kad_post_feature_position":"","_kad_post_header":false,"_kad_post_footer":false,"_kad_post_classname":""},"product_brand":[],"product_cat":[29,31,34],"product_tag":[141,137,140,138,139,136],"class_list":{"0":"post-552","1":"product","2":"type-product","3":"status-publish","4":"has-post-thumbnail","6":"product_cat-metal-products","7":"product_cat-storage-sheds","8":"product_cat-trash-bin-storage-sheds","9":"product_tag-garbage-can-storage-shed","10":"product_tag-garbage-metal-shed","11":"product_tag-horizontal-trash-bin-storage-shed","12":"product_tag-horizontal-trash-can","13":"product_tag-outdoor-trash-bin-storage-shed","14":"product_tag-steel-horizontal-shed","16":"first","17":"instock","18":"shipping-taxable","19":"product-type-simple","20":"entry","21":"content-bg","22":"loop-entry"},"_links":{"self":[{"href":"https:\/\/sdmetalshed.com\/fr\/wp-json\/wp\/v2\/product\/552","targetHints":{"allow":["GET"]}}],"collection":[{"href":"https:\/\/sdmetalshed.com\/fr\/wp-json\/wp\/v2\/product"}],"about":[{"href":"https:\/\/sdmetalshed.com\/fr\/wp-json\/wp\/v2\/types\/product"}],"wp:featuredmedia":[{"embeddable":true,"href":"https:\/\/sdmetalshed.com\/fr\/wp-json\/wp\/v2\/media\/553"}],"wp:attachment":[{"href":"https:\/\/sdmetalshed.com\/fr\/wp-json\/wp\/v2\/media?parent=552"}],"wp:term":[{"taxonomy":"product_brand","embeddable":true,"href":"https:\/\/sdmetalshed.com\/fr\/wp-json\/wp\/v2\/product_brand?post=552"},{"taxonomy":"product_cat","embeddable":true,"href":"https:\/\/sdmetalshed.com\/fr\/wp-json\/wp\/v2\/product_cat?post=552"},{"taxonomy":"product_tag","embeddable":true,"href":"https:\/\/sdmetalshed.com\/fr\/wp-json\/wp\/v2\/product_tag?post=552"}],"curies":[{"name":"wp","href":"https:\/\/api.w.org\/{rel}","templated":true}]}}