{"id":560,"date":"2022-02-28T19:44:07","date_gmt":"2022-02-28T11:44:07","guid":{"rendered":"https:\/\/sdmetalshed.com\/?post_type=product&#038;p=560"},"modified":"2022-03-08T16:12:03","modified_gmt":"2022-03-08T08:12:03","slug":"personnalise-abri-metallique-rangement-doutils-pour-le-jardin-et-la-cour-avec-toit-incline-et-ventilation","status":"publish","type":"product","link":"https:\/\/sdmetalshed.com\/fr\/product\/custom-metal-shed-tool-storage-for-backyard-and-garden-with-sloped-roof-and-air-ventilation\/","title":{"rendered":"Rangement d&#039;outils en m\u00e9tal sur mesure pour arri\u00e8re-cour et jardin avec toit en pente et ventilation d&#039;air"},"content":{"rendered":"","protected":false},"excerpt":{"rendered":"<p>Cet abri m\u00e9tallique ensoleill\u00e9 est une solution id\u00e9ale \u00e0 avoir dans votre jardin, un endroit id\u00e9al pour ranger des outils, du mat\u00e9riel de jardin ou tout autre objet que vous souhaitez garder \u00e0 l&#039;ext\u00e9rieur mais \u00e0 l&#039;abri des \u00e9l\u00e9ments. Fabriqu\u00e9 en acier galvanis\u00e9 durable avec 4 bouches d&#039;a\u00e9ration et une double porte coulissante pour la circulation de l&#039;air, il peut \u00eatre utilis\u00e9 pendant une longue p\u00e9riode. L&#039;ensemble de la structure est peint pour se fondre dans l&#039;environnement. Il peut \u00eatre utilis\u00e9 comme solution de stockage ou comme hangar de travail.<\/p>","protected":false},"featured_media":561,"template":"","meta":{"_kad_post_transparent":"default","_kad_post_title":"","_kad_post_layout":"default","_kad_post_sidebar_id":"","_kad_post_content_style":"default","_kad_post_vertical_padding":"default","_kad_post_feature":"","_kad_post_feature_position":"","_kad_post_header":false,"_kad_post_footer":false,"_kad_post_classname":""},"product_brand":[],"product_cat":[33,29,31],"product_tag":[130,129,99,143,142],"class_list":{"0":"post-560","1":"product","2":"type-product","3":"status-publish","4":"has-post-thumbnail","6":"product_cat-metal-garden-storage-sheds","7":"product_cat-metal-products","8":"product_cat-storage-sheds","9":"product_tag-backyard-metal-storage-shed","10":"product_tag-garden-metal-storage-shed","11":"product_tag-metal-tool-storage-shed","12":"product_tag-metal-tool-storage-shed-with-air-ventilation","13":"product_tag-metal-tool-storage-shed-with-sloped-roof","15":"first","16":"instock","17":"featured","18":"shipping-taxable","19":"product-type-simple","20":"entry","21":"content-bg","22":"loop-entry"},"_links":{"self":[{"href":"https:\/\/sdmetalshed.com\/fr\/wp-json\/wp\/v2\/product\/560","targetHints":{"allow":["GET"]}}],"collection":[{"href":"https:\/\/sdmetalshed.com\/fr\/wp-json\/wp\/v2\/product"}],"about":[{"href":"https:\/\/sdmetalshed.com\/fr\/wp-json\/wp\/v2\/types\/product"}],"wp:featuredmedia":[{"embeddable":true,"href":"https:\/\/sdmetalshed.com\/fr\/wp-json\/wp\/v2\/media\/561"}],"wp:attachment":[{"href":"https:\/\/sdmetalshed.com\/fr\/wp-json\/wp\/v2\/media?parent=560"}],"wp:term":[{"taxonomy":"product_brand","embeddable":true,"href":"https:\/\/sdmetalshed.com\/fr\/wp-json\/wp\/v2\/product_brand?post=560"},{"taxonomy":"product_cat","embeddable":true,"href":"https:\/\/sdmetalshed.com\/fr\/wp-json\/wp\/v2\/product_cat?post=560"},{"taxonomy":"product_tag","embeddable":true,"href":"https:\/\/sdmetalshed.com\/fr\/wp-json\/wp\/v2\/product_tag?post=560"}],"curies":[{"name":"wp","href":"https:\/\/api.w.org\/{rel}","templated":true}]}}