{"id":565,"date":"2022-02-28T22:39:23","date_gmt":"2022-02-28T14:39:23","guid":{"rendered":"https:\/\/sdmetalshed.com\/?post_type=product&#038;p=565"},"modified":"2022-02-28T22:39:24","modified_gmt":"2022-02-28T14:39:24","slug":"duree-de-vie-haute-pignon-acier-exterieur-remise-de-stockage-avec-ventilation-integree","status":"publish","type":"product","link":"https:\/\/sdmetalshed.com\/fr\/product\/lifetime-high-gable-steel-outdoor-storage-shed-with-built-in-air-vents\/","title":{"rendered":"Remise de rangement ext\u00e9rieure en acier \u00e0 pignon haut \u00e0 vie avec bouches d&#039;a\u00e9ration int\u00e9gr\u00e9es 8 pi de largeur x 7 pi de hauteur x 7 pi."},"content":{"rendered":"","protected":false},"excerpt":{"rendered":"<p>Pr\u00e9sentation du hangar de stockage ext\u00e9rieur avec bouches d&#039;a\u00e9ration int\u00e9gr\u00e9es provenant d&#039;une usine chinoise \u2013 un hangar qui se construit en deux fois moins de temps. L&#039;abri de rangement ext\u00e9rieur avec bouches d&#039;a\u00e9ration int\u00e9gr\u00e9es est un abri en acier galvanis\u00e9 qui est durable et fait pour durer. Il est dot\u00e9 du syst\u00e8me r\u00e9volutionnaire Snap-IT Quick Assembly qui r\u00e9duit le temps d&#039;assemblage de 50 % par rapport \u00e0 la plupart des hangars en acier sur le march\u00e9 aujourd&#039;hui. L&#039;abri de stockage ext\u00e9rieur avec bouches d&#039;a\u00e9ration int\u00e9gr\u00e9es comporte un nombre r\u00e9duit de fixations sur les murs, le toit et les portes et il n&#039;y a plus de connexions \u00e9crous\/boulons difficiles \u2013 l&#039;assemblage est donc plus rapide et plus facile. L&#039;abri de rangement ext\u00e9rieur avec bouches d&#039;a\u00e9ration int\u00e9gr\u00e9es pr\u00e9sente une conception 2 fois plus r\u00e9sistante que les principaux abris en acier du march\u00e9. Sa g\u00e9om\u00e9trie unique de panneaux est plus r\u00e9sistante aux chocs et, avec ses panneaux superpos\u00e9s qui se connectent tous les 12 pouces, il pr\u00e9sente une conception globale de b\u00e2timent plus solide. L&#039;abri de stockage ext\u00e9rieur avec bouches d&#039;a\u00e9ration int\u00e9gr\u00e9es comprend \u00e9galement un assemblage de toit am\u00e9lior\u00e9 qui permet un assemblage au sol du toit pour une fixation plus facile et plus rapide. L&#039;abri de stockage ext\u00e9rieur avec bouches d&#039;a\u00e9ration int\u00e9gr\u00e9es n&#039;est pas seulement un hangar plus robuste avec un assemblage plus rapide, c&#039;est \u00e9galement une version plus moderne et attrayante des hangars de stockage ext\u00e9rieurs. L&#039;abri de rangement ext\u00e9rieur avec bouches d&#039;a\u00e9ration int\u00e9gr\u00e9es est disponible dans une palette de couleurs mise \u00e0 jour qui en fait une solution de rangement moderne et \u00e9l\u00e9gante pour la cour, le patio et le jardin. L&#039;abri de rangement ext\u00e9rieur avec bouches d&#039;a\u00e9ration int\u00e9gr\u00e9es n&#039;est pas seulement plus beau ; il offre \u00e9galement un meilleur espace de stockage.<\/p>","protected":false},"featured_media":566,"template":"","meta":{"_kad_post_transparent":"default","_kad_post_title":"","_kad_post_layout":"default","_kad_post_sidebar_id":"","_kad_post_content_style":"default","_kad_post_vertical_padding":"default","_kad_post_feature":"","_kad_post_feature_position":"","_kad_post_header":false,"_kad_post_footer":false,"_kad_post_classname":""},"product_brand":[],"product_cat":[33,29,31],"product_tag":[146,144,122,147,149,148,145],"class_list":{"0":"post-565","1":"product","2":"type-product","3":"status-publish","4":"has-post-thumbnail","6":"product_cat-metal-garden-storage-sheds","7":"product_cat-metal-products","8":"product_cat-storage-sheds","9":"product_tag-galvanized-steel-high-gable-shed","10":"product_tag-high-gable-steel-storage-shed","11":"product_tag-lifetime-outdoor-storage-shed","12":"product_tag-lifetime-storage-shed","13":"product_tag-outdoor-storage-shed-with-air-vents","14":"product_tag-outdoor-storage-shed-with-built-in-air-vents","15":"product_tag-storage-shed-with-high-gable","17":"first","18":"instock","19":"shipping-taxable","20":"product-type-simple","21":"entry","22":"content-bg","23":"loop-entry"},"_links":{"self":[{"href":"https:\/\/sdmetalshed.com\/fr\/wp-json\/wp\/v2\/product\/565","targetHints":{"allow":["GET"]}}],"collection":[{"href":"https:\/\/sdmetalshed.com\/fr\/wp-json\/wp\/v2\/product"}],"about":[{"href":"https:\/\/sdmetalshed.com\/fr\/wp-json\/wp\/v2\/types\/product"}],"wp:featuredmedia":[{"embeddable":true,"href":"https:\/\/sdmetalshed.com\/fr\/wp-json\/wp\/v2\/media\/566"}],"wp:attachment":[{"href":"https:\/\/sdmetalshed.com\/fr\/wp-json\/wp\/v2\/media?parent=565"}],"wp:term":[{"taxonomy":"product_brand","embeddable":true,"href":"https:\/\/sdmetalshed.com\/fr\/wp-json\/wp\/v2\/product_brand?post=565"},{"taxonomy":"product_cat","embeddable":true,"href":"https:\/\/sdmetalshed.com\/fr\/wp-json\/wp\/v2\/product_cat?post=565"},{"taxonomy":"product_tag","embeddable":true,"href":"https:\/\/sdmetalshed.com\/fr\/wp-json\/wp\/v2\/product_tag?post=565"}],"curies":[{"name":"wp","href":"https:\/\/api.w.org\/{rel}","templated":true}]}}