{"id":573,"date":"2022-02-28T22:59:24","date_gmt":"2022-02-28T14:59:24","guid":{"rendered":"https:\/\/sdmetalshed.com\/?post_type=product&#038;p=573"},"modified":"2022-02-28T22:59:24","modified_gmt":"2022-02-28T14:59:24","slug":"meilleur-abri-de-rangement-horizontal-en-metal-polyvalent-pour-velos-en-exterieur-de-couleur-gris-fonce","status":"publish","type":"product","link":"https:\/\/sdmetalshed.com\/fr\/product\/best-multi-use-outdoor-metal-horizontal-bike-storage-shed-in-dark-grey-color\/","title":{"rendered":"Meilleur hangar de stockage de v\u00e9lo horizontal en m\u00e9tal ext\u00e9rieur multi-usage de couleur gris fonc\u00e9"},"content":{"rendered":"","protected":false},"excerpt":{"rendered":"<p>Gardez tout organis\u00e9 avec cet abri de rangement multi-usage 2 en 1 pratique provenant de l&#039;usine en Chine. Notre merveille 2-en-1 comprend 2 zones de stockage s\u00e9curis\u00e9es s\u00e9par\u00e9es dans 1 unit\u00e9. La conception du toit en appentis permet un ruissellement efficace de l\u2019eau pour garder tout au sec. L&#039;espace de rangement avant est dot\u00e9 de portes doubles \u00e0 charni\u00e8res pour un acc\u00e8s facile et est s\u00e9curis\u00e9 par une poign\u00e9e de verrouillage et une cl\u00e9. L&#039;espace de rangement lat\u00e9ral est dot\u00e9 d&#039;une porte simple \u00e0 charni\u00e8res qui est \u00e9galement s\u00e9curis\u00e9e par une poign\u00e9e de verrouillage et une cl\u00e9. Solide et durable, cet abri \u00e9l\u00e9gant est construit en acier galvanis\u00e9 thermolaqu\u00e9 qui r\u00e9siste \u00e0 la rouille, \u00e0 la corrosion et aux rayons UV.<\/p>","protected":false},"featured_media":574,"template":"","meta":{"_kad_post_transparent":"default","_kad_post_title":"","_kad_post_layout":"default","_kad_post_sidebar_id":"","_kad_post_content_style":"default","_kad_post_vertical_padding":"default","_kad_post_feature":"","_kad_post_feature_position":"","_kad_post_header":false,"_kad_post_footer":false,"_kad_post_classname":""},"product_brand":[],"product_cat":[36,29,31],"product_tag":[151,153,154,150,152],"class_list":{"0":"post-573","1":"product","2":"type-product","3":"status-publish","4":"has-post-thumbnail","6":"product_cat-metal-bicycle-storage-cabinet-locker","7":"product_cat-metal-products","8":"product_cat-storage-sheds","9":"product_tag-bike-storage-shed","10":"product_tag-horizontal-bike-storage-shed","11":"product_tag-metal-bike-storage-shed","12":"product_tag-multi-use-outdoor-storage-shed","13":"product_tag-outdoor-bike-storage-shed","15":"first","16":"instock","17":"shipping-taxable","18":"product-type-simple","19":"entry","20":"content-bg","21":"loop-entry"},"_links":{"self":[{"href":"https:\/\/sdmetalshed.com\/fr\/wp-json\/wp\/v2\/product\/573","targetHints":{"allow":["GET"]}}],"collection":[{"href":"https:\/\/sdmetalshed.com\/fr\/wp-json\/wp\/v2\/product"}],"about":[{"href":"https:\/\/sdmetalshed.com\/fr\/wp-json\/wp\/v2\/types\/product"}],"wp:featuredmedia":[{"embeddable":true,"href":"https:\/\/sdmetalshed.com\/fr\/wp-json\/wp\/v2\/media\/574"}],"wp:attachment":[{"href":"https:\/\/sdmetalshed.com\/fr\/wp-json\/wp\/v2\/media?parent=573"}],"wp:term":[{"taxonomy":"product_brand","embeddable":true,"href":"https:\/\/sdmetalshed.com\/fr\/wp-json\/wp\/v2\/product_brand?post=573"},{"taxonomy":"product_cat","embeddable":true,"href":"https:\/\/sdmetalshed.com\/fr\/wp-json\/wp\/v2\/product_cat?post=573"},{"taxonomy":"product_tag","embeddable":true,"href":"https:\/\/sdmetalshed.com\/fr\/wp-json\/wp\/v2\/product_tag?post=573"}],"curies":[{"name":"wp","href":"https:\/\/api.w.org\/{rel}","templated":true}]}}