{"id":586,"date":"2022-03-01T12:23:46","date_gmt":"2022-03-01T04:23:46","guid":{"rendered":"https:\/\/sdmetalshed.com\/?post_type=product&#038;p=586"},"modified":"2022-03-01T12:23:46","modified_gmt":"2022-03-01T04:23:46","slug":"kit-dabri-hybride-en-metal-ironwood-pour-le-jardin-et-le-stockage-doutils-dans-la-cour-arriere","status":"publish","type":"product","link":"https:\/\/sdmetalshed.com\/fr\/product\/ironwood-metal-hybrid-shed-kit-for-garden-backyard-tool-storage\/","title":{"rendered":"Kit de remise hybride en m\u00e9tal Ironwood pour le rangement des outils de jardin et de cour en 10 pi x 8 pi."},"content":{"rendered":"","protected":false},"excerpt":{"rendered":"<p>Avec le kit de remise Ironwood, vous obtiendrez presque tout ce dont vous avez besoin pour construire votre propre remise selon vos sp\u00e9cifications. Vous obtiendrez l\u2019apparence et la sensation d\u2019un abri \u00e0 bois \u00e0 un prix plus abordable avec cet abri hybride en acier et panneaux de bois. Ce kit comprend tous les composants en acier dont vous aurez besoin pour construire votre propre cabanon. Tout ce dont vous aurez besoin est d&#039;acheter les panneaux de bois qui correspondent le mieux \u00e0 vos besoins (panneaux de bois vendus s\u00e9par\u00e9ment). Ensuite, teignez et traitez votre bois et choisissez le design de votre cabanon (vertical ou horizontal). Votre kit de remise comprend des pi\u00e8ces enti\u00e8rement en acier l\u00e0 o\u00f9 vous en avez le plus besoin dans votre remise. Il comporte des poutres de support en acier galvanis\u00e9 pour une r\u00e9sistance et une solidit\u00e9 am\u00e9lior\u00e9es \u00e0 la corrosion. Le hangar \u00e0 pignon haut vous offre une hauteur de stockage suffisante qui vous permet de stocker des articles en vrac et permet un acc\u00e8s facile. Les portes coulissantes verrouillables gardent vos objets en s\u00e9curit\u00e9. Obtenez un superbe kit de remise abordable d\u00e8s aujourd&#039;hui.<\/p>","protected":false},"featured_media":587,"template":"","meta":{"_kad_post_transparent":"default","_kad_post_title":"","_kad_post_layout":"default","_kad_post_sidebar_id":"","_kad_post_content_style":"default","_kad_post_vertical_padding":"default","_kad_post_feature":"","_kad_post_feature_position":"","_kad_post_header":false,"_kad_post_footer":false,"_kad_post_classname":""},"product_brand":[],"product_cat":[33,29,31],"product_tag":[160,159,158],"class_list":{"0":"post-586","1":"product","2":"type-product","3":"status-publish","4":"has-post-thumbnail","6":"product_cat-metal-garden-storage-sheds","7":"product_cat-metal-products","8":"product_cat-storage-sheds","9":"product_tag-backyard-tool-storage-shed-kit","10":"product_tag-garden-tool-storage-shed-kit","11":"product_tag-ironwood-metal-hybrid-shed-kit","13":"first","14":"instock","15":"shipping-taxable","16":"product-type-simple","17":"entry","18":"content-bg","19":"loop-entry"},"_links":{"self":[{"href":"https:\/\/sdmetalshed.com\/fr\/wp-json\/wp\/v2\/product\/586","targetHints":{"allow":["GET"]}}],"collection":[{"href":"https:\/\/sdmetalshed.com\/fr\/wp-json\/wp\/v2\/product"}],"about":[{"href":"https:\/\/sdmetalshed.com\/fr\/wp-json\/wp\/v2\/types\/product"}],"wp:featuredmedia":[{"embeddable":true,"href":"https:\/\/sdmetalshed.com\/fr\/wp-json\/wp\/v2\/media\/587"}],"wp:attachment":[{"href":"https:\/\/sdmetalshed.com\/fr\/wp-json\/wp\/v2\/media?parent=586"}],"wp:term":[{"taxonomy":"product_brand","embeddable":true,"href":"https:\/\/sdmetalshed.com\/fr\/wp-json\/wp\/v2\/product_brand?post=586"},{"taxonomy":"product_cat","embeddable":true,"href":"https:\/\/sdmetalshed.com\/fr\/wp-json\/wp\/v2\/product_cat?post=586"},{"taxonomy":"product_tag","embeddable":true,"href":"https:\/\/sdmetalshed.com\/fr\/wp-json\/wp\/v2\/product_tag?post=586"}],"curies":[{"name":"wp","href":"https:\/\/api.w.org\/{rel}","templated":true}]}}