{"id":594,"date":"2022-03-01T13:49:18","date_gmt":"2022-03-01T05:49:18","guid":{"rendered":"https:\/\/sdmetalshed.com\/?post_type=product&#038;p=594"},"modified":"2022-03-01T13:49:18","modified_gmt":"2022-03-01T05:49:18","slug":"moderne-exterieur-metal-jardin-patio-arriere-cabanon-de-stockage","status":"publish","type":"product","link":"https:\/\/sdmetalshed.com\/fr\/product\/modern-outdoor-metal-garden-patio-backyard-storage-shed\/","title":{"rendered":"Remise de rangement ext\u00e9rieure moderne en m\u00e9tal pour patio de jardin et arri\u00e8re-cour 5,9 pi x 3,2 pi x 2,7 pi"},"content":{"rendered":"","protected":false},"excerpt":{"rendered":"<p>Rangez et prot\u00e9gez vos fournitures de jardin dans cet abri de rangement de patio solide et durable gr\u00e2ce \u00e0 cet abri de rangement ext\u00e9rieur moderne en m\u00e9tal. Avec 6 pieds carr\u00e9s d&#039;espace au sol interne, cet abri compact est construit en acier galvanis\u00e9 thermolaqu\u00e9 qui r\u00e9siste \u00e0 la rouille, \u00e0 la corrosion et aux rayons UV. 2 supports \u00e0 outils offrent des options de stockage sur\u00e9lev\u00e9es pour maximiser l&#039;espace. La porte simple \u00e0 charni\u00e8re s&#039;ouvre enti\u00e8rement pour permettre un acc\u00e8s facile et est s\u00e9curis\u00e9e avec un verrou tournant et une cl\u00e9. Pour tous vos besoins de rangement ext\u00e9rieur.<\/p>","protected":false},"featured_media":595,"template":"","meta":{"_kad_post_transparent":"default","_kad_post_title":"","_kad_post_layout":"default","_kad_post_sidebar_id":"","_kad_post_content_style":"default","_kad_post_vertical_padding":"default","_kad_post_feature":"","_kad_post_feature_position":"","_kad_post_header":false,"_kad_post_footer":false,"_kad_post_classname":""},"product_brand":[],"product_cat":[33,29,31],"product_tag":[164,162,163,161,104],"class_list":{"0":"post-594","1":"product","2":"type-product","3":"status-publish","4":"has-post-thumbnail","6":"product_cat-metal-garden-storage-sheds","7":"product_cat-metal-products","8":"product_cat-storage-sheds","9":"product_tag-metal-backyard-storage-shed","10":"product_tag-metal-garden-storage-shed","11":"product_tag-metal-patio-storage-shed","12":"product_tag-modern-outdoor-storage-shed","13":"product_tag-outdoor-metal-storage-shed","15":"first","16":"instock","17":"shipping-taxable","18":"product-type-simple","19":"entry","20":"content-bg","21":"loop-entry"},"_links":{"self":[{"href":"https:\/\/sdmetalshed.com\/fr\/wp-json\/wp\/v2\/product\/594","targetHints":{"allow":["GET"]}}],"collection":[{"href":"https:\/\/sdmetalshed.com\/fr\/wp-json\/wp\/v2\/product"}],"about":[{"href":"https:\/\/sdmetalshed.com\/fr\/wp-json\/wp\/v2\/types\/product"}],"wp:featuredmedia":[{"embeddable":true,"href":"https:\/\/sdmetalshed.com\/fr\/wp-json\/wp\/v2\/media\/595"}],"wp:attachment":[{"href":"https:\/\/sdmetalshed.com\/fr\/wp-json\/wp\/v2\/media?parent=594"}],"wp:term":[{"taxonomy":"product_brand","embeddable":true,"href":"https:\/\/sdmetalshed.com\/fr\/wp-json\/wp\/v2\/product_brand?post=594"},{"taxonomy":"product_cat","embeddable":true,"href":"https:\/\/sdmetalshed.com\/fr\/wp-json\/wp\/v2\/product_cat?post=594"},{"taxonomy":"product_tag","embeddable":true,"href":"https:\/\/sdmetalshed.com\/fr\/wp-json\/wp\/v2\/product_tag?post=594"}],"curies":[{"name":"wp","href":"https:\/\/api.w.org\/{rel}","templated":true}]}}