{"id":608,"date":"2022-03-01T21:10:41","date_gmt":"2022-03-01T13:10:41","guid":{"rendered":"https:\/\/sdmetalshed.com\/?post_type=product&#038;p=608"},"modified":"2022-03-01T21:10:41","modified_gmt":"2022-03-01T13:10:41","slug":"outdoor-garden-storage-building-metal-garden-tool-storage-shed-with-sliding-door","status":"publish","type":"product","link":"https:\/\/sdmetalshed.com\/fr\/product\/outdoor-garden-storage-building-metal-garden-tool-storage-shed-with-sliding-door\/","title":{"rendered":"Hangar de stockage d&#039;outils de jardin en m\u00e9tal, b\u00e2timent de stockage de jardin ext\u00e9rieur avec porte coulissante"},"content":{"rendered":"","protected":false},"excerpt":{"rendered":"<p>Envisagez-vous d&#039;acheter un cabanon pour garder votre ext\u00e9rieur encombr\u00e9. Ce b\u00e2timent d&#039;entreposage ext\u00e9rieur de 8,4 pi x 8,4 pi avec un toit \u00e0 pignon \u00e9l\u00e9gant et des portes doubles verrouillables pourrait \u00eatre une option parfaite, qui peut ajouter de l&#039;attrait \u00e0 votre cour ou jardin tout en agissant comme une extension de votre maison. Le cadre m\u00e9tallique robuste et r\u00e9sistant aux intemp\u00e9ries avec un int\u00e9rieur spacieux offre un espace spacieux pour ranger vos tondeuses \u00e0 gazon, vos outils de jardinage, vos v\u00e9los et quelques sacs de compost suppl\u00e9mentaires. Vous pouvez \u00e9galement utiliser la maison de rangement d&#039;outils sans rendez-vous avec des \u00e9vents comme station d&#039;empotage pour vos plantes ou comme aire de jeu possible pour les enfants les jours de pluie. Dans l\u2019ensemble, cet abri de jardin moderne de haute qualit\u00e9 est un excellent investissement pour tous ceux qui souhaitent passer beaucoup de temps et d\u2019espace \u00e0 l\u2019ext\u00e9rieur.<\/p>","protected":false},"featured_media":609,"template":"","meta":{"_kad_post_transparent":"default","_kad_post_title":"","_kad_post_layout":"default","_kad_post_sidebar_id":"","_kad_post_content_style":"default","_kad_post_vertical_padding":"default","_kad_post_feature":"","_kad_post_feature_position":"","_kad_post_header":false,"_kad_post_footer":false,"_kad_post_classname":""},"product_brand":[],"product_cat":[33,29,31],"product_tag":[62,170,162,169,168,119],"class_list":{"0":"post-608","1":"product","2":"type-product","3":"status-publish","4":"has-post-thumbnail","6":"product_cat-metal-garden-storage-sheds","7":"product_cat-metal-products","8":"product_cat-storage-sheds","9":"product_tag-garden-tool-storage-shed","10":"product_tag-garden-tool-storage-with-sliding-door","11":"product_tag-metal-garden-storage-shed","12":"product_tag-metal-storage-shed","13":"product_tag-outdoor-storage-building","14":"product_tag-outdoor-storage-shed","16":"first","17":"instock","18":"shipping-taxable","19":"product-type-simple","20":"entry","21":"content-bg","22":"loop-entry"},"_links":{"self":[{"href":"https:\/\/sdmetalshed.com\/fr\/wp-json\/wp\/v2\/product\/608","targetHints":{"allow":["GET"]}}],"collection":[{"href":"https:\/\/sdmetalshed.com\/fr\/wp-json\/wp\/v2\/product"}],"about":[{"href":"https:\/\/sdmetalshed.com\/fr\/wp-json\/wp\/v2\/types\/product"}],"wp:featuredmedia":[{"embeddable":true,"href":"https:\/\/sdmetalshed.com\/fr\/wp-json\/wp\/v2\/media\/609"}],"wp:attachment":[{"href":"https:\/\/sdmetalshed.com\/fr\/wp-json\/wp\/v2\/media?parent=608"}],"wp:term":[{"taxonomy":"product_brand","embeddable":true,"href":"https:\/\/sdmetalshed.com\/fr\/wp-json\/wp\/v2\/product_brand?post=608"},{"taxonomy":"product_cat","embeddable":true,"href":"https:\/\/sdmetalshed.com\/fr\/wp-json\/wp\/v2\/product_cat?post=608"},{"taxonomy":"product_tag","embeddable":true,"href":"https:\/\/sdmetalshed.com\/fr\/wp-json\/wp\/v2\/product_tag?post=608"}],"curies":[{"name":"wp","href":"https:\/\/api.w.org\/{rel}","templated":true}]}}