{"id":616,"date":"2022-03-01T21:25:59","date_gmt":"2022-03-01T13:25:59","guid":{"rendered":"https:\/\/sdmetalshed.com\/?post_type=product&#038;p=616"},"modified":"2022-03-01T21:26:00","modified_gmt":"2022-03-01T13:26:00","slug":"custom-double-door-metal-yard-saver-white-galvanized-metal-storage-shed","status":"publish","type":"product","link":"https:\/\/sdmetalshed.com\/fr\/product\/custom-double-door-metal-yard-saver-white-galvanized-metal-storage-shed\/","title":{"rendered":"Personnalis\u00e9-Double-Porte-M\u00e9tal-Yard-Saver-Blanc-Abri-de-Stockage-en-M\u00e9tal-Galvanis\u00e9-4-pieds-x-7-pieds."},"content":{"rendered":"","protected":false},"excerpt":{"rendered":"<p>Un toit en pente et une conception en appentis vous permettent de placer cet abri de rangement en m\u00e9tal contre une autre structure pour une efficacit\u00e9 d&#039;espace maximale. L&#039;entr\u00e9e \u00e0 double porte peut \u00eatre assembl\u00e9e \u00e0 chaque extr\u00e9mit\u00e9 pour r\u00e9pondre \u00e0 vos besoins et l&#039;am\u00e9nagement de 4 pi x 7 pi offre 154 pi3. pieds d&#039;espace de rangement pour prot\u00e9ger les v\u00e9los, les meubles de patio, le mat\u00e9riel de grillade, les outils, les fournitures de pelouse et de jardin, les accessoires de piscine, les poubelles et plus encore. Ce b\u00e2timent de stockage sans plancher est construit en acier galvanis\u00e9 et s&#039;\u00e9l\u00e8ve \u00e0 82 pouces \u00e0 son point le plus \u00e9lev\u00e9, offrant une grande hauteur libre pour la maniabilit\u00e9.<\/p>","protected":false},"featured_media":617,"template":"","meta":{"_kad_post_transparent":"default","_kad_post_title":"","_kad_post_layout":"default","_kad_post_sidebar_id":"","_kad_post_content_style":"default","_kad_post_vertical_padding":"default","_kad_post_feature":"","_kad_post_feature_position":"","_kad_post_header":false,"_kad_post_footer":false,"_kad_post_classname":""},"product_brand":[],"product_cat":[33,29,31],"product_tag":[175,172,171,174,169,173],"class_list":{"0":"post-616","1":"product","2":"type-product","3":"status-publish","4":"has-post-thumbnail","6":"product_cat-metal-garden-storage-sheds","7":"product_cat-metal-products","8":"product_cat-storage-sheds","9":"product_tag-custom-metal-storage-shed","10":"product_tag-double-door-metal-storage-shed","11":"product_tag-double-door-metal-yard-saver","12":"product_tag-galvanized-metal-storage-shed","13":"product_tag-metal-storage-shed","14":"product_tag-metal-yard-saver","16":"first","17":"instock","18":"shipping-taxable","19":"product-type-simple","20":"entry","21":"content-bg","22":"loop-entry"},"_links":{"self":[{"href":"https:\/\/sdmetalshed.com\/fr\/wp-json\/wp\/v2\/product\/616","targetHints":{"allow":["GET"]}}],"collection":[{"href":"https:\/\/sdmetalshed.com\/fr\/wp-json\/wp\/v2\/product"}],"about":[{"href":"https:\/\/sdmetalshed.com\/fr\/wp-json\/wp\/v2\/types\/product"}],"wp:featuredmedia":[{"embeddable":true,"href":"https:\/\/sdmetalshed.com\/fr\/wp-json\/wp\/v2\/media\/617"}],"wp:attachment":[{"href":"https:\/\/sdmetalshed.com\/fr\/wp-json\/wp\/v2\/media?parent=616"}],"wp:term":[{"taxonomy":"product_brand","embeddable":true,"href":"https:\/\/sdmetalshed.com\/fr\/wp-json\/wp\/v2\/product_brand?post=616"},{"taxonomy":"product_cat","embeddable":true,"href":"https:\/\/sdmetalshed.com\/fr\/wp-json\/wp\/v2\/product_cat?post=616"},{"taxonomy":"product_tag","embeddable":true,"href":"https:\/\/sdmetalshed.com\/fr\/wp-json\/wp\/v2\/product_tag?post=616"}],"curies":[{"name":"wp","href":"https:\/\/api.w.org\/{rel}","templated":true}]}}