{"id":637,"date":"2022-03-01T22:49:58","date_gmt":"2022-03-01T14:49:58","guid":{"rendered":"https:\/\/sdmetalshed.com\/?post_type=product&#038;p=637"},"modified":"2022-03-01T22:50:52","modified_gmt":"2022-03-01T14:50:52","slug":"2-en-1-usage-multiple-metal-galvanise-exterieur-jardin-patio-remise-en-gros","status":"publish","type":"product","link":"https:\/\/sdmetalshed.com\/fr\/product\/2-in-1-multi-use-galvanized-metal-outdoor-garden-patio-storage-shed-wholesale\/","title":{"rendered":"Hangar de rangement pour patio de jardin ext\u00e9rieur en m\u00e9tal galvanis\u00e9 multi-usage 2 en 1, vente en gros"},"content":{"rendered":"","protected":false},"excerpt":{"rendered":"<p>Gardez tout organis\u00e9 en un seul endroit avec cet hangar de stockage multi-usage 2-en-1 pratique provenant directement de l&#039;usine chinoise. Notre merveille 2-en-1 comprend 9 pieds carr\u00e9s de rangement verrouillable et un b\u00fbcher ouvert pouvant contenir jusqu&#039;\u00e0 42 pieds cubes. pieds de bois de chauffage empil\u00e9. Solide et durable, cet abri \u00e9l\u00e9gant est construit en acier galvanis\u00e9 thermolaqu\u00e9 qui r\u00e9siste \u00e0 la rouille, \u00e0 la corrosion et aux rayons UV. Le toit en pente avec goutti\u00e8res permet un \u00e9coulement rapide de l&#039;eau lors des orages. L&#039;abri de rangement ferm\u00e9 comprend une porte simple \u00e0 charni\u00e8re qui s&#039;ouvre compl\u00e8tement pour permettre un acc\u00e8s facile et est s\u00e9curis\u00e9e avec un verrou coulissant compatible avec un cadenas (cadenas NON inclus). Parfait pour assaisonner et stocker tout votre bois de chauffage, le b\u00fbcher ouvert permet une bonne circulation de l&#039;air et un acc\u00e8s facile. De plus, la base m\u00e9tallique sur\u00e9lev\u00e9e maintient les b\u00fbches hors du sol. Pour tous vos besoins d\u2019entreposage ext\u00e9rieur, comptez sur des produits de qualit\u00e9 de notre part.<\/p>","protected":false},"featured_media":638,"template":"","meta":{"_kad_post_transparent":"default","_kad_post_title":"","_kad_post_layout":"default","_kad_post_sidebar_id":"","_kad_post_content_style":"default","_kad_post_vertical_padding":"default","_kad_post_feature":"","_kad_post_feature_position":"","_kad_post_header":false,"_kad_post_footer":false,"_kad_post_classname":""},"product_brand":[],"product_cat":[33,29,31],"product_tag":[183,174,184,185,150],"class_list":{"0":"post-637","1":"product","2":"type-product","3":"status-publish","4":"has-post-thumbnail","6":"product_cat-metal-garden-storage-sheds","7":"product_cat-metal-products","8":"product_cat-storage-sheds","9":"product_tag-2-in-1-outdoor-storage-shed","10":"product_tag-galvanized-metal-storage-shed","11":"product_tag-metal-outdoor-garden-storage-shed","12":"product_tag-metal-outdoor-patio-storage-shed","13":"product_tag-multi-use-outdoor-storage-shed","15":"first","16":"instock","17":"shipping-taxable","18":"product-type-simple","19":"entry","20":"content-bg","21":"loop-entry"},"_links":{"self":[{"href":"https:\/\/sdmetalshed.com\/fr\/wp-json\/wp\/v2\/product\/637","targetHints":{"allow":["GET"]}}],"collection":[{"href":"https:\/\/sdmetalshed.com\/fr\/wp-json\/wp\/v2\/product"}],"about":[{"href":"https:\/\/sdmetalshed.com\/fr\/wp-json\/wp\/v2\/types\/product"}],"wp:featuredmedia":[{"embeddable":true,"href":"https:\/\/sdmetalshed.com\/fr\/wp-json\/wp\/v2\/media\/638"}],"wp:attachment":[{"href":"https:\/\/sdmetalshed.com\/fr\/wp-json\/wp\/v2\/media?parent=637"}],"wp:term":[{"taxonomy":"product_brand","embeddable":true,"href":"https:\/\/sdmetalshed.com\/fr\/wp-json\/wp\/v2\/product_brand?post=637"},{"taxonomy":"product_cat","embeddable":true,"href":"https:\/\/sdmetalshed.com\/fr\/wp-json\/wp\/v2\/product_cat?post=637"},{"taxonomy":"product_tag","embeddable":true,"href":"https:\/\/sdmetalshed.com\/fr\/wp-json\/wp\/v2\/product_tag?post=637"}],"curies":[{"name":"wp","href":"https:\/\/api.w.org\/{rel}","templated":true}]}}