{"id":644,"date":"2022-03-07T16:56:21","date_gmt":"2022-03-07T08:56:21","guid":{"rendered":"https:\/\/sdmetalshed.com\/?post_type=product&#038;p=644"},"modified":"2022-03-07T16:56:22","modified_gmt":"2022-03-07T08:56:22","slug":"hangar-en-metal-galvanise-avec-portes-verrouillables-rangement-doutils-cabanon-de-jardin-pour-patio-pelouse-arriere-cour-poubelles","status":"publish","type":"product","link":"https:\/\/sdmetalshed.com\/fr\/product\/galvanized-metal-shed-with-lockable-doors-tool-storage-garden-shed-for-patio-lawn-backyard-trash-cans\/","title":{"rendered":"Hangar en m\u00e9tal galvanis\u00e9 avec portes verrouillables, abri de jardin pour le stockage d&#039;outils pour les poubelles d&#039;arri\u00e8re-cour de pelouse de patio"},"content":{"rendered":"","protected":false},"excerpt":{"rendered":"<p>Cette remise de jardin de 5 pi x 3 pi est la solution de rangement id\u00e9ale pour les petits jardins ou les zones \u00e0 espace limit\u00e9. Il a la taille id\u00e9ale pour ranger les v\u00e9los, les tondeuses \u00e0 gazon, les barbecues et les outils de jardinage. Comme tous nos hangars en acier, cette unit\u00e9 compacte est construite \u00e0 partir de t\u00f4les d&#039;acier galvanis\u00e9es et de cadres en aluminium sui generis, en acier galvanis\u00e9 r\u00e9sistant \u00e0 la rouille, \u00e0 la corrosion et aux rayons UV. La conception du toit en pente permet un ruissellement efficace de l&#039;eau et de la neige pour garder tout bien au sec toute l&#039;ann\u00e9e.<\/p>","protected":false},"featured_media":645,"template":"","meta":{"_kad_post_transparent":"default","_kad_post_title":"","_kad_post_layout":"default","_kad_post_sidebar_id":"","_kad_post_content_style":"default","_kad_post_vertical_padding":"default","_kad_post_feature":"","_kad_post_feature_position":"","_kad_post_header":false,"_kad_post_footer":false,"_kad_post_classname":""},"product_brand":[],"product_cat":[33,29,31],"product_tag":[101,186,189,188,187,190],"class_list":{"0":"post-644","1":"product","2":"type-product","3":"status-publish","4":"has-post-thumbnail","6":"product_cat-metal-garden-storage-sheds","7":"product_cat-metal-products","8":"product_cat-storage-sheds","9":"product_tag-backyard-tool-storage-shed","10":"product_tag-galvanized-metal-shed-with-lockable-doors","11":"product_tag-lawn-tool-storage-shed","12":"product_tag-patio-tool-storage-shed","13":"product_tag-tool-storage-garden-shed","14":"product_tag-trash-cans-storage-shed","16":"first","17":"instock","18":"shipping-taxable","19":"product-type-simple","20":"entry","21":"content-bg","22":"loop-entry"},"_links":{"self":[{"href":"https:\/\/sdmetalshed.com\/fr\/wp-json\/wp\/v2\/product\/644","targetHints":{"allow":["GET"]}}],"collection":[{"href":"https:\/\/sdmetalshed.com\/fr\/wp-json\/wp\/v2\/product"}],"about":[{"href":"https:\/\/sdmetalshed.com\/fr\/wp-json\/wp\/v2\/types\/product"}],"wp:featuredmedia":[{"embeddable":true,"href":"https:\/\/sdmetalshed.com\/fr\/wp-json\/wp\/v2\/media\/645"}],"wp:attachment":[{"href":"https:\/\/sdmetalshed.com\/fr\/wp-json\/wp\/v2\/media?parent=644"}],"wp:term":[{"taxonomy":"product_brand","embeddable":true,"href":"https:\/\/sdmetalshed.com\/fr\/wp-json\/wp\/v2\/product_brand?post=644"},{"taxonomy":"product_cat","embeddable":true,"href":"https:\/\/sdmetalshed.com\/fr\/wp-json\/wp\/v2\/product_cat?post=644"},{"taxonomy":"product_tag","embeddable":true,"href":"https:\/\/sdmetalshed.com\/fr\/wp-json\/wp\/v2\/product_tag?post=644"}],"curies":[{"name":"wp","href":"https:\/\/api.w.org\/{rel}","templated":true}]}}