{"id":649,"date":"2022-03-07T19:14:40","date_gmt":"2022-03-07T11:14:40","guid":{"rendered":"https:\/\/sdmetalshed.com\/?post_type=product&#038;p=649"},"modified":"2022-03-07T19:14:41","modified_gmt":"2022-03-07T11:14:41","slug":"acier-galvanise-grand-espace-long-abri-de-rangement-doutils-de-jardin-en-metal-en-couleur-verte","status":"publish","type":"product","link":"https:\/\/sdmetalshed.com\/fr\/product\/galvanized-steel-large-space-long-metal-garden-tool-storage-shed-in-green-color\/","title":{"rendered":"Hangar de stockage d&#039;outils de jardin en m\u00e9tal, grand espace en acier galvanis\u00e9, de couleur verte"},"content":{"rendered":"","protected":false},"excerpt":{"rendered":"<p>Cet abri de jardin en acier galvanis\u00e9 sera parfait pour ranger une grande vari\u00e9t\u00e9 d&#039;outils, de mobilier de jardin et d&#039;\u00e9quipement de jardin. L&#039;abri de jardin offre non seulement une protection contre la salet\u00e9 et la poussi\u00e8re, mais aussi contre le vent et les intemp\u00e9ries.<br \/>\nCet entrep\u00f4t est dot\u00e9 d&#039;a\u00e9rations, assurant une excellente ventilation. Ses doubles portes coulissantes \u00e0 l&#039;avant permettent une entr\u00e9e et une sortie faciles. Gr\u00e2ce \u00e0 la construction en acier galvanis\u00e9, l&#039;abri de stockage d&#039;outils est durable et solide, et ne se corrodera pas et ne sera pas affect\u00e9 par des conditions m\u00e9t\u00e9orologiques d\u00e9favorables.<\/p>","protected":false},"featured_media":650,"template":"","meta":{"_kad_post_transparent":"default","_kad_post_title":"","_kad_post_layout":"default","_kad_post_sidebar_id":"","_kad_post_content_style":"default","_kad_post_vertical_padding":"default","_kad_post_feature":"","_kad_post_feature_position":"","_kad_post_header":false,"_kad_post_footer":false,"_kad_post_classname":""},"product_brand":[],"product_cat":[33,29,31],"product_tag":[77,62,191,162],"class_list":{"0":"post-649","1":"product","2":"type-product","3":"status-publish","4":"has-post-thumbnail","6":"product_cat-metal-garden-storage-sheds","7":"product_cat-metal-products","8":"product_cat-storage-sheds","9":"product_tag-galvanized-steel-storage-shed","10":"product_tag-garden-tool-storage-shed","11":"product_tag-large-space-storage-shed","12":"product_tag-metal-garden-storage-shed","14":"first","15":"instock","16":"shipping-taxable","17":"product-type-simple","18":"entry","19":"content-bg","20":"loop-entry"},"_links":{"self":[{"href":"https:\/\/sdmetalshed.com\/fr\/wp-json\/wp\/v2\/product\/649","targetHints":{"allow":["GET"]}}],"collection":[{"href":"https:\/\/sdmetalshed.com\/fr\/wp-json\/wp\/v2\/product"}],"about":[{"href":"https:\/\/sdmetalshed.com\/fr\/wp-json\/wp\/v2\/types\/product"}],"wp:featuredmedia":[{"embeddable":true,"href":"https:\/\/sdmetalshed.com\/fr\/wp-json\/wp\/v2\/media\/650"}],"wp:attachment":[{"href":"https:\/\/sdmetalshed.com\/fr\/wp-json\/wp\/v2\/media?parent=649"}],"wp:term":[{"taxonomy":"product_brand","embeddable":true,"href":"https:\/\/sdmetalshed.com\/fr\/wp-json\/wp\/v2\/product_brand?post=649"},{"taxonomy":"product_cat","embeddable":true,"href":"https:\/\/sdmetalshed.com\/fr\/wp-json\/wp\/v2\/product_cat?post=649"},{"taxonomy":"product_tag","embeddable":true,"href":"https:\/\/sdmetalshed.com\/fr\/wp-json\/wp\/v2\/product_tag?post=649"}],"curies":[{"name":"wp","href":"https:\/\/api.w.org\/{rel}","templated":true}]}}