{"id":655,"date":"2022-03-07T19:24:33","date_gmt":"2022-03-07T11:24:33","guid":{"rendered":"https:\/\/sdmetalshed.com\/?post_type=product&#038;p=655"},"modified":"2022-03-08T16:12:15","modified_gmt":"2022-03-08T08:12:15","slug":"vert-acier-galvanise-exterieur-jardin-rangement-abri-doutils-maison-doutils-avec-porte-coulissante","status":"publish","type":"product","link":"https:\/\/sdmetalshed.com\/fr\/product\/green-galvanized-steel-outdoor-garden-storage-shed-tool-house-with-sliding-door\/","title":{"rendered":"Maison \u00e0 outils de hangar de stockage de jardin ext\u00e9rieur en acier galvanis\u00e9 vert avec porte coulissante"},"content":{"rendered":"","protected":false},"excerpt":{"rendered":"<p>Il s&#039;agit de notre abri de jardin ext\u00e9rieur attrayant et bien con\u00e7u qui convient au stockage de jouets, d&#039;outils de jardinage, de d\u00e9corations saisonni\u00e8res ou d&#039;autres effets personnels de rechange. Equip\u00e9 de deux portes coulissantes et de quatre fen\u00eatres d&#039;a\u00e9ration plac\u00e9es en hauteur, il assure s\u00e9curit\u00e9 et ventilation ad\u00e9quate. L&#039;assemblage sans tracas et l&#039;acc\u00e8s facile aux effets personnels rendent le stockage ext\u00e9rieur pratique et s\u00fbr. N&#039;h\u00e9sitez pas \u00e0 en acheter un !<\/p>","protected":false},"featured_media":656,"template":"","meta":{"_kad_post_transparent":"default","_kad_post_title":"","_kad_post_layout":"default","_kad_post_sidebar_id":"","_kad_post_content_style":"default","_kad_post_vertical_padding":"default","_kad_post_feature":"","_kad_post_feature_position":"","_kad_post_header":false,"_kad_post_footer":false,"_kad_post_classname":""},"product_brand":[],"product_cat":[33,29,31],"product_tag":[195,192,193,194,105],"class_list":{"0":"post-655","1":"product","2":"type-product","3":"status-publish","4":"has-post-thumbnail","6":"product_cat-metal-garden-storage-sheds","7":"product_cat-metal-products","8":"product_cat-storage-sheds","9":"product_tag-garden-storage-shed-tool-house","10":"product_tag-green-galvanized-steel-shed","11":"product_tag-green-garden-storage-shed","12":"product_tag-green-outdoor-storage-shed","13":"product_tag-outdoor-garden-storage-shed","15":"first","16":"instock","17":"featured","18":"shipping-taxable","19":"product-type-simple","20":"entry","21":"content-bg","22":"loop-entry"},"_links":{"self":[{"href":"https:\/\/sdmetalshed.com\/fr\/wp-json\/wp\/v2\/product\/655","targetHints":{"allow":["GET"]}}],"collection":[{"href":"https:\/\/sdmetalshed.com\/fr\/wp-json\/wp\/v2\/product"}],"about":[{"href":"https:\/\/sdmetalshed.com\/fr\/wp-json\/wp\/v2\/types\/product"}],"wp:featuredmedia":[{"embeddable":true,"href":"https:\/\/sdmetalshed.com\/fr\/wp-json\/wp\/v2\/media\/656"}],"wp:attachment":[{"href":"https:\/\/sdmetalshed.com\/fr\/wp-json\/wp\/v2\/media?parent=655"}],"wp:term":[{"taxonomy":"product_brand","embeddable":true,"href":"https:\/\/sdmetalshed.com\/fr\/wp-json\/wp\/v2\/product_brand?post=655"},{"taxonomy":"product_cat","embeddable":true,"href":"https:\/\/sdmetalshed.com\/fr\/wp-json\/wp\/v2\/product_cat?post=655"},{"taxonomy":"product_tag","embeddable":true,"href":"https:\/\/sdmetalshed.com\/fr\/wp-json\/wp\/v2\/product_tag?post=655"}],"curies":[{"name":"wp","href":"https:\/\/api.w.org\/{rel}","templated":true}]}}