{"id":669,"date":"2022-03-07T19:49:52","date_gmt":"2022-03-07T11:49:52","guid":{"rendered":"https:\/\/sdmetalshed.com\/?post_type=product&#038;p=669"},"modified":"2022-03-07T19:50:14","modified_gmt":"2022-03-07T11:50:14","slug":"bleu-et-gris-abri-de-stockage-en-acier-en-plein-air-abri-de-stockage-en-acier-sur-patio-espace-fabricant","status":"publish","type":"product","link":"https:\/\/sdmetalshed.com\/fr\/product\/blue-and-gray-outdoor-steel-storage-shed-patio-steel-storage-shed-space-maker\/","title":{"rendered":"Hangar de rangement ext\u00e9rieur en acier bleu et gris Hangar de rangement en acier pour patio Space Maker"},"content":{"rendered":"","protected":false},"excerpt":{"rendered":"<p>L&#039;abri de rangement en acier pour terrasse est de taille parfaite pour ranger tous les articles que vous utilisez sur votre terrasse et votre patio. Rangez vos coussins, vos chariots de service et bien plus encore lorsqu&#039;ils ne sont pas utilis\u00e9s, en les prot\u00e9geant de M\u00e8re Nature. Les murs hauts et les larges ouvertures des portes battantes vous permettent de d\u00e9placer facilement des objets. Cet abri en acier galvanis\u00e9 est fi\u00e8rement fabriqu\u00e9 aux \u00c9tats-Unis avec des mat\u00e9riaux d&#039;origine mondiale. Obtenez le rangement dont vous avez besoin gr\u00e2ce \u00e0 cet ensemble abordable, esth\u00e9tique et de taille parfaite pour votre patio ou votre terrasse.<\/p>","protected":false},"featured_media":665,"template":"","meta":{"_kad_post_transparent":"default","_kad_post_title":"","_kad_post_layout":"default","_kad_post_sidebar_id":"","_kad_post_content_style":"default","_kad_post_vertical_padding":"default","_kad_post_feature":"","_kad_post_feature_position":"","_kad_post_header":false,"_kad_post_footer":false,"_kad_post_classname":""},"product_brand":[],"product_cat":[33,29,31],"product_tag":[200,202,201,203],"class_list":{"0":"post-669","1":"product","2":"type-product","3":"status-publish","4":"has-post-thumbnail","6":"product_cat-metal-garden-storage-sheds","7":"product_cat-metal-products","8":"product_cat-storage-sheds","9":"product_tag-outdoor-steel-storage-shed","10":"product_tag-patio-outdoor-storage-shed","11":"product_tag-patio-steel-storage-shed","12":"product_tag-storage-shed-space-maker","14":"first","15":"instock","16":"shipping-taxable","17":"product-type-simple","18":"entry","19":"content-bg","20":"loop-entry"},"_links":{"self":[{"href":"https:\/\/sdmetalshed.com\/fr\/wp-json\/wp\/v2\/product\/669","targetHints":{"allow":["GET"]}}],"collection":[{"href":"https:\/\/sdmetalshed.com\/fr\/wp-json\/wp\/v2\/product"}],"about":[{"href":"https:\/\/sdmetalshed.com\/fr\/wp-json\/wp\/v2\/types\/product"}],"wp:featuredmedia":[{"embeddable":true,"href":"https:\/\/sdmetalshed.com\/fr\/wp-json\/wp\/v2\/media\/665"}],"wp:attachment":[{"href":"https:\/\/sdmetalshed.com\/fr\/wp-json\/wp\/v2\/media?parent=669"}],"wp:term":[{"taxonomy":"product_brand","embeddable":true,"href":"https:\/\/sdmetalshed.com\/fr\/wp-json\/wp\/v2\/product_brand?post=669"},{"taxonomy":"product_cat","embeddable":true,"href":"https:\/\/sdmetalshed.com\/fr\/wp-json\/wp\/v2\/product_cat?post=669"},{"taxonomy":"product_tag","embeddable":true,"href":"https:\/\/sdmetalshed.com\/fr\/wp-json\/wp\/v2\/product_tag?post=669"}],"curies":[{"name":"wp","href":"https:\/\/api.w.org\/{rel}","templated":true}]}}