{"id":672,"date":"2022-03-07T20:10:56","date_gmt":"2022-03-07T12:10:56","guid":{"rendered":"https:\/\/sdmetalshed.com\/?post_type=product&#038;p=672"},"modified":"2022-03-07T20:11:08","modified_gmt":"2022-03-07T12:11:08","slug":"durable-elegant-abri-de-rangement-en-metal-pour-lexterieur-avec-porte-verrouillable-en-couleur-or","status":"publish","type":"product","link":"https:\/\/sdmetalshed.com\/fr\/product\/durable-stylish-outdoor-metal-storage-shed-with-lockable-door-in-gold-color\/","title":{"rendered":"Hangar de rangement ext\u00e9rieur en m\u00e9tal \u00e9l\u00e9gant et durable avec porte verrouillable de couleur dor\u00e9e"},"content":{"rendered":"","protected":false},"excerpt":{"rendered":"<p>Pour vous aider \u00e0 mieux organiser vos affaires, nous mettons \u00e0 votre disposition un cabanon de rangement durable et \u00e9l\u00e9gant qui r\u00e9sistera \u00e0 l&#039;\u00e9preuve du temps. Avec notre remise \u00e0 outils en m\u00e9tal, vous constaterez qu&#039;elle \u00e9l\u00e8ve votre espace de vie suppl\u00e9mentaire \u00e0 l&#039;extraordinaire. Qu&#039;il s&#039;agisse d&#039;une armoire de jardin pour le stockage ou simplement d&#039;une chambre \u00e0 d\u00e9chets pour \u00e9viter les odeurs naus\u00e9abondes, les hangars ext\u00e9rieurs en m\u00e9tal avec une structure int\u00e9rieure robuste et renforc\u00e9e et une structure int\u00e9rieure robuste et renforc\u00e9e. Le syst\u00e8me de verrouillage en m\u00e9tal en fait une consid\u00e9ration int\u00e9ressante.<\/p>","protected":false},"featured_media":673,"template":"","meta":{"_kad_post_transparent":"default","_kad_post_title":"","_kad_post_layout":"default","_kad_post_sidebar_id":"","_kad_post_content_style":"default","_kad_post_vertical_padding":"default","_kad_post_feature":"","_kad_post_feature_position":"","_kad_post_header":false,"_kad_post_footer":false,"_kad_post_classname":""},"product_brand":[],"product_cat":[33,29,31],"product_tag":[204,206,178,104,205],"class_list":{"0":"post-672","1":"product","2":"type-product","3":"status-publish","4":"has-post-thumbnail","6":"product_cat-metal-garden-storage-sheds","7":"product_cat-metal-products","8":"product_cat-storage-sheds","9":"product_tag-durable-outdoor-metal-storage-shed","10":"product_tag-gold-outdoor-metal-storage-shed","11":"product_tag-metal-storage-shed-with-lockable-door","12":"product_tag-outdoor-metal-storage-shed","13":"product_tag-stylish-outdoor-metal-storage-shed","15":"first","16":"instock","17":"shipping-taxable","18":"product-type-simple","19":"entry","20":"content-bg","21":"loop-entry"},"_links":{"self":[{"href":"https:\/\/sdmetalshed.com\/fr\/wp-json\/wp\/v2\/product\/672","targetHints":{"allow":["GET"]}}],"collection":[{"href":"https:\/\/sdmetalshed.com\/fr\/wp-json\/wp\/v2\/product"}],"about":[{"href":"https:\/\/sdmetalshed.com\/fr\/wp-json\/wp\/v2\/types\/product"}],"wp:featuredmedia":[{"embeddable":true,"href":"https:\/\/sdmetalshed.com\/fr\/wp-json\/wp\/v2\/media\/673"}],"wp:attachment":[{"href":"https:\/\/sdmetalshed.com\/fr\/wp-json\/wp\/v2\/media?parent=672"}],"wp:term":[{"taxonomy":"product_brand","embeddable":true,"href":"https:\/\/sdmetalshed.com\/fr\/wp-json\/wp\/v2\/product_brand?post=672"},{"taxonomy":"product_cat","embeddable":true,"href":"https:\/\/sdmetalshed.com\/fr\/wp-json\/wp\/v2\/product_cat?post=672"},{"taxonomy":"product_tag","embeddable":true,"href":"https:\/\/sdmetalshed.com\/fr\/wp-json\/wp\/v2\/product_tag?post=672"}],"curies":[{"name":"wp","href":"https:\/\/api.w.org\/{rel}","templated":true}]}}