{"id":685,"date":"2022-03-07T20:41:07","date_gmt":"2022-03-07T12:41:07","guid":{"rendered":"https:\/\/sdmetalshed.com\/?post_type=product&#038;p=685"},"modified":"2022-03-07T20:41:07","modified_gmt":"2022-03-07T12:41:07","slug":"pelouse-jardin-cour-acier-abri-de-rangement-exterieur-maison-de-stockage-doutils-utilitaires-avec-porte-coulissante","status":"publish","type":"product","link":"https:\/\/sdmetalshed.com\/fr\/product\/lawn-backyard-garden-metal-outdoor-storage-shed-utility-tool-storage-house-with-sliding-door\/","title":{"rendered":"Pelouse arri\u00e8re-cour jardin m\u00e9tal hangar de stockage ext\u00e9rieur utilitaire outil maison de stockage avec porte coulissante"},"content":{"rendered":"","protected":false},"excerpt":{"rendered":"<p>8&#8217;x 10&#8242; outdoor storage shed is made of high-quality powder-coated galvanized steel, which is durable. Including floor frame. The sloping roof increases storage space, prevents rainwater from accumulating, prevents the shed from rusting, and keeps the tools dry in rainy days. Sliding doors increase operability and facilitate entry and exit.<\/p>","protected":false},"featured_media":686,"template":"","meta":{"_kad_post_transparent":"default","_kad_post_title":"","_kad_post_layout":"default","_kad_post_sidebar_id":"","_kad_post_content_style":"default","_kad_post_vertical_padding":"default","_kad_post_feature":"","_kad_post_feature_position":"","_kad_post_header":false,"_kad_post_footer":false,"_kad_post_classname":""},"product_brand":[],"product_cat":[33,29,31],"product_tag":[212,213,211,214,215],"class_list":{"0":"post-685","1":"product","2":"type-product","3":"status-publish","4":"has-post-thumbnail","6":"product_cat-metal-garden-storage-sheds","7":"product_cat-metal-products","8":"product_cat-storage-sheds","9":"product_tag-backyard-metal-outdoor-storage-shed","10":"product_tag-garden-metal-outdoor-storage-shed","11":"product_tag-lawn-metal-outdoor-storage-shed","12":"product_tag-utility-tool-storage-house","13":"product_tag-utility-tool-storage-house-with-sliding-door","15":"first","16":"instock","17":"shipping-taxable","18":"product-type-simple","19":"entry","20":"content-bg","21":"loop-entry"},"_links":{"self":[{"href":"https:\/\/sdmetalshed.com\/fr\/wp-json\/wp\/v2\/product\/685","targetHints":{"allow":["GET"]}}],"collection":[{"href":"https:\/\/sdmetalshed.com\/fr\/wp-json\/wp\/v2\/product"}],"about":[{"href":"https:\/\/sdmetalshed.com\/fr\/wp-json\/wp\/v2\/types\/product"}],"wp:featuredmedia":[{"embeddable":true,"href":"https:\/\/sdmetalshed.com\/fr\/wp-json\/wp\/v2\/media\/686"}],"wp:attachment":[{"href":"https:\/\/sdmetalshed.com\/fr\/wp-json\/wp\/v2\/media?parent=685"}],"wp:term":[{"taxonomy":"product_brand","embeddable":true,"href":"https:\/\/sdmetalshed.com\/fr\/wp-json\/wp\/v2\/product_brand?post=685"},{"taxonomy":"product_cat","embeddable":true,"href":"https:\/\/sdmetalshed.com\/fr\/wp-json\/wp\/v2\/product_cat?post=685"},{"taxonomy":"product_tag","embeddable":true,"href":"https:\/\/sdmetalshed.com\/fr\/wp-json\/wp\/v2\/product_tag?post=685"}],"curies":[{"name":"wp","href":"https:\/\/api.w.org\/{rel}","templated":true}]}}