{"id":689,"date":"2022-03-07T20:49:48","date_gmt":"2022-03-07T12:49:48","guid":{"rendered":"https:\/\/sdmetalshed.com\/?post_type=product&#038;p=689"},"modified":"2022-03-07T20:49:49","modified_gmt":"2022-03-07T12:49:49","slug":"vert-couleur-horizontal-abri-de-stockage-en-acier-organiseur-verrouillable-avec-deux-events-dair","status":"publish","type":"product","link":"https:\/\/sdmetalshed.com\/fr\/product\/green-color-horizontal-steel-storage-shed-lockable-organizer-with-two-air-vents\/","title":{"rendered":"Organisateur verrouillable de hangar de stockage en acier horizontal de couleur verte avec deux bouches d&#039;a\u00e9ration"},"content":{"rendered":"","protected":false},"excerpt":{"rendered":"<p>Les accessoires de jardin tels que les tondeuses \u00e0 gazon, les v\u00e9los et les poubelles n&#039;ont toujours nulle part o\u00f9 \u00eatre plac\u00e9s. Ils rendront votre jardin en d\u00e9sordre. En ce moment, vous devez \u00eatre impatient de trouver une place pour ces objets. Et cet abri de rangement ext\u00e9rieur est votre meilleur choix pour r\u00e9pondre \u00e0 vos besoins. Cet organisateur d&#039;outils de jardin est fabriqu\u00e9 en acier galvanis\u00e9 qui est plus durable et plus stable que les mat\u00e9riaux composites classiques. L&#039;acier galvanis\u00e9 est moins sujet \u00e0 la rouille ou \u00e0 la corrosion et dure longtemps. L&#039;abri de stockage Pirecart Green peut parfaitement fonctionner \u00e0 l&#039;ext\u00e9rieur par tous les temps et toutes les saisons.<\/p>","protected":false},"featured_media":690,"template":"","meta":{"_kad_post_transparent":"default","_kad_post_title":"","_kad_post_layout":"default","_kad_post_sidebar_id":"","_kad_post_content_style":"default","_kad_post_vertical_padding":"default","_kad_post_feature":"","_kad_post_feature_position":"","_kad_post_header":false,"_kad_post_footer":false,"_kad_post_classname":""},"product_brand":[],"product_cat":[33,29,31],"product_tag":[218,217,216,219],"class_list":{"0":"post-689","1":"product","2":"type-product","3":"status-publish","4":"has-post-thumbnail","6":"product_cat-metal-garden-storage-sheds","7":"product_cat-metal-products","8":"product_cat-storage-sheds","9":"product_tag-green-color-storage-shed","10":"product_tag-horizontal-steel-lockable-organizer","11":"product_tag-horizontal-steel-storage-shed","12":"product_tag-steel-storage-shed-with-two-air-vents","14":"first","15":"instock","16":"shipping-taxable","17":"product-type-simple","18":"entry","19":"content-bg","20":"loop-entry"},"_links":{"self":[{"href":"https:\/\/sdmetalshed.com\/fr\/wp-json\/wp\/v2\/product\/689","targetHints":{"allow":["GET"]}}],"collection":[{"href":"https:\/\/sdmetalshed.com\/fr\/wp-json\/wp\/v2\/product"}],"about":[{"href":"https:\/\/sdmetalshed.com\/fr\/wp-json\/wp\/v2\/types\/product"}],"wp:featuredmedia":[{"embeddable":true,"href":"https:\/\/sdmetalshed.com\/fr\/wp-json\/wp\/v2\/media\/690"}],"wp:attachment":[{"href":"https:\/\/sdmetalshed.com\/fr\/wp-json\/wp\/v2\/media?parent=689"}],"wp:term":[{"taxonomy":"product_brand","embeddable":true,"href":"https:\/\/sdmetalshed.com\/fr\/wp-json\/wp\/v2\/product_brand?post=689"},{"taxonomy":"product_cat","embeddable":true,"href":"https:\/\/sdmetalshed.com\/fr\/wp-json\/wp\/v2\/product_cat?post=689"},{"taxonomy":"product_tag","embeddable":true,"href":"https:\/\/sdmetalshed.com\/fr\/wp-json\/wp\/v2\/product_tag?post=689"}],"curies":[{"name":"wp","href":"https:\/\/api.w.org\/{rel}","templated":true}]}}