{"id":695,"date":"2022-03-07T22:48:12","date_gmt":"2022-03-07T14:48:12","guid":{"rendered":"https:\/\/sdmetalshed.com\/?post_type=product&#038;p=695"},"modified":"2022-03-08T16:12:35","modified_gmt":"2022-03-08T08:12:35","slug":"patio-pelouse-jardin-arriere-cour-abri-de-stockage-en-acier-avec-porte-verrouillable-et-events","status":"publish","type":"product","link":"https:\/\/sdmetalshed.com\/fr\/product\/patio-lawn-backyard-garden-steel-storage-shed-with-lockable-door-and-air-vents\/","title":{"rendered":"Hangar de rangement en acier pour jardin, pelouse, patio, arri\u00e8re-cour, avec porte verrouillable et bouches d&#039;a\u00e9ration"},"content":{"rendered":"","protected":false},"excerpt":{"rendered":"<p>L&#039;abri de jardin est fabriqu\u00e9 en acier galvanis\u00e9, plus durable et plus stable que les mat\u00e9riaux composites classiques. L&#039;acier galvanis\u00e9 est moins sujet \u00e0 la rouille ou \u00e0 la corrosion et dure longtemps. Cet abri de stockage peut parfaitement fonctionner \u00e0 l\u2019ext\u00e9rieur, peu importe le temps ou la saison. Cet abri de rangement ext\u00e9rieur vous permet de satisfaire vos multiples usages, tels que le stockage d&#039;outils, la salle des poubelles, la maison pour animaux de compagnie et \u00e9galement le salon ext\u00e9rieur. Cet abri ext\u00e9rieur est facile \u00e0 assembler et vous pouvez l&#039;installer dans votre jardin, votre cour arri\u00e8re et \u00e9galement dans certains parcs pour ranger vos affaires suppl\u00e9mentaires.<\/p>","protected":false},"featured_media":697,"template":"","meta":{"_kad_post_transparent":"default","_kad_post_title":"","_kad_post_layout":"default","_kad_post_sidebar_id":"","_kad_post_content_style":"default","_kad_post_vertical_padding":"default","_kad_post_feature":"","_kad_post_feature_position":"","_kad_post_header":false,"_kad_post_footer":false,"_kad_post_classname":""},"product_brand":[],"product_cat":[33,29,31],"product_tag":[221,222,220,201,224,223],"class_list":{"0":"post-695","1":"product","2":"type-product","3":"status-publish","4":"has-post-thumbnail","6":"product_cat-metal-garden-storage-sheds","7":"product_cat-metal-products","8":"product_cat-storage-sheds","9":"product_tag-backyard-steel-storage-shed","10":"product_tag-garden-steel-storage-shed","11":"product_tag-lawn-steel-storage-shed","12":"product_tag-patio-steel-storage-shed","13":"product_tag-steel-storage-shed-with-air-vents","14":"product_tag-steel-storage-shed-with-lockable-door","16":"first","17":"instock","18":"featured","19":"shipping-taxable","20":"product-type-simple","21":"entry","22":"content-bg","23":"loop-entry"},"_links":{"self":[{"href":"https:\/\/sdmetalshed.com\/fr\/wp-json\/wp\/v2\/product\/695","targetHints":{"allow":["GET"]}}],"collection":[{"href":"https:\/\/sdmetalshed.com\/fr\/wp-json\/wp\/v2\/product"}],"about":[{"href":"https:\/\/sdmetalshed.com\/fr\/wp-json\/wp\/v2\/types\/product"}],"wp:featuredmedia":[{"embeddable":true,"href":"https:\/\/sdmetalshed.com\/fr\/wp-json\/wp\/v2\/media\/697"}],"wp:attachment":[{"href":"https:\/\/sdmetalshed.com\/fr\/wp-json\/wp\/v2\/media?parent=695"}],"wp:term":[{"taxonomy":"product_brand","embeddable":true,"href":"https:\/\/sdmetalshed.com\/fr\/wp-json\/wp\/v2\/product_brand?post=695"},{"taxonomy":"product_cat","embeddable":true,"href":"https:\/\/sdmetalshed.com\/fr\/wp-json\/wp\/v2\/product_cat?post=695"},{"taxonomy":"product_tag","embeddable":true,"href":"https:\/\/sdmetalshed.com\/fr\/wp-json\/wp\/v2\/product_tag?post=695"}],"curies":[{"name":"wp","href":"https:\/\/api.w.org\/{rel}","templated":true}]}}