{"id":712,"date":"2022-03-07T23:12:36","date_gmt":"2022-03-07T15:12:36","guid":{"rendered":"https:\/\/sdmetalshed.com\/?post_type=product&#038;p=712"},"modified":"2022-03-07T23:12:36","modified_gmt":"2022-03-07T15:12:36","slug":"abri-de-stockage-exterieur-avec-portes-en-acier-renforce-verrouillables-et-systeme-de-stockage-personnalisable","status":"publish","type":"product","link":"https:\/\/sdmetalshed.com\/fr\/product\/outdoor-storage-shed-with-customizable-lockable-steel-reinforced-doors-and-storage-system\/","title":{"rendered":"Hangar de rangement ext\u00e9rieur avec portes renforc\u00e9es en acier verrouillables personnalisables et syst\u00e8me de rangement"},"content":{"rendered":"","protected":false},"excerpt":{"rendered":"<p>Le b\u00e2timent de jardin de 15 pi x 8 pi (entr\u00e9e lat\u00e9rale) comprend\u00a0: 6 petits puits de lumi\u00e8re, 2 fen\u00eatres en polycarbonate incassables, 2 bouches d&#039;a\u00e9ration grillag\u00e9es, 2 volets d\u00e9coratifs, 2 bandes \u00e0 chevilles, 2 \u00e9tag\u00e8res de 90 po x 9 po, 4 \u00e9tag\u00e8res d&#039;angle et une garantie limit\u00e9e de 10 ans. Mat\u00e9riel de plancher et d&#039;installation inclus. Livr\u00e9 en 3 bo\u00eetes.<\/p>","protected":false},"featured_media":713,"template":"","meta":{"_kad_post_transparent":"default","_kad_post_title":"","_kad_post_layout":"default","_kad_post_sidebar_id":"","_kad_post_content_style":"default","_kad_post_vertical_padding":"default","_kad_post_feature":"","_kad_post_feature_position":"","_kad_post_header":false,"_kad_post_footer":false,"_kad_post_classname":""},"product_brand":[],"product_cat":[33,29,31],"product_tag":[119,228,227],"class_list":{"0":"post-712","1":"product","2":"type-product","3":"status-publish","4":"has-post-thumbnail","6":"product_cat-metal-garden-storage-sheds","7":"product_cat-metal-products","8":"product_cat-storage-sheds","9":"product_tag-outdoor-storage-shed","10":"product_tag-outdoor-storage-shed-customizable-with-storage-system","11":"product_tag-outdoor-storage-shed-with-lockable-steel-reinforced-doors","13":"first","14":"instock","15":"shipping-taxable","16":"product-type-simple","17":"entry","18":"content-bg","19":"loop-entry"},"_links":{"self":[{"href":"https:\/\/sdmetalshed.com\/fr\/wp-json\/wp\/v2\/product\/712","targetHints":{"allow":["GET"]}}],"collection":[{"href":"https:\/\/sdmetalshed.com\/fr\/wp-json\/wp\/v2\/product"}],"about":[{"href":"https:\/\/sdmetalshed.com\/fr\/wp-json\/wp\/v2\/types\/product"}],"wp:featuredmedia":[{"embeddable":true,"href":"https:\/\/sdmetalshed.com\/fr\/wp-json\/wp\/v2\/media\/713"}],"wp:attachment":[{"href":"https:\/\/sdmetalshed.com\/fr\/wp-json\/wp\/v2\/media?parent=712"}],"wp:term":[{"taxonomy":"product_brand","embeddable":true,"href":"https:\/\/sdmetalshed.com\/fr\/wp-json\/wp\/v2\/product_brand?post=712"},{"taxonomy":"product_cat","embeddable":true,"href":"https:\/\/sdmetalshed.com\/fr\/wp-json\/wp\/v2\/product_cat?post=712"},{"taxonomy":"product_tag","embeddable":true,"href":"https:\/\/sdmetalshed.com\/fr\/wp-json\/wp\/v2\/product_tag?post=712"}],"curies":[{"name":"wp","href":"https:\/\/api.w.org\/{rel}","templated":true}]}}