{"id":723,"date":"2022-03-08T10:27:23","date_gmt":"2022-03-08T02:27:23","guid":{"rendered":"https:\/\/sdmetalshed.com\/?post_type=product&#038;p=723"},"modified":"2022-03-08T10:27:23","modified_gmt":"2022-03-08T02:27:23","slug":"abri-de-jardin-en-acier-galvanise-local-de-stockage-doutils-pour-terrasse-en-couleur-anthracite","status":"publish","type":"product","link":"https:\/\/sdmetalshed.com\/fr\/product\/galvanized-steel-garden-storage-shed-patio-tool-storage-house-in-anthracite-color\/","title":{"rendered":"Abri de rangement de jardin en acier galvanis\u00e9, maison de rangement d&#039;outils de patio de couleur anthracite"},"content":{"rendered":"","protected":false},"excerpt":{"rendered":"<p>Cet abri de jardin est id\u00e9al pour ranger une grande vari\u00e9t\u00e9 d&#039;articles comme des outils, du mobilier de jardin, du mat\u00e9riel de jardin, etc. L&#039;abri offre une protection contre la salet\u00e9, la poussi\u00e8re, les vents forts et les intemp\u00e9ries. Cet entrep\u00f4t est \u00e9quip\u00e9 d&#039;\u00e9vents qui assurent une ventilation permettant de r\u00e9duire l&#039;accumulation d&#039;humidit\u00e9 et d&#039;odeurs dans la maison. Dot\u00e9 d&#039;\u00e9tag\u00e8res, il offre suffisamment d&#039;espace de rangement pour garder vos objets essentiels organis\u00e9s. De plus, fabriqu\u00e9 en acier galvanis\u00e9, cet abri de rangement ext\u00e9rieur n\u00e9cessite un entretien minimal et est tr\u00e8s durable. Les portes \u00e0 double ouverture \u00e0 l&#039;avant permettent une entr\u00e9e et une sortie faciles. L&#039;eau de pluie s&#039;\u00e9coule automatiquement du toit gr\u00e2ce \u00e0 sa conception en pente.<\/p>","protected":false},"featured_media":724,"template":"","meta":{"_kad_post_transparent":"default","_kad_post_title":"","_kad_post_layout":"default","_kad_post_sidebar_id":"","_kad_post_content_style":"default","_kad_post_vertical_padding":"default","_kad_post_feature":"","_kad_post_feature_position":"","_kad_post_header":false,"_kad_post_footer":false,"_kad_post_classname":""},"product_brand":[],"product_cat":[33,29,31],"product_tag":[231,232],"class_list":{"0":"post-723","1":"product","2":"type-product","3":"status-publish","4":"has-post-thumbnail","6":"product_cat-metal-garden-storage-sheds","7":"product_cat-metal-products","8":"product_cat-storage-sheds","9":"product_tag-galvanized-steel-garden-storage-shed","10":"product_tag-patio-tool-storage-house","12":"first","13":"instock","14":"shipping-taxable","15":"product-type-simple","16":"entry","17":"content-bg","18":"loop-entry"},"_links":{"self":[{"href":"https:\/\/sdmetalshed.com\/fr\/wp-json\/wp\/v2\/product\/723","targetHints":{"allow":["GET"]}}],"collection":[{"href":"https:\/\/sdmetalshed.com\/fr\/wp-json\/wp\/v2\/product"}],"about":[{"href":"https:\/\/sdmetalshed.com\/fr\/wp-json\/wp\/v2\/types\/product"}],"wp:featuredmedia":[{"embeddable":true,"href":"https:\/\/sdmetalshed.com\/fr\/wp-json\/wp\/v2\/media\/724"}],"wp:attachment":[{"href":"https:\/\/sdmetalshed.com\/fr\/wp-json\/wp\/v2\/media?parent=723"}],"wp:term":[{"taxonomy":"product_brand","embeddable":true,"href":"https:\/\/sdmetalshed.com\/fr\/wp-json\/wp\/v2\/product_brand?post=723"},{"taxonomy":"product_cat","embeddable":true,"href":"https:\/\/sdmetalshed.com\/fr\/wp-json\/wp\/v2\/product_cat?post=723"},{"taxonomy":"product_tag","embeddable":true,"href":"https:\/\/sdmetalshed.com\/fr\/wp-json\/wp\/v2\/product_tag?post=723"}],"curies":[{"name":"wp","href":"https:\/\/api.w.org\/{rel}","templated":true}]}}