{"id":731,"date":"2022-03-08T10:51:28","date_gmt":"2022-03-08T02:51:28","guid":{"rendered":"https:\/\/sdmetalshed.com\/?post_type=product&#038;p=731"},"modified":"2022-03-08T16:09:25","modified_gmt":"2022-03-08T08:09:25","slug":"tonnelle-metallique-en-aluminium-toit-double-permanent-en-metal-pour-patio","status":"publish","type":"product","link":"https:\/\/sdmetalshed.com\/fr\/product\/metal-gazebo-aluminum-permanent-double-tier-roof-outdoor-hardtop-gazebo-for-patios\/","title":{"rendered":"Gazebo en m\u00e9tal Gazebo permanent en aluminium \u00e0 toit rigide \u00e0 deux niveaux pour patios"},"content":{"rendered":"","protected":false},"excerpt":{"rendered":"<p>Notre gazebo de terrasse est con\u00e7u avec un filet. Le gazebo est compos\u00e9 d&#039;un cadre en aluminium antirouille et d&#039;un tissu imperm\u00e9able et r\u00e9sistant \u00e0 la d\u00e9coloration pour se prot\u00e9ger de la pluie et du soleil. L&#039;\u00e9l\u00e9gante tonnelle est un excellent choix pour profiter de la vie \u00e0 temps.<\/p>","protected":false},"featured_media":732,"template":"","meta":{"_kad_post_transparent":"default","_kad_post_title":"","_kad_post_layout":"default","_kad_post_sidebar_id":"","_kad_post_content_style":"default","_kad_post_vertical_padding":"default","_kad_post_feature":"","_kad_post_feature_position":"","_kad_post_header":false,"_kad_post_footer":false,"_kad_post_classname":""},"product_brand":[],"product_cat":[30,29],"product_tag":[235,236,237,233,234],"class_list":{"0":"post-731","1":"product","2":"type-product","3":"status-publish","4":"has-post-thumbnail","6":"product_cat-aluminum-gazebo","7":"product_cat-metal-products","8":"product_tag-backyard-hardtop-gazebo","9":"product_tag-garden-hardtop-gazebo","10":"product_tag-lawn-hardtop-gazebo","11":"product_tag-outdoor-hardtop-gazebo","12":"product_tag-patios-hardtop-gazebo","14":"first","15":"instock","16":"featured","17":"shipping-taxable","18":"product-type-simple","19":"entry","20":"content-bg","21":"loop-entry"},"_links":{"self":[{"href":"https:\/\/sdmetalshed.com\/fr\/wp-json\/wp\/v2\/product\/731","targetHints":{"allow":["GET"]}}],"collection":[{"href":"https:\/\/sdmetalshed.com\/fr\/wp-json\/wp\/v2\/product"}],"about":[{"href":"https:\/\/sdmetalshed.com\/fr\/wp-json\/wp\/v2\/types\/product"}],"wp:featuredmedia":[{"embeddable":true,"href":"https:\/\/sdmetalshed.com\/fr\/wp-json\/wp\/v2\/media\/732"}],"wp:attachment":[{"href":"https:\/\/sdmetalshed.com\/fr\/wp-json\/wp\/v2\/media?parent=731"}],"wp:term":[{"taxonomy":"product_brand","embeddable":true,"href":"https:\/\/sdmetalshed.com\/fr\/wp-json\/wp\/v2\/product_brand?post=731"},{"taxonomy":"product_cat","embeddable":true,"href":"https:\/\/sdmetalshed.com\/fr\/wp-json\/wp\/v2\/product_cat?post=731"},{"taxonomy":"product_tag","embeddable":true,"href":"https:\/\/sdmetalshed.com\/fr\/wp-json\/wp\/v2\/product_tag?post=731"}],"curies":[{"name":"wp","href":"https:\/\/api.w.org\/{rel}","templated":true}]}}