{"id":738,"date":"2022-03-08T11:06:31","date_gmt":"2022-03-08T03:06:31","guid":{"rendered":"https:\/\/sdmetalshed.com\/?post_type=product&#038;p=738"},"modified":"2022-03-08T16:09:17","modified_gmt":"2022-03-08T08:09:17","slug":"terrasse-exterieure-double-niveau-en-aluminium-bbq-auvent-tonnelle-avec-2-etageres-separees-pour-le-service","status":"publish","type":"product","link":"https:\/\/sdmetalshed.com\/fr\/product\/outdoor-patio-double-tier-aluminium-bbq-canopy-gazebo-with-2-separate-shelves-for-serving\/","title":{"rendered":"Gazebo d&#039;auvent de barbecue en aluminium \u00e0 deux niveaux pour patio ext\u00e9rieur avec 2 \u00e9tag\u00e8res s\u00e9par\u00e9es pour le service"},"content":{"rendered":"","protected":false},"excerpt":{"rendered":"<p>Fatigu\u00e9 de faire un barbecue pendant un barbecue ? Ce pavillon de barbecue \u00e0 toit rigide vous gardera au frais pendant que vous faites des grillades. Le toit en polycarbonate de notre tonnelle pour barbecue est r\u00e9sistant aux UV et \u00e0 la pluie afin que vous puissiez faire un barbecue \u00e0 tout moment. De plus, nous avons veill\u00e9 \u00e0 inclure des \u00e9tag\u00e8res lat\u00e9rales et des crochets avec l&#039;auvent de terrasse, afin de faciliter le rangement des assiettes et des outils au m\u00eame endroit. De plus, avec un toit \u00e0 2 niveaux, toute la tente barbecue est bien ventil\u00e9e. Amusez-vous bien et cuisinez de d\u00e9licieux plats en toute tranquillit\u00e9 gr\u00e2ce \u00e0 notre auvent de terrasse pour barbecue.<\/p>","protected":false},"featured_media":739,"template":"","meta":{"_kad_post_transparent":"default","_kad_post_title":"","_kad_post_layout":"default","_kad_post_sidebar_id":"","_kad_post_content_style":"default","_kad_post_vertical_padding":"default","_kad_post_feature":"","_kad_post_feature_position":"","_kad_post_header":false,"_kad_post_footer":false,"_kad_post_classname":""},"product_brand":[],"product_cat":[30,29],"product_tag":[238,243,244,239,240,241,242],"class_list":{"0":"post-738","1":"product","2":"type-product","3":"status-publish","4":"has-post-thumbnail","6":"product_cat-aluminum-gazebo","7":"product_cat-metal-products","8":"product_tag-aluminium-bbq-canopy","9":"product_tag-double-tier-bbq-canopy","10":"product_tag-double-tier-bbq-gazebo","11":"product_tag-outdoor-bbq-canopy","12":"product_tag-outdoor-bbq-gazebo","13":"product_tag-patio-bbq-canopy","14":"product_tag-patio-bbq-gazebo","16":"first","17":"instock","18":"featured","19":"shipping-taxable","20":"product-type-simple","21":"entry","22":"content-bg","23":"loop-entry"},"_links":{"self":[{"href":"https:\/\/sdmetalshed.com\/fr\/wp-json\/wp\/v2\/product\/738","targetHints":{"allow":["GET"]}}],"collection":[{"href":"https:\/\/sdmetalshed.com\/fr\/wp-json\/wp\/v2\/product"}],"about":[{"href":"https:\/\/sdmetalshed.com\/fr\/wp-json\/wp\/v2\/types\/product"}],"wp:featuredmedia":[{"embeddable":true,"href":"https:\/\/sdmetalshed.com\/fr\/wp-json\/wp\/v2\/media\/739"}],"wp:attachment":[{"href":"https:\/\/sdmetalshed.com\/fr\/wp-json\/wp\/v2\/media?parent=738"}],"wp:term":[{"taxonomy":"product_brand","embeddable":true,"href":"https:\/\/sdmetalshed.com\/fr\/wp-json\/wp\/v2\/product_brand?post=738"},{"taxonomy":"product_cat","embeddable":true,"href":"https:\/\/sdmetalshed.com\/fr\/wp-json\/wp\/v2\/product_cat?post=738"},{"taxonomy":"product_tag","embeddable":true,"href":"https:\/\/sdmetalshed.com\/fr\/wp-json\/wp\/v2\/product_tag?post=738"}],"curies":[{"name":"wp","href":"https:\/\/api.w.org\/{rel}","templated":true}]}}