{"id":752,"date":"2022-03-08T13:46:25","date_gmt":"2022-03-08T05:46:25","guid":{"rendered":"https:\/\/sdmetalshed.com\/?post_type=product&#038;p=752"},"modified":"2022-03-08T16:09:03","modified_gmt":"2022-03-08T08:09:03","slug":"choutdoor-aluminium-patio-jardin-gazebo-avec-lumiere-solaire-led-magnetique-et-moustiquaire","status":"publish","type":"product","link":"https:\/\/sdmetalshed.com\/fr\/product\/outdoor-aluminum-patio-garden-gazebo-with-magnet-led-solar-light-and-mosquito-net\/","title":{"rendered":"Gazebo de jardin de patio ext\u00e9rieur en aluminium avec lumi\u00e8re solaire \u00e0 LED magn\u00e9tique et moustiquaire"},"content":{"rendered":"","protected":false},"excerpt":{"rendered":"<p>L&#039;\u00e9l\u00e9gante tente tonnelle \u00e0 auvent transformera votre cour en un point focal sophistiqu\u00e9 et fonctionnel avec une apparence \u00e9l\u00e9gante et un design attentionn\u00e9. La vie est faite pour \u00eatre appr\u00e9ci\u00e9e \u00e0 l\u2019ext\u00e9rieur.<\/p>","protected":false},"featured_media":753,"template":"","meta":{"_kad_post_transparent":"default","_kad_post_title":"","_kad_post_layout":"default","_kad_post_sidebar_id":"","_kad_post_content_style":"default","_kad_post_vertical_padding":"default","_kad_post_feature":"","_kad_post_feature_position":"","_kad_post_header":false,"_kad_post_footer":false,"_kad_post_classname":""},"product_brand":[],"product_cat":[30,29],"product_tag":[249],"class_list":{"0":"post-752","1":"product","2":"type-product","3":"status-publish","4":"has-post-thumbnail","6":"product_cat-aluminum-gazebo","7":"product_cat-metal-products","8":"product_tag-garden-gazebo-with-magnet-led-solar-light","10":"first","11":"instock","12":"featured","13":"shipping-taxable","14":"product-type-simple","15":"entry","16":"content-bg","17":"loop-entry"},"_links":{"self":[{"href":"https:\/\/sdmetalshed.com\/fr\/wp-json\/wp\/v2\/product\/752","targetHints":{"allow":["GET"]}}],"collection":[{"href":"https:\/\/sdmetalshed.com\/fr\/wp-json\/wp\/v2\/product"}],"about":[{"href":"https:\/\/sdmetalshed.com\/fr\/wp-json\/wp\/v2\/types\/product"}],"wp:featuredmedia":[{"embeddable":true,"href":"https:\/\/sdmetalshed.com\/fr\/wp-json\/wp\/v2\/media\/753"}],"wp:attachment":[{"href":"https:\/\/sdmetalshed.com\/fr\/wp-json\/wp\/v2\/media?parent=752"}],"wp:term":[{"taxonomy":"product_brand","embeddable":true,"href":"https:\/\/sdmetalshed.com\/fr\/wp-json\/wp\/v2\/product_brand?post=752"},{"taxonomy":"product_cat","embeddable":true,"href":"https:\/\/sdmetalshed.com\/fr\/wp-json\/wp\/v2\/product_cat?post=752"},{"taxonomy":"product_tag","embeddable":true,"href":"https:\/\/sdmetalshed.com\/fr\/wp-json\/wp\/v2\/product_tag?post=752"}],"curies":[{"name":"wp","href":"https:\/\/api.w.org\/{rel}","templated":true}]}}