{"id":759,"date":"2022-03-08T14:12:33","date_gmt":"2022-03-08T06:12:33","guid":{"rendered":"https:\/\/sdmetalshed.com\/?post_type=product&#038;p=759"},"modified":"2022-03-08T16:08:55","modified_gmt":"2022-03-08T08:08:55","slug":"honolulu-hawai-exterieur-patio-hardtop-aluminium-gazebo-pergola-avec-filet-et-rideaux","status":"publish","type":"product","link":"https:\/\/sdmetalshed.com\/fr\/product\/honolulu-hawaii-outdoor-patio-hardtop-aluminum-gazebo-pergola-with-netting-and-curtains\/","title":{"rendered":"Pergola de tonnelle en aluminium \u00e0 toit rigide pour patio ext\u00e9rieur Honolulu Hawaii avec filet et rideaux"},"content":{"rendered":"","protected":false},"excerpt":{"rendered":"<p>Fabriqu\u00e9 \u00e0 partir d&#039;un cadre robuste en aluminium enduit de poudre, ce pavillon pr\u00e9sente une structure stable pour une utilisation tout au long de l&#039;ann\u00e9e. Les quatre c\u00f4t\u00e9s du rideau vous prot\u00e8gent, vous et votre famille et vos amis, de la lumi\u00e8re directe du soleil, de la pluie, des mouches ou des moustiques, parfaits pour les \u00e9v\u00e9nements en plein air tels que les barbecues, les pique-niques de P\u00e2ques, les f\u00eates dans le jardin ou comme abris de plage, etc.<\/p>","protected":false},"featured_media":760,"template":"","meta":{"_kad_post_transparent":"default","_kad_post_title":"","_kad_post_layout":"default","_kad_post_sidebar_id":"","_kad_post_content_style":"default","_kad_post_vertical_padding":"default","_kad_post_feature":"","_kad_post_feature_position":"","_kad_post_header":false,"_kad_post_footer":false,"_kad_post_classname":""},"product_brand":[],"product_cat":[30,29],"product_tag":[250,251,253,252,254,255],"class_list":{"0":"post-759","1":"product","2":"type-product","3":"status-publish","4":"has-post-thumbnail","6":"product_cat-aluminum-gazebo","7":"product_cat-metal-products","8":"product_tag-hawaii-hardtop-aluminum-gazebo","9":"product_tag-hawaii-hardtop-aluminum-pergola","10":"product_tag-outdoor-aluminum-pergola","11":"product_tag-outdoor-patio-aluminum-gazebo","12":"product_tag-patio-hardtop-aluminum-gazebo","13":"product_tag-patio-hardtop-aluminum-pergola","15":"first","16":"instock","17":"featured","18":"shipping-taxable","19":"product-type-simple","20":"entry","21":"content-bg","22":"loop-entry"},"_links":{"self":[{"href":"https:\/\/sdmetalshed.com\/fr\/wp-json\/wp\/v2\/product\/759","targetHints":{"allow":["GET"]}}],"collection":[{"href":"https:\/\/sdmetalshed.com\/fr\/wp-json\/wp\/v2\/product"}],"about":[{"href":"https:\/\/sdmetalshed.com\/fr\/wp-json\/wp\/v2\/types\/product"}],"wp:featuredmedia":[{"embeddable":true,"href":"https:\/\/sdmetalshed.com\/fr\/wp-json\/wp\/v2\/media\/760"}],"wp:attachment":[{"href":"https:\/\/sdmetalshed.com\/fr\/wp-json\/wp\/v2\/media?parent=759"}],"wp:term":[{"taxonomy":"product_brand","embeddable":true,"href":"https:\/\/sdmetalshed.com\/fr\/wp-json\/wp\/v2\/product_brand?post=759"},{"taxonomy":"product_cat","embeddable":true,"href":"https:\/\/sdmetalshed.com\/fr\/wp-json\/wp\/v2\/product_cat?post=759"},{"taxonomy":"product_tag","embeddable":true,"href":"https:\/\/sdmetalshed.com\/fr\/wp-json\/wp\/v2\/product_tag?post=759"}],"curies":[{"name":"wp","href":"https:\/\/api.w.org\/{rel}","templated":true}]}}