{"id":766,"date":"2022-03-08T14:45:12","date_gmt":"2022-03-08T06:45:12","guid":{"rendered":"https:\/\/sdmetalshed.com\/?post_type=product&#038;p=766"},"modified":"2022-03-08T16:08:48","modified_gmt":"2022-03-08T08:08:48","slug":"auvent-de-jardin-double-toit-rigide-en-aluminium-avec-filet-et-rideaux","status":"publish","type":"product","link":"https:\/\/sdmetalshed.com\/fr\/product\/outdoor-double-roof-hardtop-gazebo-canopy-aluminum-pergolas-with-netting-and-curtains\/","title":{"rendered":"Pergolas en aluminium d&#039;auvent de belv\u00e9d\u00e8re \u00e0 toit rigide \u00e0 double toit ext\u00e9rieur avec filet et rideaux"},"content":{"rendered":"","protected":false},"excerpt":{"rendered":"<p>Lorsqu&#039;il s&#039;agit de garder un ensemble de si\u00e8ges au frais ou votre table ext\u00e9rieure \u00e0 l&#039;abri de la pluie, aucune pi\u00e8ce ne fait le m\u00eame travail qu&#039;un gazebo comme celui-ci. Fabriqu\u00e9e avec un cadre en aluminium thermolaqu\u00e9 et surmont\u00e9e d&#039;un toit en plastique, cette pi\u00e8ce est parfaite pour r\u00e9sister \u00e0 la pluie, aux intemp\u00e9ries et aux rayons UV. Et gr\u00e2ce au filet en maille inclus, vous pouvez facilement \u00e9loigner les insectes et les parasites pendant que vous profitez du plein air. Ce gazebo est con\u00e7u pour une utilisation toute l&#039;ann\u00e9e et doit \u00eatre ancr\u00e9 \u00e0 une fondation, une terrasse ou un patio pour \u00eatre utilis\u00e9.<\/p>","protected":false},"featured_media":767,"template":"","meta":{"_kad_post_transparent":"default","_kad_post_title":"","_kad_post_layout":"default","_kad_post_sidebar_id":"","_kad_post_content_style":"default","_kad_post_vertical_padding":"default","_kad_post_feature":"","_kad_post_feature_position":"","_kad_post_header":false,"_kad_post_footer":false,"_kad_post_classname":""},"product_brand":[],"product_cat":[30,29],"product_tag":[259,52,257,256,258,233],"class_list":{"0":"post-766","1":"product","2":"type-product","3":"status-publish","4":"has-post-thumbnail","6":"product_cat-aluminum-gazebo","7":"product_cat-metal-products","8":"product_tag-aluminum-double-roof-hardtop-gazebo","9":"product_tag-double-roof-hardtop-gazebo","10":"product_tag-outdoor-double-roof-hardtop-canopy","11":"product_tag-outdoor-double-roof-hardtop-gazebo","12":"product_tag-outdoor-double-roof-hardtop-pergolas","13":"product_tag-outdoor-hardtop-gazebo","15":"first","16":"instock","17":"featured","18":"shipping-taxable","19":"product-type-simple","20":"entry","21":"content-bg","22":"loop-entry"},"_links":{"self":[{"href":"https:\/\/sdmetalshed.com\/fr\/wp-json\/wp\/v2\/product\/766","targetHints":{"allow":["GET"]}}],"collection":[{"href":"https:\/\/sdmetalshed.com\/fr\/wp-json\/wp\/v2\/product"}],"about":[{"href":"https:\/\/sdmetalshed.com\/fr\/wp-json\/wp\/v2\/types\/product"}],"wp:featuredmedia":[{"embeddable":true,"href":"https:\/\/sdmetalshed.com\/fr\/wp-json\/wp\/v2\/media\/767"}],"wp:attachment":[{"href":"https:\/\/sdmetalshed.com\/fr\/wp-json\/wp\/v2\/media?parent=766"}],"wp:term":[{"taxonomy":"product_brand","embeddable":true,"href":"https:\/\/sdmetalshed.com\/fr\/wp-json\/wp\/v2\/product_brand?post=766"},{"taxonomy":"product_cat","embeddable":true,"href":"https:\/\/sdmetalshed.com\/fr\/wp-json\/wp\/v2\/product_cat?post=766"},{"taxonomy":"product_tag","embeddable":true,"href":"https:\/\/sdmetalshed.com\/fr\/wp-json\/wp\/v2\/product_tag?post=766"}],"curies":[{"name":"wp","href":"https:\/\/api.w.org\/{rel}","templated":true}]}}