{"id":773,"date":"2022-03-08T15:15:19","date_gmt":"2022-03-08T07:15:19","guid":{"rendered":"https:\/\/sdmetalshed.com\/?post_type=product&#038;p=773"},"modified":"2022-03-08T16:10:54","modified_gmt":"2022-03-08T08:10:54","slug":"hangar-de-stockage-horizontal-de-68-pieds-cubiques-hangar-de-stockage-de-poubelle-pour-poubelles","status":"publish","type":"product","link":"https:\/\/sdmetalshed.com\/fr\/product\/horizontal-storage-shed-68-cubic-feet-trash-bin-storage-shed-for-garbage-cans\/","title":{"rendered":"Hangar de stockage horizontal Hangar de stockage pour poubelles de 68 pieds cubes pour poubelles"},"content":{"rendered":"","protected":false},"excerpt":{"rendered":"<p>Cet abri de stockage abordable constitue un endroit id\u00e9al pour vos poubelles, vos objets d&#039;artisanat de jardinage, vos fournitures de piscine et d&#039;autres articles. Il peut \u00eatre plac\u00e9 n\u2019importe o\u00f9 dans la cour ou sur la terrasse o\u00f9 du stockage est n\u00e9cessaire. Fabriqu\u00e9 en CGCC et SGCC \u00e9pais, cet abri de stockage est r\u00e9sistant aux intemp\u00e9ries et \u00e9tanche. Outre sa construction solide avec quatre ancrages au sol, il est suffisamment durable et solide pour une utilisation en ext\u00e9rieur.<\/p>","protected":false},"featured_media":774,"template":"","meta":{"_kad_post_transparent":"default","_kad_post_title":"","_kad_post_layout":"default","_kad_post_sidebar_id":"","_kad_post_content_style":"default","_kad_post_vertical_padding":"default","_kad_post_feature":"","_kad_post_feature_position":"","_kad_post_header":false,"_kad_post_footer":false,"_kad_post_classname":""},"product_brand":[],"product_cat":[29,31,34],"product_tag":[262,140,261,260],"class_list":{"0":"post-773","1":"product","2":"type-product","3":"status-publish","4":"has-post-thumbnail","6":"product_cat-metal-products","7":"product_cat-storage-sheds","8":"product_cat-trash-bin-storage-sheds","9":"product_tag-garbage-cans-storage-shed","10":"product_tag-horizontal-trash-bin-storage-shed","11":"product_tag-storage-shed-for-garbage-cans","12":"product_tag-trash-bin-storage-shed","14":"first","15":"instock","16":"featured","17":"shipping-taxable","18":"product-type-simple","19":"entry","20":"content-bg","21":"loop-entry"},"_links":{"self":[{"href":"https:\/\/sdmetalshed.com\/fr\/wp-json\/wp\/v2\/product\/773","targetHints":{"allow":["GET"]}}],"collection":[{"href":"https:\/\/sdmetalshed.com\/fr\/wp-json\/wp\/v2\/product"}],"about":[{"href":"https:\/\/sdmetalshed.com\/fr\/wp-json\/wp\/v2\/types\/product"}],"wp:featuredmedia":[{"embeddable":true,"href":"https:\/\/sdmetalshed.com\/fr\/wp-json\/wp\/v2\/media\/774"}],"wp:attachment":[{"href":"https:\/\/sdmetalshed.com\/fr\/wp-json\/wp\/v2\/media?parent=773"}],"wp:term":[{"taxonomy":"product_brand","embeddable":true,"href":"https:\/\/sdmetalshed.com\/fr\/wp-json\/wp\/v2\/product_brand?post=773"},{"taxonomy":"product_cat","embeddable":true,"href":"https:\/\/sdmetalshed.com\/fr\/wp-json\/wp\/v2\/product_cat?post=773"},{"taxonomy":"product_tag","embeddable":true,"href":"https:\/\/sdmetalshed.com\/fr\/wp-json\/wp\/v2\/product_tag?post=773"}],"curies":[{"name":"wp","href":"https:\/\/api.w.org\/{rel}","templated":true}]}}