{"id":909,"date":"2022-08-01T16:54:30","date_gmt":"2022-08-01T08:54:30","guid":{"rendered":"https:\/\/sdmetalshed.com\/?post_type=product&#038;p=909"},"modified":"2022-08-08T10:47:52","modified_gmt":"2022-08-08T02:47:52","slug":"abri-de-jardin-arriere-en-acier-galvanise-etanche-durable-abri-de-stockage-abris-de-stockage-metal-exterieur-jardin","status":"publish","type":"product","link":"https:\/\/sdmetalshed.com\/fr\/product\/galvanized-steel-waterproof-durable-rear-garden-storage-shed-sheds-storage-outdoor-metal-garden\/","title":{"rendered":"Hangar de rangement de jardin arri\u00e8re en acier galvanis\u00e9, imperm\u00e9able et Durable, hangar de stockage pour jardin ext\u00e9rieur en m\u00e9tal"},"content":{"rendered":"","protected":false},"excerpt":{"rendered":"<p>Ajoutez facilement de l&#039;espace de stockage et de la valeur \u00e0 votre propri\u00e9t\u00e9 avec un abri de jardin ext\u00e9rieur. L\u2019abri de stockage d\u2019outils en m\u00e9tal pr\u00e9sente des avantages distincts par rapport aux mod\u00e8les traditionnels en bois, ce qui en fait un choix d\u2019achat beaucoup plus attrayant. Si vous cherchez un moyen d&#039;ajouter un espace de stockage indispensable \u00e0 votre propri\u00e9t\u00e9 mais que vous ne voulez pas vous soucier du co\u00fbt et de l&#039;entretien d&#039;un mod\u00e8le en bois traditionnel, cet abri de jardin Outsunny peut \u00eatre votre choix parfait.<\/p>","protected":false},"featured_media":910,"template":"","meta":{"_kad_post_transparent":"default","_kad_post_title":"","_kad_post_layout":"default","_kad_post_sidebar_id":"","_kad_post_content_style":"default","_kad_post_vertical_padding":"default","_kad_post_feature":"","_kad_post_feature_position":"","_kad_post_header":false,"_kad_post_footer":false,"_kad_post_classname":""},"product_brand":[],"product_cat":[33,29,31],"product_tag":[279,278,277,119],"class_list":{"0":"post-909","1":"product","2":"type-product","3":"status-publish","4":"has-post-thumbnail","6":"product_cat-metal-garden-storage-sheds","7":"product_cat-metal-products","8":"product_cat-storage-sheds","9":"product_tag-black-tool-storage-shed","10":"product_tag-hardtop-shed-backyard","11":"product_tag-metal-frame-garden-shed","12":"product_tag-outdoor-storage-shed","14":"first","15":"instock","16":"featured","17":"shipping-taxable","18":"product-type-simple","19":"entry","20":"content-bg","21":"loop-entry"},"_links":{"self":[{"href":"https:\/\/sdmetalshed.com\/fr\/wp-json\/wp\/v2\/product\/909","targetHints":{"allow":["GET"]}}],"collection":[{"href":"https:\/\/sdmetalshed.com\/fr\/wp-json\/wp\/v2\/product"}],"about":[{"href":"https:\/\/sdmetalshed.com\/fr\/wp-json\/wp\/v2\/types\/product"}],"wp:featuredmedia":[{"embeddable":true,"href":"https:\/\/sdmetalshed.com\/fr\/wp-json\/wp\/v2\/media\/910"}],"wp:attachment":[{"href":"https:\/\/sdmetalshed.com\/fr\/wp-json\/wp\/v2\/media?parent=909"}],"wp:term":[{"taxonomy":"product_brand","embeddable":true,"href":"https:\/\/sdmetalshed.com\/fr\/wp-json\/wp\/v2\/product_brand?post=909"},{"taxonomy":"product_cat","embeddable":true,"href":"https:\/\/sdmetalshed.com\/fr\/wp-json\/wp\/v2\/product_cat?post=909"},{"taxonomy":"product_tag","embeddable":true,"href":"https:\/\/sdmetalshed.com\/fr\/wp-json\/wp\/v2\/product_tag?post=909"}],"curies":[{"name":"wp","href":"https:\/\/api.w.org\/{rel}","templated":true}]}}