{"id":915,"date":"2022-08-01T17:12:38","date_gmt":"2022-08-01T09:12:38","guid":{"rendered":"https:\/\/sdmetalshed.com\/?post_type=product&#038;p=915"},"modified":"2022-08-01T17:16:34","modified_gmt":"2022-08-01T09:16:34","slug":"abri-a-outils-etanche-pour-lexterieur-abri-de-stockage-en-acier-galvanise-avec-event-et-porte-verrouillable","status":"publish","type":"product","link":"https:\/\/sdmetalshed.com\/fr\/product\/waterproof-tool-shed-for-outdoor-galvanized-steel-storage-shed-with-air-vent-and-lockable-door\/","title":{"rendered":"Hangar \u00e0 outils \u00e9tanche pour hangar de stockage ext\u00e9rieur en acier galvanis\u00e9 avec \u00e9vent et porte verrouillable"},"content":{"rendered":"","protected":false},"excerpt":{"rendered":"<p>Cet abri de rangement ext\u00e9rieur en m\u00e9tal avec porte verrouillable est fabriqu\u00e9 en acier robuste rev\u00eatu et galvanis\u00e9. Il est parfait pour la cour ext\u00e9rieure, le jardin, le patio, la maison \u00e0 outils r\u00e9sistante aux intemp\u00e9ries. Le mur int\u00e9rieur de grande taille et extra haut de 65 pouces augmente le stockage pour la tondeuse \u00e0 gazon, les poubelles, les v\u00e9los, les outils \u00e9lectriques, les tuyaux et autres articles. Le pignon hautement ventil\u00e9 augmente le d\u00e9bit d&#039;eau et les fuites lors de fortes pluies, le d\u00e9bit d&#039;air peut \u00eatre augment\u00e9 vers l&#039;int\u00e9rieur du hangar de stockage en m\u00e9tal.<\/p>","protected":false},"featured_media":916,"template":"","meta":{"_kad_post_transparent":"default","_kad_post_title":"","_kad_post_layout":"default","_kad_post_sidebar_id":"","_kad_post_content_style":"default","_kad_post_vertical_padding":"default","_kad_post_feature":"","_kad_post_feature_position":"","_kad_post_header":false,"_kad_post_footer":false,"_kad_post_classname":""},"product_brand":[],"product_cat":[33,29,31],"product_tag":[197,198,199,196],"class_list":{"0":"post-915","1":"product","2":"type-product","3":"status-publish","4":"has-post-thumbnail","6":"product_cat-metal-garden-storage-sheds","7":"product_cat-metal-products","8":"product_cat-storage-sheds","9":"product_tag-backyard-storage-metal-shed","10":"product_tag-garden-outdoor-storage-metal-shed","11":"product_tag-metal-shed-with-lockable-door","12":"product_tag-outdoor-storage-metal-shed","14":"first","15":"instock","16":"shipping-taxable","17":"product-type-simple","18":"entry","19":"content-bg","20":"loop-entry"},"_links":{"self":[{"href":"https:\/\/sdmetalshed.com\/fr\/wp-json\/wp\/v2\/product\/915","targetHints":{"allow":["GET"]}}],"collection":[{"href":"https:\/\/sdmetalshed.com\/fr\/wp-json\/wp\/v2\/product"}],"about":[{"href":"https:\/\/sdmetalshed.com\/fr\/wp-json\/wp\/v2\/types\/product"}],"wp:featuredmedia":[{"embeddable":true,"href":"https:\/\/sdmetalshed.com\/fr\/wp-json\/wp\/v2\/media\/916"}],"wp:attachment":[{"href":"https:\/\/sdmetalshed.com\/fr\/wp-json\/wp\/v2\/media?parent=915"}],"wp:term":[{"taxonomy":"product_brand","embeddable":true,"href":"https:\/\/sdmetalshed.com\/fr\/wp-json\/wp\/v2\/product_brand?post=915"},{"taxonomy":"product_cat","embeddable":true,"href":"https:\/\/sdmetalshed.com\/fr\/wp-json\/wp\/v2\/product_cat?post=915"},{"taxonomy":"product_tag","embeddable":true,"href":"https:\/\/sdmetalshed.com\/fr\/wp-json\/wp\/v2\/product_tag?post=915"}],"curies":[{"name":"wp","href":"https:\/\/api.w.org\/{rel}","templated":true}]}}