{"id":959,"date":"2022-08-05T16:19:24","date_gmt":"2022-08-05T08:19:24","guid":{"rendered":"https:\/\/sdmetalshed.com\/?post_type=product&#038;p=959"},"modified":"2022-08-29T11:19:37","modified_gmt":"2022-08-29T03:19:37","slug":"cour-arriere-21-x-19-double-garage-metallique-remise-avec-porte-dentree-laterale-400-pieds-carres-8-hauteur-du-chenal-27-ga-panneaux-ondules-avec-portes-a-volets","status":"publish","type":"product","link":"https:\/\/sdmetalshed.com\/fr\/product\/backyard-21-x-19-double-garage-metal-shed-with-side-entry-door-400-sq-ft-8-eave-height-27-ga-corrugated-panelswith-shutter-doors\/","title":{"rendered":"Remise de garage double en m\u00e9tal de 21&#039; x 19&#039; avec porte d&#039;entr\u00e9e lat\u00e9rale, 400 pieds carr\u00e9s, hauteur d&#039;avant-toit de 8&#039;, panneaux ondul\u00e9s de calibre 27, avec portes \u00e0 volets"},"content":{"rendered":"","protected":false},"excerpt":{"rendered":"<p>Our company have a range of garages suits for all domestic storage. Our three most popular garages come with roof insulation while the silver and gold garages also have wall insulation. The entry level bronze garage is most more suitable for garden tools, lawnmowers and bikes. The silver range is suitable for a home gym, playroom or utility room. The Gold range is suitable for car storage and any other domestic storage need.<\/p>","protected":false},"featured_media":941,"template":"","meta":{"_kad_post_transparent":"default","_kad_post_title":"","_kad_post_layout":"default","_kad_post_sidebar_id":"","_kad_post_content_style":"default","_kad_post_vertical_padding":"default","_kad_post_feature":"","_kad_post_feature_position":"","_kad_post_header":false,"_kad_post_footer":false,"_kad_post_classname":""},"product_brand":[],"product_cat":[281],"product_tag":[291,295,292,294,293],"class_list":{"0":"post-959","1":"product","2":"type-product","3":"status-publish","4":"has-post-thumbnail","6":"product_cat-metal-garages","7":"product_tag-aluminum-carport-roof","8":"product_tag-double-garage-door-conversion","9":"product_tag-easy-assemble-garden-shed","10":"product_tag-garage-storage-brackets","11":"product_tag-metal-carport-with-storage-shed","13":"first","14":"instock","15":"shipping-taxable","16":"product-type-simple","17":"entry","18":"content-bg","19":"loop-entry"},"_links":{"self":[{"href":"https:\/\/sdmetalshed.com\/fr\/wp-json\/wp\/v2\/product\/959","targetHints":{"allow":["GET"]}}],"collection":[{"href":"https:\/\/sdmetalshed.com\/fr\/wp-json\/wp\/v2\/product"}],"about":[{"href":"https:\/\/sdmetalshed.com\/fr\/wp-json\/wp\/v2\/types\/product"}],"wp:featuredmedia":[{"embeddable":true,"href":"https:\/\/sdmetalshed.com\/fr\/wp-json\/wp\/v2\/media\/941"}],"wp:attachment":[{"href":"https:\/\/sdmetalshed.com\/fr\/wp-json\/wp\/v2\/media?parent=959"}],"wp:term":[{"taxonomy":"product_brand","embeddable":true,"href":"https:\/\/sdmetalshed.com\/fr\/wp-json\/wp\/v2\/product_brand?post=959"},{"taxonomy":"product_cat","embeddable":true,"href":"https:\/\/sdmetalshed.com\/fr\/wp-json\/wp\/v2\/product_cat?post=959"},{"taxonomy":"product_tag","embeddable":true,"href":"https:\/\/sdmetalshed.com\/fr\/wp-json\/wp\/v2\/product_tag?post=959"}],"curies":[{"name":"wp","href":"https:\/\/api.w.org\/{rel}","templated":true}]}}