{"id":1349,"date":"2023-11-27T14:00:05","date_gmt":"2023-11-27T06:00:05","guid":{"rendered":"https:\/\/sdmetalshed.com\/?post_type=product&#038;p=1349"},"modified":"2023-11-29T14:59:40","modified_gmt":"2023-11-29T06:59:40","slug":"capannone-e-fienile-in-metallo-20x30-con-saracinesca","status":"publish","type":"product","link":"https:\/\/sdmetalshed.com\/it\/product\/20x30-metal-storage-building-shed-and-barn-with-rolling-door\/","title":{"rendered":"Capannone e fienile per stoccaggio in metallo 20\u00d730 con porta scorrevole"},"content":{"rendered":"","protected":false},"excerpt":{"rendered":"<p>Our company have a range of metal storage garage shed suits for all domestic storage. Our three most popular garages come with roof insulation while the silver and gold garages<br \/>\nhanno anche l&#039;isolamento delle pareti. Il garage in bronzo entry level \u00e8 pi\u00f9 adatto per attrezzi da giardino, tosaerba e biciclette. La gamma argento \u00e8 adatta per una casa<br \/>\npalestra, sala giochi o ripostiglio. La gamma Gold \u00e8 adatta al rimessaggio dell&#039;auto e a qualsiasi altra esigenza di stoccaggio domestico.<\/p>","protected":false},"featured_media":1350,"template":"","meta":{"_kad_post_transparent":"default","_kad_post_title":"","_kad_post_layout":"default","_kad_post_sidebar_id":"","_kad_post_content_style":"default","_kad_post_vertical_padding":"default","_kad_post_feature":"","_kad_post_feature_position":"","_kad_post_header":false,"_kad_post_footer":false,"_kad_post_classname":""},"product_brand":[],"product_cat":[281,29,31],"product_tag":[377,292,376,375,378],"class_list":{"0":"post-1349","1":"product","2":"type-product","3":"status-publish","4":"has-post-thumbnail","6":"product_cat-metal-garages","7":"product_cat-metal-products","8":"product_cat-storage-sheds","9":"product_tag-big-size-storage-shed","10":"product_tag-easy-assemble-garden-shed","11":"product_tag-metal-building-barn","12":"product_tag-metal-building-shed","13":"product_tag-metal-storage-building-shed-and-barn-with-rolling-door","15":"first","16":"instock","17":"featured","18":"shipping-taxable","19":"product-type-simple","20":"entry","21":"content-bg","22":"loop-entry"},"_links":{"self":[{"href":"https:\/\/sdmetalshed.com\/it\/wp-json\/wp\/v2\/product\/1349","targetHints":{"allow":["GET"]}}],"collection":[{"href":"https:\/\/sdmetalshed.com\/it\/wp-json\/wp\/v2\/product"}],"about":[{"href":"https:\/\/sdmetalshed.com\/it\/wp-json\/wp\/v2\/types\/product"}],"wp:featuredmedia":[{"embeddable":true,"href":"https:\/\/sdmetalshed.com\/it\/wp-json\/wp\/v2\/media\/1350"}],"wp:attachment":[{"href":"https:\/\/sdmetalshed.com\/it\/wp-json\/wp\/v2\/media?parent=1349"}],"wp:term":[{"taxonomy":"product_brand","embeddable":true,"href":"https:\/\/sdmetalshed.com\/it\/wp-json\/wp\/v2\/product_brand?post=1349"},{"taxonomy":"product_cat","embeddable":true,"href":"https:\/\/sdmetalshed.com\/it\/wp-json\/wp\/v2\/product_cat?post=1349"},{"taxonomy":"product_tag","embeddable":true,"href":"https:\/\/sdmetalshed.com\/it\/wp-json\/wp\/v2\/product_tag?post=1349"}],"curies":[{"name":"wp","href":"https:\/\/api.w.org\/{rel}","templated":true}]}}