{"id":519,"date":"2022-02-28T10:59:21","date_gmt":"2022-02-28T02:59:21","guid":{"rendered":"https:\/\/sdmetalshed.com\/?post_type=product&#038;p=519"},"modified":"2022-02-28T10:59:21","modified_gmt":"2022-02-28T02:59:21","slug":"ripostiglio-da-esterno-a-rapida-assemblaggio-con-gabbia-bassa-e-servizi-personalizzati-gratuiti","status":"publish","type":"product","link":"https:\/\/sdmetalshed.com\/it\/product\/quick-assembly-low-gable-lifetime-outdoor-storage-shed-with-free-custom-services\/","title":{"rendered":"Capannone per esterni a vita con timpano basso a montaggio rapido con servizi personalizzati gratuiti"},"content":{"rendered":"","protected":false},"excerpt":{"rendered":"<p>Il capannone di stoccaggio a montaggio rapido \u00e8 un capannone in acciaio zincato, durevole e fatto per durare. \u00c8 dotato del rivoluzionario sistema di assemblaggio rapido Snap-IT che riduce i tempi di assemblaggio del 50% rispetto alla maggior parte dei capannoni in acciaio oggi sul mercato. Il capannone di stoccaggio a montaggio rapido ha un numero ridotto di elementi di fissaggio su pareti, tetto e porte e non ci sono pi\u00f9 difficili collegamenti con dadi\/bulloni, quindi il montaggio \u00e8 pi\u00f9 rapido e semplice. Il capannone per lo stoccaggio a montaggio rapido presenta un design 2 volte pi\u00f9 resistente rispetto ai principali capanni in acciaio sul mercato. La sua geometria unica del pannello \u00e8 pi\u00f9 resistente agli urti e, con i suoi pannelli Snap-IT sovrapposti che si collegano ogni 12 pollici, vanta un design complessivo dell&#039;edificio pi\u00f9 forte. Il capannone di stoccaggio a montaggio rapido presenta anche un montaggio del tetto migliorato che consente il montaggio a terra del tetto per un fissaggio pi\u00f9 semplice e veloce. Il capannone per lo stoccaggio a montaggio rapido non \u00e8 solo un capannone pi\u00f9 robusto con un montaggio pi\u00f9 veloce, ma \u00e8 anche una versione pi\u00f9 moderna e attraente dei capanni per lo stoccaggio all&#039;aperto. Il capannone di stoccaggio a montaggio rapido \u00e8 disponibile in una palette di colori aggiornata che lo rende una soluzione di stoccaggio moderna ed elegante per aree di cortile, patio e giardino. Il capannone per lo stoccaggio a montaggio rapido non solo ha un aspetto migliore; offre anche uno spazio di archiviazione migliore.<\/p>","protected":false},"featured_media":520,"template":"","meta":{"_kad_post_transparent":"default","_kad_post_title":"","_kad_post_layout":"default","_kad_post_sidebar_id":"","_kad_post_content_style":"default","_kad_post_vertical_padding":"default","_kad_post_feature":"","_kad_post_feature_position":"","_kad_post_header":false,"_kad_post_footer":false,"_kad_post_classname":""},"product_brand":[],"product_cat":[33,29,31],"product_tag":[122,121,119,120],"class_list":{"0":"post-519","1":"product","2":"type-product","3":"status-publish","4":"has-post-thumbnail","6":"product_cat-metal-garden-storage-sheds","7":"product_cat-metal-products","8":"product_cat-storage-sheds","9":"product_tag-lifetime-outdoor-storage-shed","10":"product_tag-low-gable-storage-shed","11":"product_tag-outdoor-storage-shed","12":"product_tag-quick-assembly-storage-shed","14":"first","15":"instock","16":"shipping-taxable","17":"product-type-simple","18":"entry","19":"content-bg","20":"loop-entry"},"_links":{"self":[{"href":"https:\/\/sdmetalshed.com\/it\/wp-json\/wp\/v2\/product\/519","targetHints":{"allow":["GET"]}}],"collection":[{"href":"https:\/\/sdmetalshed.com\/it\/wp-json\/wp\/v2\/product"}],"about":[{"href":"https:\/\/sdmetalshed.com\/it\/wp-json\/wp\/v2\/types\/product"}],"wp:featuredmedia":[{"embeddable":true,"href":"https:\/\/sdmetalshed.com\/it\/wp-json\/wp\/v2\/media\/520"}],"wp:attachment":[{"href":"https:\/\/sdmetalshed.com\/it\/wp-json\/wp\/v2\/media?parent=519"}],"wp:term":[{"taxonomy":"product_brand","embeddable":true,"href":"https:\/\/sdmetalshed.com\/it\/wp-json\/wp\/v2\/product_brand?post=519"},{"taxonomy":"product_cat","embeddable":true,"href":"https:\/\/sdmetalshed.com\/it\/wp-json\/wp\/v2\/product_cat?post=519"},{"taxonomy":"product_tag","embeddable":true,"href":"https:\/\/sdmetalshed.com\/it\/wp-json\/wp\/v2\/product_tag?post=519"}],"curies":[{"name":"wp","href":"https:\/\/api.w.org\/{rel}","templated":true}]}}