{"id":560,"date":"2022-02-28T19:44:07","date_gmt":"2022-02-28T11:44:07","guid":{"rendered":"https:\/\/sdmetalshed.com\/?post_type=product&#038;p=560"},"modified":"2022-03-08T16:12:03","modified_gmt":"2022-03-08T08:12:03","slug":"personalizzato-ripiano-in-metallo-contenitore-per-attrezzi-per-il-cortile-e-il-giardino-con-tetto-in-pendenza-e-ventilazione","status":"publish","type":"product","link":"https:\/\/sdmetalshed.com\/it\/product\/custom-metal-shed-tool-storage-for-backyard-and-garden-with-sloped-roof-and-air-ventilation\/","title":{"rendered":"Capannone in metallo personalizzato per deposito attrezzi per cortile e giardino con tetto spiovente e ventilazione dell&#039;aria"},"content":{"rendered":"","protected":false},"excerpt":{"rendered":"<p>Questo capanno in metallo soleggiato \u00e8 la soluzione ideale da avere nel tuo giardino, un ottimo posto dove riporre attrezzi, attrezzature da giardino o qualsiasi oggetto che desideri tenere all&#039;aperto ma lontano dagli elementi. Realizzato in resistente acciaio zincato con 4 prese d&#039;aria e doppia porta scorrevole per il flusso d&#039;aria, pu\u00f2 essere utilizzato per un lungo periodo di tempo. L&#039;intera struttura \u00e8 dipinta per fondersi con l&#039;ambiente circostante. Pu\u00f2 essere utilizzato come soluzione ripostiglio o come capannone da lavoro.<\/p>","protected":false},"featured_media":561,"template":"","meta":{"_kad_post_transparent":"default","_kad_post_title":"","_kad_post_layout":"default","_kad_post_sidebar_id":"","_kad_post_content_style":"default","_kad_post_vertical_padding":"default","_kad_post_feature":"","_kad_post_feature_position":"","_kad_post_header":false,"_kad_post_footer":false,"_kad_post_classname":""},"product_brand":[],"product_cat":[33,29,31],"product_tag":[130,129,99,143,142],"class_list":{"0":"post-560","1":"product","2":"type-product","3":"status-publish","4":"has-post-thumbnail","6":"product_cat-metal-garden-storage-sheds","7":"product_cat-metal-products","8":"product_cat-storage-sheds","9":"product_tag-backyard-metal-storage-shed","10":"product_tag-garden-metal-storage-shed","11":"product_tag-metal-tool-storage-shed","12":"product_tag-metal-tool-storage-shed-with-air-ventilation","13":"product_tag-metal-tool-storage-shed-with-sloped-roof","15":"first","16":"instock","17":"featured","18":"shipping-taxable","19":"product-type-simple","20":"entry","21":"content-bg","22":"loop-entry"},"_links":{"self":[{"href":"https:\/\/sdmetalshed.com\/it\/wp-json\/wp\/v2\/product\/560","targetHints":{"allow":["GET"]}}],"collection":[{"href":"https:\/\/sdmetalshed.com\/it\/wp-json\/wp\/v2\/product"}],"about":[{"href":"https:\/\/sdmetalshed.com\/it\/wp-json\/wp\/v2\/types\/product"}],"wp:featuredmedia":[{"embeddable":true,"href":"https:\/\/sdmetalshed.com\/it\/wp-json\/wp\/v2\/media\/561"}],"wp:attachment":[{"href":"https:\/\/sdmetalshed.com\/it\/wp-json\/wp\/v2\/media?parent=560"}],"wp:term":[{"taxonomy":"product_brand","embeddable":true,"href":"https:\/\/sdmetalshed.com\/it\/wp-json\/wp\/v2\/product_brand?post=560"},{"taxonomy":"product_cat","embeddable":true,"href":"https:\/\/sdmetalshed.com\/it\/wp-json\/wp\/v2\/product_cat?post=560"},{"taxonomy":"product_tag","embeddable":true,"href":"https:\/\/sdmetalshed.com\/it\/wp-json\/wp\/v2\/product_tag?post=560"}],"curies":[{"name":"wp","href":"https:\/\/api.w.org\/{rel}","templated":true}]}}