{"id":565,"date":"2022-02-28T22:39:23","date_gmt":"2022-02-28T14:39:23","guid":{"rendered":"https:\/\/sdmetalshed.com\/?post_type=product&#038;p=565"},"modified":"2022-02-28T22:39:24","modified_gmt":"2022-02-28T14:39:24","slug":"durata-alta-capanna-in-acciaio-per-lesterno-con-magazzino-con-ventole-incorporate","status":"publish","type":"product","link":"https:\/\/sdmetalshed.com\/it\/product\/lifetime-high-gable-steel-outdoor-storage-shed-with-built-in-air-vents\/","title":{"rendered":"Capannone per esterni in acciaio con timpano alto a vita con prese d&#039;aria integrate 8 piedi WH x 7 piedi H x 7 piedi."},"content":{"rendered":"","protected":false},"excerpt":{"rendered":"<p>Ti presentiamo il capannone per lo stoccaggio all&#039;aperto con prese d&#039;aria integrate dalla fabbrica cinese: un capannone che si costruisce nella met\u00e0 del tempo. Il capannone da esterno con prese d&#039;aria integrate \u00e8 un capanno in acciaio zincato resistente e fatto per durare. \u00c8 dotato del rivoluzionario sistema di assemblaggio rapido Snap-IT che riduce i tempi di assemblaggio del 50% rispetto alla maggior parte dei capannoni in acciaio oggi sul mercato. Il capannone da esterno con prese d&#039;aria integrate ha un numero ridotto di elementi di fissaggio su pareti, tetto e porte e non ci sono pi\u00f9 difficili collegamenti con dadi\/bulloni, quindi il montaggio \u00e8 pi\u00f9 semplice e veloce. Il capannone per esterni con prese d&#039;aria integrate presenta un design 2 volte pi\u00f9 resistente rispetto ai principali capanni in acciaio sul mercato. La sua geometria unica del pannello \u00e8 pi\u00f9 resistente agli urti e, con i suoi pannelli sovrapposti che si collegano ogni 12 pollici, vanta un design complessivo dell&#039;edificio pi\u00f9 forte. Il capannone per stoccaggio esterno con prese d&#039;aria integrate presenta anche un montaggio del tetto migliorato che consente il montaggio a terra del tetto per un fissaggio pi\u00f9 semplice e veloce. Il capannone per lo stoccaggio all&#039;aperto con prese d&#039;aria integrate non \u00e8 solo un capannone pi\u00f9 robusto con un montaggio pi\u00f9 veloce, ma \u00e8 anche una versione pi\u00f9 moderna e attraente dei capanni per lo stoccaggio all&#039;aperto. Il capannone per esterni con prese d&#039;aria integrate \u00e8 disponibile in una palette di colori aggiornata che lo rende una soluzione di stoccaggio moderna ed elegante per aree di cortile, patio e giardino. Il capannone da esterno con prese d&#039;aria integrate non solo ha un aspetto migliore; offre anche uno spazio di archiviazione migliore.<\/p>","protected":false},"featured_media":566,"template":"","meta":{"_kad_post_transparent":"default","_kad_post_title":"","_kad_post_layout":"default","_kad_post_sidebar_id":"","_kad_post_content_style":"default","_kad_post_vertical_padding":"default","_kad_post_feature":"","_kad_post_feature_position":"","_kad_post_header":false,"_kad_post_footer":false,"_kad_post_classname":""},"product_brand":[],"product_cat":[33,29,31],"product_tag":[146,144,122,147,149,148,145],"class_list":{"0":"post-565","1":"product","2":"type-product","3":"status-publish","4":"has-post-thumbnail","6":"product_cat-metal-garden-storage-sheds","7":"product_cat-metal-products","8":"product_cat-storage-sheds","9":"product_tag-galvanized-steel-high-gable-shed","10":"product_tag-high-gable-steel-storage-shed","11":"product_tag-lifetime-outdoor-storage-shed","12":"product_tag-lifetime-storage-shed","13":"product_tag-outdoor-storage-shed-with-air-vents","14":"product_tag-outdoor-storage-shed-with-built-in-air-vents","15":"product_tag-storage-shed-with-high-gable","17":"first","18":"instock","19":"shipping-taxable","20":"product-type-simple","21":"entry","22":"content-bg","23":"loop-entry"},"_links":{"self":[{"href":"https:\/\/sdmetalshed.com\/it\/wp-json\/wp\/v2\/product\/565","targetHints":{"allow":["GET"]}}],"collection":[{"href":"https:\/\/sdmetalshed.com\/it\/wp-json\/wp\/v2\/product"}],"about":[{"href":"https:\/\/sdmetalshed.com\/it\/wp-json\/wp\/v2\/types\/product"}],"wp:featuredmedia":[{"embeddable":true,"href":"https:\/\/sdmetalshed.com\/it\/wp-json\/wp\/v2\/media\/566"}],"wp:attachment":[{"href":"https:\/\/sdmetalshed.com\/it\/wp-json\/wp\/v2\/media?parent=565"}],"wp:term":[{"taxonomy":"product_brand","embeddable":true,"href":"https:\/\/sdmetalshed.com\/it\/wp-json\/wp\/v2\/product_brand?post=565"},{"taxonomy":"product_cat","embeddable":true,"href":"https:\/\/sdmetalshed.com\/it\/wp-json\/wp\/v2\/product_cat?post=565"},{"taxonomy":"product_tag","embeddable":true,"href":"https:\/\/sdmetalshed.com\/it\/wp-json\/wp\/v2\/product_tag?post=565"}],"curies":[{"name":"wp","href":"https:\/\/api.w.org\/{rel}","templated":true}]}}