{"id":586,"date":"2022-03-01T12:23:46","date_gmt":"2022-03-01T04:23:46","guid":{"rendered":"https:\/\/sdmetalshed.com\/?post_type=product&#038;p=586"},"modified":"2022-03-01T12:23:46","modified_gmt":"2022-03-01T04:23:46","slug":"kit-ibrido-in-metallo-per-ripostiglio-ironwood-per-giardino-e-magazzino-attrezzi-nel-cortile","status":"publish","type":"product","link":"https:\/\/sdmetalshed.com\/it\/product\/ironwood-metal-hybrid-shed-kit-for-garden-backyard-tool-storage\/","title":{"rendered":"Kit capannone ibrido in metallo Ironwood per riporre gli attrezzi da giardino in 10 piedi x 8 piedi."},"content":{"rendered":"","protected":false},"excerpt":{"rendered":"<p>Con il kit capannone Ironwood, otterrai quasi tutto ci\u00f2 di cui hai bisogno per costruire il tuo capannone secondo le tue specifiche. Otterrai l&#039;aspetto fantastico di una casetta in legno a un prezzo pi\u00f9 conveniente con questa casetta ibrida con pannelli in acciaio e legno. Questo kit include tutti i componenti in acciaio di cui avrai bisogno per costruire un capannone tutto tuo, tutto ci\u00f2 di cui avrai bisogno \u00e8 acquistare i pannelli in legno che meglio si adattano alle tue esigenze (pannelli in legno venduti separatamente). Quindi, colora e tratta il legno e scegli il design della tua casetta (verticale o orizzontale). Il tuo kit per il capannone \u00e8 dotato di parti interamente in acciaio dove ne hai pi\u00f9 bisogno nel tuo capannone. \u00c8 dotato di travi di supporto in acciaio zincato per una maggiore resistenza alla corrosione e robustezza. Il capannone a timpano alto offre un&#039;ampia altezza di stoccaggio che consente di riporre oggetti sfusi e consente un facile accesso. Le porte scorrevoli con serratura mantengono i tuoi oggetti al sicuro. Ottieni oggi stesso un fantastico kit per capannone conveniente.<\/p>","protected":false},"featured_media":587,"template":"","meta":{"_kad_post_transparent":"default","_kad_post_title":"","_kad_post_layout":"default","_kad_post_sidebar_id":"","_kad_post_content_style":"default","_kad_post_vertical_padding":"default","_kad_post_feature":"","_kad_post_feature_position":"","_kad_post_header":false,"_kad_post_footer":false,"_kad_post_classname":""},"product_brand":[],"product_cat":[33,29,31],"product_tag":[160,159,158],"class_list":{"0":"post-586","1":"product","2":"type-product","3":"status-publish","4":"has-post-thumbnail","6":"product_cat-metal-garden-storage-sheds","7":"product_cat-metal-products","8":"product_cat-storage-sheds","9":"product_tag-backyard-tool-storage-shed-kit","10":"product_tag-garden-tool-storage-shed-kit","11":"product_tag-ironwood-metal-hybrid-shed-kit","13":"first","14":"instock","15":"shipping-taxable","16":"product-type-simple","17":"entry","18":"content-bg","19":"loop-entry"},"_links":{"self":[{"href":"https:\/\/sdmetalshed.com\/it\/wp-json\/wp\/v2\/product\/586","targetHints":{"allow":["GET"]}}],"collection":[{"href":"https:\/\/sdmetalshed.com\/it\/wp-json\/wp\/v2\/product"}],"about":[{"href":"https:\/\/sdmetalshed.com\/it\/wp-json\/wp\/v2\/types\/product"}],"wp:featuredmedia":[{"embeddable":true,"href":"https:\/\/sdmetalshed.com\/it\/wp-json\/wp\/v2\/media\/587"}],"wp:attachment":[{"href":"https:\/\/sdmetalshed.com\/it\/wp-json\/wp\/v2\/media?parent=586"}],"wp:term":[{"taxonomy":"product_brand","embeddable":true,"href":"https:\/\/sdmetalshed.com\/it\/wp-json\/wp\/v2\/product_brand?post=586"},{"taxonomy":"product_cat","embeddable":true,"href":"https:\/\/sdmetalshed.com\/it\/wp-json\/wp\/v2\/product_cat?post=586"},{"taxonomy":"product_tag","embeddable":true,"href":"https:\/\/sdmetalshed.com\/it\/wp-json\/wp\/v2\/product_tag?post=586"}],"curies":[{"name":"wp","href":"https:\/\/api.w.org\/{rel}","templated":true}]}}